{"id":951,"date":"2024-08-13T08:20:21","date_gmt":"2024-08-13T08:20:21","guid":{"rendered":"https:\/\/www.ironwavecapital.com\/?page_id=951"},"modified":"2024-09-20T12:15:06","modified_gmt":"2024-09-20T12:15:06","slug":"share-and-stock","status":"publish","type":"page","link":"https:\/\/www.ironwave-capital.com\/pt-pt\/share-and-stock\/","title":{"rendered":"Share and Stock"},"content":{"rendered":"<section class=\"py-5 content-iron\">\n<div class=\"container\">\n<p class=\"gray-text\"><strong><font style=\"vertical-align: inherit;\"><font style=\"vertical-align: inherit;\">Compartilhe e estoque<\/font><\/font><\/strong><\/p>\n<p class=\"gray-text\"><font style=\"vertical-align: inherit;\"><font style=\"vertical-align: inherit;\">Uma &#8216;a\u00e7\u00e3o&#8217; refere-se a uma a\u00e7\u00e3o de uma empresa que um membro do p\u00fablico pode comprar. Ao adquirir uma a\u00e7\u00e3o, esse indiv\u00edduo torna-se, num sentido limitado, um co-propriet\u00e1rio da empresa. Uma empresa que permite ao p\u00fablico comprar a\u00e7\u00f5es \u00e9 conhecida como \u201cempresa de capital aberto\u201d.<\/font><\/font><\/p>\n<p class=\"gray-text\"><font style=\"vertical-align: inherit;\"><font style=\"vertical-align: inherit;\">Surge a quest\u00e3o de por que os propriet\u00e1rios originais que fundaram e estabeleceram a empresa doariam uma parte de sua empresa a pessoas que provavelmente nunca conhecer\u00e3o ou conhecer\u00e3o. A resposta \u00e9 o crescimento do capital. Ao vender uma parte limitada da empresa, os propriet\u00e1rios recebem uma inje\u00e7\u00e3o de dinheiro que lhes permite expandir ainda mais a empresa. Enquanto isso, eles n\u00e3o perdem a propriedade ou o controle sobre a dire\u00e7\u00e3o geral que a empresa toma.<\/font><\/font><\/p>\n<p class=\"gray-text\"><font style=\"vertical-align: inherit;\"><font style=\"vertical-align: inherit;\">Por outro lado, um indiv\u00edduo que adquire uma a\u00e7\u00e3o de uma empresa, em ess\u00eancia, atrela o seu investimento \u00e0 fortuna da empresa. Um aumento no valor das a\u00e7\u00f5es, auxiliado em parte pela compra de a\u00e7\u00f5es da empresa, gera lucro. Esse lucro \u00e9 proporcional ao aumento percentual do valor da a\u00e7\u00e3o a partir do dia da compra.<\/font><\/font><\/p>\n<p class=\"gray-text\"><font style=\"vertical-align: inherit;\"><font style=\"vertical-align: inherit;\">As empresas tamb\u00e9m recompensam os acionistas com dividendos, que representam uma parcela dos lucros operacionais da empresa. Esses dividendos s\u00e3o pagos periodicamente aos acionistas na propor\u00e7\u00e3o da quantidade de a\u00e7\u00f5es que possuem.<\/font><\/font><\/p>\n<p class=\"gray-text\"><font style=\"vertical-align: inherit;\"><font style=\"vertical-align: inherit;\">A negocia\u00e7\u00e3o de a\u00e7\u00f5es tem sido um dos investimentos mais seguros que voc\u00ea pode fazer no \u00e2mbito privado. Uma carteira diversificada de a\u00e7\u00f5es \u00e9 uma forma confi\u00e1vel de aumentar seu pr\u00f3prio capital, tanto no longo quanto no curto prazo.<\/font><\/font><\/p>\n<p class=\"gray-text\"><font style=\"vertical-align: inherit;\"><font style=\"vertical-align: inherit;\">Uma grande parte da popularidade da negocia\u00e7\u00e3o de a\u00e7\u00f5es \u00e9 que qualquer pessoa pode aprender como negociar a\u00e7\u00f5es sem qualquer educa\u00e7\u00e3o ou treinamento extensivo.<\/font><\/font><\/p>\n<p class=\"gray-text\"><strong><font style=\"vertical-align: inherit;\"><font style=\"vertical-align: inherit;\">Condi\u00e7\u00f5es de Negocia\u00e7\u00e3o de CFDs de A\u00e7\u00f5es<\/font><\/font><\/strong><\/p>\n<p class=\"gray-text\"><font style=\"vertical-align: inherit;\"><font style=\"vertical-align: inherit;\">Uma das formas mais simples e convenientes de negociar a\u00e7\u00f5es \u00e9 atrav\u00e9s de um CFD (Contrato por Diferen\u00e7as). Como o nome sugere, refere-se a um contrato celebrado cujo valor depende da diferen\u00e7a entre o valor de abertura e de fechamento de uma a\u00e7\u00e3o.<\/font><\/font><\/p>\n<p class=\"gray-text\"><font style=\"vertical-align: inherit;\"><font style=\"vertical-align: inherit;\">Com CFDs de A\u00e7\u00f5es na IronWave Capital, voc\u00ea pode investir em a\u00e7\u00f5es em um determinado mercado sem qualquer propriedade direta das pr\u00f3prias a\u00e7\u00f5es. \u00c9 a maneira simples e conveniente de investir em um mercado promissor caso voc\u00ea n\u00e3o tenha acesso direto a ele.<\/font><\/font><\/p>\n<p class=\"gray-text\"><strong><font style=\"vertical-align: inherit;\"><font style=\"vertical-align: inherit;\">A\u00e7\u00f5es populares<\/font><\/font><\/strong><\/p>\n<p class=\"gray-text\"><font style=\"vertical-align: inherit;\"><font style=\"vertical-align: inherit;\">O valor das a\u00e7\u00f5es de uma empresa oscila ao longo do dia e esse movimento depende de fatores como:<\/font><\/font><\/p>\n<ul>\n<li><font style=\"vertical-align: inherit;\"><font style=\"vertical-align: inherit;\">Sentimento geral do mercado<\/font><\/font><\/li>\n<li><font style=\"vertical-align: inherit;\"><font style=\"vertical-align: inherit;\">\u00c1rea de especializa\u00e7\u00e3o e atua\u00e7\u00e3o no setor<\/font><\/font><\/li>\n<li><font style=\"vertical-align: inherit;\"><font style=\"vertical-align: inherit;\">Mudan\u00e7as recentes e futuras na ind\u00fastria<\/font><\/font><\/li>\n<li><font style=\"vertical-align: inherit;\"><font style=\"vertical-align: inherit;\">Expectativas de lucros e perdas<\/font><\/font><\/li>\n<li><font style=\"vertical-align: inherit;\"><font style=\"vertical-align: inherit;\">Estabilidade ou instabilidade dentro da empresa<\/font><\/font><\/li>\n<li><font style=\"vertical-align: inherit;\"><font style=\"vertical-align: inherit;\">A gravidade de cada fator afeta o qu\u00e3o dr\u00e1stica \u00e9 a tend\u00eancia de alta ou queda no pre\u00e7o das a\u00e7\u00f5es. As a\u00e7\u00f5es mais populares s\u00e3o de empresas que est\u00e3o em melhor posi\u00e7\u00e3o para obter lucros num futuro pr\u00f3ximo. Podem ser a\u00e7\u00f5es antigas, como Ford e Microsoft, ou participantes mais recentes, como Tesla.<\/font><\/font><\/li>\n<\/ul>\n<p class=\"gray-text\"><font style=\"vertical-align: inherit;\"><font style=\"vertical-align: inherit;\">A sua popularidade \u00e9 um reflexo da avalia\u00e7\u00e3o do mercado sobre o seu desempenho futuro, como um aumento no pre\u00e7o das a\u00e7\u00f5es que indica uma perspetiva positiva para a empresa. Outras empresas chegam ao centro das aten\u00e7\u00f5es com base em desenvolvimentos ou inova\u00e7\u00f5es que as deixam em melhor posi\u00e7\u00e3o para obter lucros enormes. Como o valor dos investimentos dos acionistas aumenta quando este \u00e9 o caso, essas empresas rapidamente entram na lista de especialistas em investimentos de \u201ca\u00e7\u00f5es para negociar\u201d.<\/font><\/font><\/p>\n<p class=\"gray-text\"><strong><font style=\"vertical-align: inherit;\"><font style=\"vertical-align: inherit;\">Vantagens da negocia\u00e7\u00e3o de a\u00e7\u00f5es e a\u00e7\u00f5es na IronWave Capital<\/font><\/font><\/strong><\/p>\n<p class=\"gray-text\"><font style=\"vertical-align: inherit;\"><font style=\"vertical-align: inherit;\">A plataforma de negocia\u00e7\u00e3o IronWave Capital re\u00fane alguns dos recursos mais populares da negocia\u00e7\u00e3o online. Na sua ess\u00eancia est\u00e1 um sistema simples e transparente que lhe d\u00e1 um controlo sem precedentes sobre os seus pr\u00f3prios investimentos.<\/font><\/font><\/p>\n<p class=\"gray-text\"><font style=\"vertical-align: inherit;\"><font style=\"vertical-align: inherit;\">Usar o IronWave Capital \u00e9 talvez a maneira mais simples de negociar a\u00e7\u00f5es online, pois n\u00e3o h\u00e1 documentos f\u00edsicos para trocar. Tudo que voc\u00ea precisa \u00e9 de uma configura\u00e7\u00e3o inicial que conecte seus dados \u00e0 conta na qual deseja que seus lucros sejam creditados.<\/font><\/font><\/p>\n<p class=\"gray-text\"><font style=\"vertical-align: inherit;\"><font style=\"vertical-align: inherit;\">Quando voc\u00ea negocia usando sua conta IronWave Capital, todas as formalidades de negocia\u00e7\u00e3o e troca de a\u00e7\u00f5es s\u00e3o tratadas por n\u00f3s. Isso significa que voc\u00ea poder\u00e1 desfrutar da liberdade de negociar a\u00e7\u00f5es sem nenhuma complica\u00e7\u00e3o.<\/font><\/font><\/p>\n<p class=\"gray-text\"><font style=\"vertical-align: inherit;\"><font style=\"vertical-align: inherit;\">A outra vantagem irresist\u00edvel \u00e9 o acesso perp\u00e9tuo \u00e0 negocia\u00e7\u00e3o, 24 horas por dia, 7 dias por semana. Enquanto uma bolsa estiver aberta para negocia\u00e7\u00e3o, voc\u00ea poder\u00e1 usar sua conta IronWave Capital para negociar a\u00e7\u00f5es listadas nela.<\/font><\/font><\/p>\n<p class=\"gray-text\"><font style=\"vertical-align: inherit;\"><font style=\"vertical-align: inherit;\">Este conjunto de benef\u00edcios exclusivos faz da IronWave Capital uma das estrelas em ascens\u00e3o no mercado de investimento online. Milhares de traders privados e profissionais j\u00e1 se juntaram a n\u00f3s e melhoraram as suas carteiras. Junte-se a eles hoje.<\/font><\/font><\/p>\n<\/div>\n<\/section>\n","protected":false},"excerpt":{"rendered":"<p>Compartilhe e estoque Uma &#8216;a\u00e7\u00e3o&#8217; refere-se a uma a\u00e7\u00e3o de uma empresa que um membro do p\u00fablico pode comprar. Ao adquirir uma a\u00e7\u00e3o, esse indiv\u00edduo torna-se, num sentido limitado, um co-propriet\u00e1rio da empresa. Uma empresa que permite ao p\u00fablico comprar a\u00e7\u00f5es \u00e9 conhecida como \u201cempresa de capital aberto\u201d. Surge a quest\u00e3o de por que os [&hellip;]<\/p>\n","protected":false},"author":1,"featured_media":0,"parent":0,"menu_order":0,"comment_status":"closed","ping_status":"closed","template":"","meta":{"footnotes":""},"class_list":["post-951","page","type-page","status-publish","hentry"],"_links":{"self":[{"href":"https:\/\/www.ironwave-capital.com\/pt-pt\/wp-json\/wp\/v2\/pages\/951","targetHints":{"allow":["GET"]}}],"collection":[{"href":"https:\/\/www.ironwave-capital.com\/pt-pt\/wp-json\/wp\/v2\/pages"}],"about":[{"href":"https:\/\/www.ironwave-capital.com\/pt-pt\/wp-json\/wp\/v2\/types\/page"}],"author":[{"embeddable":true,"href":"https:\/\/www.ironwave-capital.com\/pt-pt\/wp-json\/wp\/v2\/users\/1"}],"replies":[{"embeddable":true,"href":"https:\/\/www.ironwave-capital.com\/pt-pt\/wp-json\/wp\/v2\/comments?post=951"}],"version-history":[{"count":1,"href":"https:\/\/www.ironwave-capital.com\/pt-pt\/wp-json\/wp\/v2\/pages\/951\/revisions"}],"predecessor-version":[{"id":952,"href":"https:\/\/www.ironwave-capital.com\/pt-pt\/wp-json\/wp\/v2\/pages\/951\/revisions\/952"}],"wp:attachment":[{"href":"https:\/\/www.ironwave-capital.com\/pt-pt\/wp-json\/wp\/v2\/media?parent=951"}],"curies":[{"name":"wp","href":"https:\/\/api.w.org\/{rel}","templated":true}]}}