{"id":945,"date":"2024-08-13T11:53:46","date_gmt":"2024-08-13T11:53:46","guid":{"rendered":"https:\/\/www.ironwavecapital.com\/?page_id=945"},"modified":"2024-09-20T12:14:30","modified_gmt":"2024-09-20T12:14:30","slug":"precious-metals","status":"publish","type":"page","link":"https:\/\/www.ironwave-capital.com\/pt-pt\/precious-metals\/","title":{"rendered":"Precious Metals"},"content":{"rendered":"<section class=\"py-5 content-iron\">\n<div class=\"container\">\n<p class=\"gray-text\"><strong><font style=\"vertical-align: inherit;\"><font style=\"vertical-align: inherit;\">Metais Preciosos<\/font><\/font><\/strong><\/p>\n<p class=\"gray-text\"><font style=\"vertical-align: inherit;\"><font style=\"vertical-align: inherit;\">Os metais preciosos est\u00e3o entre a ampla gama de recursos naturais comercializados diariamente nos mercados mundiais. Salvo circunst\u00e2ncias imprevistas, o pre\u00e7o de um determinado metal depende em grande parte de uma equa\u00e7\u00e3o de oferta e procura. O pre\u00e7o atual de um metal \u00e9 chamado de pre\u00e7o \u00e0 vista e a negocia\u00e7\u00e3o de metais \u00e0 vista \u00e9 a compra e venda de metais em uma determinada moeda.<\/font><\/font><\/p>\n<p class=\"gray-text\"><font style=\"vertical-align: inherit;\"><font style=\"vertical-align: inherit;\">Embora os pre\u00e7os dos metais sejam consistentes em todo o mundo ap\u00f3s contabiliza\u00e7\u00e3o do c\u00e2mbio, o com\u00e9rcio \u00e0 vista de metais depende dos pre\u00e7os dos metais em rela\u00e7\u00e3o a uma moeda espec\u00edfica. As flutua\u00e7\u00f5es nos pre\u00e7os dos metais, combinadas com as mudan\u00e7as nos mercados cambiais, proporcionam uma dimens\u00e3o adicional de lucro para o investidor astuto.<\/font><\/font><\/p>\n<p class=\"gray-text\"><font style=\"vertical-align: inherit;\"><font style=\"vertical-align: inherit;\">Al\u00e9m da negocia\u00e7\u00e3o \u00e0 vista de metais, a negocia\u00e7\u00e3o de commodities \u00e9 outra op\u00e7\u00e3o que um investidor pode querer considerar. As mat\u00e9rias-primas como o petr\u00f3leo bruto, o carv\u00e3o e o estanho tamb\u00e9m s\u00e3o boas alternativas, dependendo das condi\u00e7\u00f5es do mercado.<\/font><\/font><\/p>\n<p class=\"gray-text\"><font style=\"vertical-align: inherit;\"><font style=\"vertical-align: inherit;\">A negocia\u00e7\u00e3o \u00e0 vista de ouro est\u00e1 dispon\u00edvel 24 horas por dia, 5 dias por semana, desde que os mercados estejam abertos para negocia\u00e7\u00e3o. A entrega da mercadoria negociada geralmente ocorre 2 dias \u00fateis ap\u00f3s a finaliza\u00e7\u00e3o da negocia\u00e7\u00e3o. Isto contrasta com a negocia\u00e7\u00e3o de futuros, onde n\u00e3o h\u00e1 troca f\u00edsica de mercadorias, apenas de dinheiro.<\/font><\/font><\/p>\n<p class=\"gray-text\"><strong><font style=\"vertical-align: inherit;\"><font style=\"vertical-align: inherit;\">Metais Spot Populares<\/font><\/font><\/strong><\/p>\n<p class=\"gray-text\"><font style=\"vertical-align: inherit;\"><font style=\"vertical-align: inherit;\">Os metais preciosos mais populares para negocia\u00e7\u00e3o de metais \u00e0 vista s\u00e3o:<\/font><\/font><\/p>\n<ul>\n<li><font style=\"vertical-align: inherit;\"><font style=\"vertical-align: inherit;\">Ouro<\/font><\/font><\/li>\n<li><font style=\"vertical-align: inherit;\"><font style=\"vertical-align: inherit;\">Prata<\/font><\/font><\/li>\n<li><font style=\"vertical-align: inherit;\"><font style=\"vertical-align: inherit;\">Platina<\/font><\/font><\/li>\n<li><font style=\"vertical-align: inherit;\"><font style=\"vertical-align: inherit;\">Pal\u00e1dio<\/font><\/font><\/li>\n<\/ul>\n<p class=\"gray-text\"><font style=\"vertical-align: inherit;\"><font style=\"vertical-align: inherit;\">Estes metais \u00e0 vista devem a sua popularidade no com\u00e9rcio de mercadorias ao seu valor intr\u00ednseco a longo prazo. O com\u00e9rcio de ouro, em particular, est\u00e1 ligado ao estatuto do ouro como o recurso mais seguro em tempos de incerteza.<\/font><\/font><\/p>\n<p class=\"gray-text\"><font style=\"vertical-align: inherit;\"><font style=\"vertical-align: inherit;\">Isto contrasta com o mercado de a\u00e7\u00f5es, que \u00e9 onde a maioria dos investidores estaciona o seu dinheiro quando a economia est\u00e1 em recupera\u00e7\u00e3o positiva. Como resultado, o ouro e o mercado de a\u00e7\u00f5es est\u00e3o geralmente inversamente relacionados entre si \u2013 quando um cai, o outro sobe e vice-versa.<\/font><\/font><\/p>\n<p class=\"gray-text\"><font style=\"vertical-align: inherit;\"><font style=\"vertical-align: inherit;\">Embora o ouro seja amplamente considerado o metal mais precioso, n\u00e3o \u00e9 bem assim. Devido \u00e0 sua escassez, metais como a platina e o pal\u00e1dio s\u00e3o avaliados significativamente mais do que o ouro. Este valor n\u00e3o \u00e9 constante e, em particular, a sua utiliza\u00e7\u00e3o em ind\u00fastrias de alta tecnologia fez com que os pre\u00e7os comerciais de certos metais se multiplicassem muito num curto per\u00edodo.<\/font><\/font><\/p>\n<p class=\"gray-text\"><font style=\"vertical-align: inherit;\"><font style=\"vertical-align: inherit;\">A negocia\u00e7\u00e3o de ouro online permite-lhe alavancar o seu elevado valor face \u00e0s principais moedas mundiais, por exemplo:<\/font><\/font><\/p>\n<ul>\n<li><font style=\"vertical-align: inherit;\"><font style=\"vertical-align: inherit;\">D\u00f3lar americano (USD)<\/font><\/font><\/li>\n<li><font style=\"vertical-align: inherit;\"><font style=\"vertical-align: inherit;\">Euro (EUR)<\/font><\/font><\/li>\n<li><font style=\"vertical-align: inherit;\"><font style=\"vertical-align: inherit;\">Libra brit\u00e2nica (GBP)<\/font><\/font><\/li>\n<\/ul>\n<p class=\"gray-text\"><font style=\"vertical-align: inherit;\"><font style=\"vertical-align: inherit;\">Os pre\u00e7os dos metais \u00e0 vista dependem das condi\u00e7\u00f5es econ\u00f3micas mundiais, bem como do efeito de eventos vol\u00e1teis de curto prazo, como cat\u00e1strofes naturais e guerras. Um factor de press\u00e3o menos dr\u00e1stico e mais previs\u00edvel sobre os pre\u00e7os \u00e9 a procura sazonal de metais preciosos e pedras utilizadas em joalharia. Cada um destes recursos regista um aumento nos pre\u00e7os que coincide com festivais e celebra\u00e7\u00f5es internacionais.<\/font><\/font><\/p>\n<p class=\"gray-text\"><font style=\"vertical-align: inherit;\"><font style=\"vertical-align: inherit;\">Ex\u00f3ticos \u2013 Um par ex\u00f3tico \u00e9 geralmente negociado entre um dos sete (7) pares principais e a moeda de uma economia emergente menor. Algumas combina\u00e7\u00f5es de pares ex\u00f3ticos populares s\u00e3o USD\/MXN (Peso Mexicano), USD\/KRW (Won Coreano) e USD\/SGD (D\u00f3lar de Singapura).<\/font><\/font><\/p>\n<p class=\"gray-text\"><font style=\"vertical-align: inherit;\"><font style=\"vertical-align: inherit;\">A procura de metais preciosos est\u00e1 centrada na \u00c1sia, particularmente na \u00cdndia e na China. Por outro lado, a Europa e a Am\u00e9rica do Norte lideram o com\u00e9rcio de mercadorias.<\/font><\/font><\/p>\n<p class=\"gray-text\"><strong><font style=\"vertical-align: inherit;\"><font style=\"vertical-align: inherit;\">Vantagens da negocia\u00e7\u00e3o de ouro na IronWave Capital<\/font><\/font><\/strong><\/p>\n<p class=\"gray-text\"><font style=\"vertical-align: inherit;\"><font style=\"vertical-align: inherit;\">Todos os pre\u00e7os \u00e0 vista de metais preciosos est\u00e3o em constante mudan\u00e7a, especialmente nos 5 dias da semana. Esses pre\u00e7os podem subir e descer dependendo de v\u00e1rios fatores, 24 horas por dia. Isso significa que h\u00e1 simplesmente muita informa\u00e7\u00e3o para qualquer indiv\u00edduo absorver e processar.<\/font><\/font><\/p>\n<p class=\"gray-text\"><font style=\"vertical-align: inherit;\"><font style=\"vertical-align: inherit;\">A alternativa r\u00e1pida, f\u00e1cil e conveniente \u00e9 come\u00e7ar a negociar ouro na IronWave Capital. A IronWave Capital compara os pre\u00e7os de negocia\u00e7\u00e3o \u00e0 vista do ouro em rela\u00e7\u00e3o a todas as moedas populares, bem como os pre\u00e7os de negocia\u00e7\u00e3o \u00e0 vista de outros metais preciosos. Essas informa\u00e7\u00f5es s\u00e3o apresentadas aos nossos clientes em nossa plataforma em um formato de f\u00e1cil compreens\u00e3o. Isto permite-lhe identificar e prever tend\u00eancias que afetar\u00e3o a sua carteira de investimentos e ajustar os seus valores em conformidade.<\/font><\/font><\/p>\n<p class=\"gray-text\"><font style=\"vertical-align: inherit;\"><font style=\"vertical-align: inherit;\">Criamos esta plataforma intuitiva com base em muitos anos de experi\u00eancia na \u00e1rea de negocia\u00e7\u00e3o de metais preciosos. Aprendemos com nossos milhares de clientes o que funciona melhor e ajustamos nosso conjunto de servi\u00e7os para acompanhar suas expectativas e inova\u00e7\u00f5es de mercado.<\/font><\/font><\/p>\n<p class=\"gray-text\"><font style=\"vertical-align: inherit;\"><font style=\"vertical-align: inherit;\">Na IronWave Capital, voc\u00ea obt\u00e9m tecnologia de ponta que fornece detalhes sem precedentes praticamente instantaneamente. A nossa vasta gama de instrumentos de negocia\u00e7\u00e3o d\u00e1-lhe controlo total sobre o valor e a diversidade dos seus investimentos. As decis\u00f5es de negocia\u00e7\u00e3o que voc\u00ea toma s\u00e3o implementadas em uma velocidade estonteante para mant\u00ea-lo atualizado e informado sobre a evolu\u00e7\u00e3o do mercado.<\/font><\/font><\/p>\n<p class=\"gray-text\"><font style=\"vertical-align: inherit;\"><font style=\"vertical-align: inherit;\">Contate a IronWave Capital hoje para descobrir como podemos transformar suas experi\u00eancias de negocia\u00e7\u00e3o comuns em extraordin\u00e1rias da noite para o dia.<\/font><\/font><\/p>\n<\/div>\n<\/section>\n","protected":false},"excerpt":{"rendered":"<p>Metais Preciosos Os metais preciosos est\u00e3o entre a ampla gama de recursos naturais comercializados diariamente nos mercados mundiais. Salvo circunst\u00e2ncias imprevistas, o pre\u00e7o de um determinado metal depende em grande parte de uma equa\u00e7\u00e3o de oferta e procura. O pre\u00e7o atual de um metal \u00e9 chamado de pre\u00e7o \u00e0 vista e a negocia\u00e7\u00e3o de metais [&hellip;]<\/p>\n","protected":false},"author":1,"featured_media":0,"parent":0,"menu_order":0,"comment_status":"closed","ping_status":"closed","template":"","meta":{"footnotes":""},"class_list":["post-945","page","type-page","status-publish","hentry"],"_links":{"self":[{"href":"https:\/\/www.ironwave-capital.com\/pt-pt\/wp-json\/wp\/v2\/pages\/945","targetHints":{"allow":["GET"]}}],"collection":[{"href":"https:\/\/www.ironwave-capital.com\/pt-pt\/wp-json\/wp\/v2\/pages"}],"about":[{"href":"https:\/\/www.ironwave-capital.com\/pt-pt\/wp-json\/wp\/v2\/types\/page"}],"author":[{"embeddable":true,"href":"https:\/\/www.ironwave-capital.com\/pt-pt\/wp-json\/wp\/v2\/users\/1"}],"replies":[{"embeddable":true,"href":"https:\/\/www.ironwave-capital.com\/pt-pt\/wp-json\/wp\/v2\/comments?post=945"}],"version-history":[{"count":1,"href":"https:\/\/www.ironwave-capital.com\/pt-pt\/wp-json\/wp\/v2\/pages\/945\/revisions"}],"predecessor-version":[{"id":946,"href":"https:\/\/www.ironwave-capital.com\/pt-pt\/wp-json\/wp\/v2\/pages\/945\/revisions\/946"}],"wp:attachment":[{"href":"https:\/\/www.ironwave-capital.com\/pt-pt\/wp-json\/wp\/v2\/media?parent=945"}],"curies":[{"name":"wp","href":"https:\/\/api.w.org\/{rel}","templated":true}]}}