{"id":941,"date":"2024-08-13T12:23:43","date_gmt":"2024-08-13T12:23:43","guid":{"rendered":"https:\/\/www.ironwavecapital.com\/?page_id=941"},"modified":"2024-09-20T12:13:47","modified_gmt":"2024-09-20T12:13:47","slug":"indices","status":"publish","type":"page","link":"https:\/\/www.ironwave-capital.com\/pt-pt\/indices\/","title":{"rendered":"Indices"},"content":{"rendered":"<section class=\"py-5 content-iron\">\n<div class=\"container\">\n<p class=\"gray-text\"><strong><font style=\"vertical-align: inherit;\"><font style=\"vertical-align: inherit;\">\u00cdndices<\/font><\/font><\/strong><\/p>\n<p class=\"gray-text\"><font style=\"vertical-align: inherit;\"><font style=\"vertical-align: inherit;\">Um \u00edndice (plural: \u00edndices) \u00e9 um sistema de benchmarking usado para avaliar tend\u00eancias no mercado de a\u00e7\u00f5es. Cada \u00edndice agrupa muitas (at\u00e9 centenas de) a\u00e7\u00f5es que compartilham certas caracter\u00edsticas comuns. Algumas das caracter\u00edsticas comuns usadas para agrupar empresas em um determinado \u00edndice s\u00e3o:<\/font><\/font><\/p>\n<ul>\n<li><font style=\"vertical-align: inherit;\"><font style=\"vertical-align: inherit;\">\u00c1rea de neg\u00f3cios, por exemplo, agricultura ou tecnologia<\/font><\/font><\/li>\n<li><font style=\"vertical-align: inherit;\"><font style=\"vertical-align: inherit;\">Localiza\u00e7\u00e3o geogr\u00e1fica<\/font><\/font><\/li>\n<li><font style=\"vertical-align: inherit;\"><font style=\"vertical-align: inherit;\">Atividade recente<\/font><\/font><\/li>\n<\/ul>\n<p class=\"gray-text\"><font style=\"vertical-align: inherit;\"><font style=\"vertical-align: inherit;\">Portanto, o valor desse \u00edndice \u00e9 utilizado para transmitir a melhor aproxima\u00e7\u00e3o nesse dom\u00ednio espec\u00edfico do com\u00e9rcio. Os principais \u00edndices nacionais s\u00e3o um indicador do sentimento geral do mercado.<\/font><\/font><\/p>\n<p class=\"gray-text\"><font style=\"vertical-align: inherit;\"><font style=\"vertical-align: inherit;\">Voc\u00ea tamb\u00e9m ver\u00e1 movimentos geopol\u00edticos no petr\u00f3leo bruto. Por exemplo, as tens\u00f5es no M\u00e9dio Oriente podem provocar uma recupera\u00e7\u00e3o do petr\u00f3leo. Qualquer conflito ou amea\u00e7a de perturba\u00e7\u00e3o do abastecimento estimular\u00e1 o aumento dos pre\u00e7os. E uma vez resolvida a perturba\u00e7\u00e3o ou tens\u00e3o, os pre\u00e7os recuam.<\/font><\/font><\/p>\n<p class=\"gray-text\"><strong><font style=\"vertical-align: inherit;\"><font style=\"vertical-align: inherit;\">O que s\u00e3o \u00edndices em negocia\u00e7\u00e3o?<\/font><\/font><\/strong><\/p>\n<p class=\"gray-text\"><font style=\"vertical-align: inherit;\"><font style=\"vertical-align: inherit;\">Entre os \u00edndices mais importantes do com\u00e9rcio mundial podemos encontrar:<\/font><\/font><\/p>\n<li><font style=\"vertical-align: inherit;\"><font style=\"vertical-align: inherit;\">Dow Jones Industrial Average (The Dow) \u2013 30 grandes empresas listadas nos EUA<\/font><\/font><\/li>\n<li><font style=\"vertical-align: inherit;\"><font style=\"vertical-align: inherit;\">\u00cdndice S&amp;P 500 (S&amp;P) \u2013 500 grandes empresas listadas nos EUA<\/font><\/font><\/li>\n<li><font style=\"vertical-align: inherit;\"><font style=\"vertical-align: inherit;\">Nasdaq Stock Market (The Nasdaq) \u2013 segundo maior mercado de a\u00e7\u00f5es dos EUA depois da NYSE<\/font><\/font><\/li>\n<li><font style=\"vertical-align: inherit;\"><font style=\"vertical-align: inherit;\">\u00cdndice FTSE 100 (FTSE\/Footsie) \u2013 100 grandes empresas listadas na Bolsa de Valores de Londres<\/font><\/font><\/li>\n<li><font style=\"vertical-align: inherit;\"><font style=\"vertical-align: inherit;\">Nikkei 225 (The Nikkei) \u2013 225 grandes empresas p\u00fablicas na Bolsa de Valores de T\u00f3quio<\/font><\/font><\/li>\n<li><font style=\"vertical-align: inherit;\"><font style=\"vertical-align: inherit;\">DAX \u2013 30 grandes empresas alem\u00e3s de primeira linha na Bolsa de Valores de Frankfurt<\/font><\/font><\/li>\n<li><font style=\"vertical-align: inherit;\"><font style=\"vertical-align: inherit;\">CAC 40 \u2013 40 empresas mais significativas na Euronext Paris, a segunda maior bolsa da Europa<\/font><\/font><\/li>\n<li><font style=\"vertical-align: inherit;\"><font style=\"vertical-align: inherit;\">S&amp;P\/ASX 200 (ASX200) \u2013 200 empresas listadas na Australian Securities Exchange<\/font><\/font><\/li>\n<p class=\"gray-text\"><font style=\"vertical-align: inherit;\"><font style=\"vertical-align: inherit;\">Embora o n\u00famero de empresas inclu\u00eddas num \u00edndice raramente mude, as empresas inclu\u00eddas no \u00edndice s\u00e3o revistas, geralmente anualmente. As empresas constantes de um \u00edndice que n\u00e3o atendam aos crit\u00e9rios, bem como as empresas que n\u00e3o constem da lista, poder\u00e3o ser substitu\u00eddas por eles.<\/font><\/font><\/p>\n<p class=\"gray-text\"><font style=\"vertical-align: inherit;\"><font style=\"vertical-align: inherit;\">Os valores dos \u00edndices comerciais n\u00e3o s\u00e3o calculados apenas como um valor m\u00e9dio das a\u00e7\u00f5es que eles cont\u00eam. Em vez disso, um sistema ponderado \u00e9 usado para retratar a integridade dos campos que eles representam com mais precis\u00e3o. Al\u00e9m disso, a mesma a\u00e7\u00e3o pode ser inclu\u00edda em v\u00e1rios \u00edndices de negocia\u00e7\u00e3o se satisfizer os crit\u00e9rios relevantes.<\/font><\/font><\/p>\n<p class=\"gray-text\"><font style=\"vertical-align: inherit;\"><font style=\"vertical-align: inherit;\">Os \u00edndices de negocia\u00e7\u00e3o s\u00e3o populares entre os novos investidores, bem como entre os traders experientes, porque lhes permite obter sugest\u00f5es da economia ou de um setor espec\u00edfico. J\u00e1 a negocia\u00e7\u00e3o de a\u00e7\u00f5es espec\u00edficas exige um conhecimento mais aprofundado da din\u00e2mica interna e externa da empresa.<\/font><\/font><\/p>\n<p class=\"gray-text\"><font style=\"vertical-align: inherit;\"><font style=\"vertical-align: inherit;\">Outra vantagem \u00e9 que a avalia\u00e7\u00e3o inerente e ampla est\u00e1 protegida contra quedas acentuadas no valor de qualquer a\u00e7\u00e3o individual. Isto torna a negocia\u00e7\u00e3o de \u00edndices um investimento mais seguro em compara\u00e7\u00e3o com a negocia\u00e7\u00e3o em empresas cotadas espec\u00edficas.<\/font><\/font><\/p>\n<p class=\"gray-text\"><font style=\"vertical-align: inherit;\"><font style=\"vertical-align: inherit;\">Aprender como negociar \u00edndices n\u00e3o \u00e9 dif\u00edcil, mas conhecer os melhores \u00edndices para negociar pode ser. Voc\u00ea precisa de uma plataforma experiente e confi\u00e1vel como a IronWave Capital para come\u00e7ar.<\/font><\/font><\/p>\n<p class=\"gray-text\"><strong><font style=\"vertical-align: inherit;\"><font style=\"vertical-align: inherit;\">Como negociar CFDs sobre \u00edndices?<\/font><\/font><\/strong><\/p>\n<p class=\"gray-text\"><font style=\"vertical-align: inherit;\"><font style=\"vertical-align: inherit;\">O valor das a\u00e7\u00f5es em qualquer bolsa flutua durante o hor\u00e1rio de negocia\u00e7\u00e3o. Consequentemente, o valor dos \u00edndices comerciais nos quais essas a\u00e7\u00f5es est\u00e3o inclu\u00eddas tamb\u00e9m flutua. O valor do \u00edndice deve subir acima do valor em que voc\u00ea entrou na negocia\u00e7\u00e3o para obter lucro com seu investimento.<\/font><\/font><\/p>\n<p class=\"gray-text\"><font style=\"vertical-align: inherit;\"><font style=\"vertical-align: inherit;\">A negocia\u00e7\u00e3o bem-sucedida de \u00edndices depende, pelo menos, de um conhecimento b\u00e1sico de como est\u00e1 o desempenho da economia em geral e do \u00edndice em particular. Um CFD (Contrato por Diferen\u00e7as) \u00e9 talvez a forma mais simples de entrar no mercado de negocia\u00e7\u00e3o de \u00edndices.<\/font><\/font><\/p>\n<p class=\"gray-text\"><font style=\"vertical-align: inherit;\"><font style=\"vertical-align: inherit;\">Um CFD \u00e9 um acordo entre duas partes para liquidar a diferen\u00e7a entre o valor de abertura e o valor de fecho de uma negocia\u00e7\u00e3o em dinheiro. Os CFDs sobre \u00edndices n\u00e3o requerem troca f\u00edsica de bens ou t\u00edtulos e baseiam-se inteiramente no movimento do \u00edndice.<\/font><\/font><\/p>\n<p class=\"gray-text\"><font style=\"vertical-align: inherit;\"><font style=\"vertical-align: inherit;\">Por exemplo, pode-se esperar que um \u00edndice de a\u00e7\u00f5es de tecnologia suba com o lan\u00e7amento de tecnologia de ponta que promete ser uma virada de jogo. Neste caso, entrar antecipadamente no mercado de CFD de \u00edndices tecnol\u00f3gicos pode render grandes dividendos, mesmo no curto prazo.<\/font><\/font><\/p>\n<p class=\"gray-text\"><font style=\"vertical-align: inherit;\"><font style=\"vertical-align: inherit;\">Numa base mais ampla, o NASDAQ e o Dow est\u00e3o em m\u00e1ximos recordes ou quase recordes porque a atual economia dos EUA (Dezembro de 2019) est\u00e1 a criar empregos e a reduzir o desemprego a taxas recordes. Um CFD centrado nestes \u00edndices dos EUA tamb\u00e9m pode ser um bom investimento no ambiente atual.<\/font><\/font><\/p>\n<p class=\"gray-text\"><strong><font style=\"vertical-align: inherit;\"><font style=\"vertical-align: inherit;\">Vantagens da negocia\u00e7\u00e3o de \u00edndices na IronWave Capital<\/font><\/font><\/strong><\/p>\n<p class=\"gray-text\"><font style=\"vertical-align: inherit;\"><font style=\"vertical-align: inherit;\">Qualquer investimento do seu dinheiro e recursos deve ser feito ap\u00f3s delibera\u00e7\u00e3o apropriada e, mesmo assim, apenas com um parceiro comercial confi\u00e1vel como a IronWave Capital.<\/font><\/font><\/p>\n<p class=\"gray-text\"><font style=\"vertical-align: inherit;\"><font style=\"vertical-align: inherit;\">A IronWave Capital oferece a op\u00e7\u00e3o de negociar \u00edndices de todos os setores e de todo o mundo. Oferecemos-lhe um trio de confiabilidade com atualiza\u00e7\u00f5es instant\u00e2neas dos mercados mundiais ao seu alcance, dicas de negocia\u00e7\u00e3o exclusivas e uma plataforma segura.<\/font><\/font><\/p>\n<p class=\"gray-text\"><font style=\"vertical-align: inherit;\"><font style=\"vertical-align: inherit;\">Negocie \u00edndices 24 horas por dia, 5 dias por semana, sempre que um mercado estiver aberto em qualquer lugar do mundo. Nossas op\u00e7\u00f5es de CFD permitem que voc\u00ea fa\u00e7a um investimento e depois relaxe \u00e0 medida que ele amadurece, sem a necessidade de monitoramento constante. Utilize a nossa diversificada gama de ferramentas de negocia\u00e7\u00e3o para se manter \u00e0 frente da curva e tomar a decis\u00e3o certa no momento certo.<\/font><\/font><\/p>\n<p class=\"gray-text\"><font style=\"vertical-align: inherit;\"><font style=\"vertical-align: inherit;\">Com a IronWave Capital ao seu lado, o mercado est\u00e1 aos seus p\u00e9s.<\/font><\/font><\/p>\n<\/div>\n<\/section>\n","protected":false},"excerpt":{"rendered":"<p>\u00cdndices Um \u00edndice (plural: \u00edndices) \u00e9 um sistema de benchmarking usado para avaliar tend\u00eancias no mercado de a\u00e7\u00f5es. Cada \u00edndice agrupa muitas (at\u00e9 centenas de) a\u00e7\u00f5es que compartilham certas caracter\u00edsticas comuns. Algumas das caracter\u00edsticas comuns usadas para agrupar empresas em um determinado \u00edndice s\u00e3o: \u00c1rea de neg\u00f3cios, por exemplo, agricultura ou tecnologia Localiza\u00e7\u00e3o geogr\u00e1fica Atividade [&hellip;]<\/p>\n","protected":false},"author":1,"featured_media":0,"parent":0,"menu_order":0,"comment_status":"closed","ping_status":"closed","template":"","meta":{"footnotes":""},"class_list":["post-941","page","type-page","status-publish","hentry"],"_links":{"self":[{"href":"https:\/\/www.ironwave-capital.com\/pt-pt\/wp-json\/wp\/v2\/pages\/941","targetHints":{"allow":["GET"]}}],"collection":[{"href":"https:\/\/www.ironwave-capital.com\/pt-pt\/wp-json\/wp\/v2\/pages"}],"about":[{"href":"https:\/\/www.ironwave-capital.com\/pt-pt\/wp-json\/wp\/v2\/types\/page"}],"author":[{"embeddable":true,"href":"https:\/\/www.ironwave-capital.com\/pt-pt\/wp-json\/wp\/v2\/users\/1"}],"replies":[{"embeddable":true,"href":"https:\/\/www.ironwave-capital.com\/pt-pt\/wp-json\/wp\/v2\/comments?post=941"}],"version-history":[{"count":1,"href":"https:\/\/www.ironwave-capital.com\/pt-pt\/wp-json\/wp\/v2\/pages\/941\/revisions"}],"predecessor-version":[{"id":942,"href":"https:\/\/www.ironwave-capital.com\/pt-pt\/wp-json\/wp\/v2\/pages\/941\/revisions\/942"}],"wp:attachment":[{"href":"https:\/\/www.ironwave-capital.com\/pt-pt\/wp-json\/wp\/v2\/media?parent=941"}],"curies":[{"name":"wp","href":"https:\/\/api.w.org\/{rel}","templated":true}]}}