{"id":931,"date":"2024-08-13T09:01:56","date_gmt":"2024-08-13T09:01:56","guid":{"rendered":"https:\/\/www.ironwavecapital.com\/?page_id=931"},"modified":"2024-09-20T12:12:49","modified_gmt":"2024-09-20T12:12:49","slug":"forex-trading","status":"publish","type":"page","link":"https:\/\/www.ironwave-capital.com\/pt-pt\/forex-trading\/","title":{"rendered":"Forex Trading"},"content":{"rendered":"<section class=\"py-5 content-iron\">\n<div class=\"container\">\n<p class=\"gray-text\"><strong><font style=\"vertical-align: inherit;\"><font style=\"vertical-align: inherit;\">Negocia\u00e7\u00e3o Forex<\/font><\/font><\/strong><\/p>\n<p class=\"gray-text\"><font style=\"vertical-align: inherit;\"><font style=\"vertical-align: inherit;\">Forex \u00e9 uma abreviatura das palavras &#8216;estrangeiro&#8217; e &#8216;exchange&#8217;. Mais precisamente, \u00e9 uma vers\u00e3o abreviada de \u201cc\u00e2mbio de moeda estrangeira\u201d porque se refere a transac\u00e7\u00f5es em que uma moeda \u00e9 vendida para comprar outra. Embora todos n\u00f3s estejamos envolvidos em opera\u00e7\u00f5es cambiais casuais quando viajamos internacionalmente, o com\u00e9rcio cambial refere-se a transa\u00e7\u00f5es cambiais com a inten\u00e7\u00e3o de obter lucro.<\/font><\/font><\/p>\n<p class=\"gray-text\"><font style=\"vertical-align: inherit;\"><font style=\"vertical-align: inherit;\">O com\u00e9rcio Forex \u00e9 um segmento importante na ind\u00fastria financeira internacional. Vale cerca de US$ 220 bilh\u00f5es por hora, um n\u00famero que soma um valor de mais de US$ 5 trilh\u00f5es todos os dias.<\/font><\/font><\/p>\n<p class=\"gray-text\"><font style=\"vertical-align: inherit;\"><font style=\"vertical-align: inherit;\">IronWave Capital \u00e9 uma plataforma de negocia\u00e7\u00e3o on-line que oferece o conhecimento e a tecnologia para negociar com sabedoria e efici\u00eancia. Oferecemos acesso instant\u00e2neo a software financeiro de \u00faltima gera\u00e7\u00e3o baseado na aclamada plataforma MT4 (MetaTrader 4). Voc\u00ea tamb\u00e9m se beneficia da experi\u00eancia fornecida por nossa equipe de gerentes de contas credenciados.<\/font><\/font><\/p>\n<p class=\"gray-text\"><strong><font style=\"vertical-align: inherit;\"><font style=\"vertical-align: inherit;\">Como funciona a negocia\u00e7\u00e3o Forex?<\/font><\/font><\/strong><\/p>\n<p class=\"gray-text\"><font style=\"vertical-align: inherit;\"><font style=\"vertical-align: inherit;\">O valor ou \u201cfor\u00e7a\u201d de todas as moedas do mundo est\u00e1 em constante mudan\u00e7a. As estat\u00edsticas de emprego de um pa\u00eds, as previs\u00f5es econ\u00f3micas e as decis\u00f5es do banco central, bem como o sentimento do mercado internacional e os assuntos actuais, s\u00e3o apenas alguns dos muitos factores que impulsionam a sua moeda para cima ou para baixo.<\/font><\/font><\/p>\n<p class=\"gray-text\"><font style=\"vertical-align: inherit;\"><font style=\"vertical-align: inherit;\">Este movimento para cima ou para baixo no forex refere-se a pares de moedas, quaisquer duas moedas listadas no mercado cambial.<\/font><\/font><\/p>\n<p class=\"gray-text\"><strong><font style=\"vertical-align: inherit;\"><font style=\"vertical-align: inherit;\">Pares de moedas<\/font><\/font><\/strong><\/p>\n<p class=\"gray-text\"><font style=\"vertical-align: inherit;\"><font style=\"vertical-align: inherit;\">Praticamente, cada na\u00e7\u00e3o tem a sua pr\u00f3pria moeda, o que significa que existe um grande n\u00famero de combina\u00e7\u00f5es de pares de moedas. No entanto, quase 80% das transa\u00e7\u00f5es cambiais mundiais envolvem sete (7) moedas, nomeadamente USD (D\u00f3lar Americano), EUR (Euro), GBP (Libra Brit\u00e2nica), JPY (Iene Japon\u00eas), CHF (Franco Su\u00ed\u00e7o), AUD (D\u00f3lar Australiano). ) e CAD (d\u00f3lar canadense).<\/font><\/font><\/p>\n<p class=\"gray-text\"><font style=\"vertical-align: inherit;\"><font style=\"vertical-align: inherit;\">O mercado cambial concentra-se em quatro (4) categorias principais de todas as combina\u00e7\u00f5es poss\u00edveis:<\/font><\/font><\/p>\n<p class=\"gray-text\"><font style=\"vertical-align: inherit;\"><font style=\"vertical-align: inherit;\">Pares principais \u2013 S\u00e3o combina\u00e7\u00f5es do USD com as outras seis (6) moedas, mais popularmente USD\/EUR, GBP\/USD, USD\/JPY, USD\/CHF e AUD\/USD.<\/font><\/font><\/p>\n<p class=\"gray-text\"><font style=\"vertical-align: inherit;\"><font style=\"vertical-align: inherit;\">Pares menores \u2013 Refere-se a transa\u00e7\u00f5es cambiais entre as principais moedas, com exce\u00e7\u00e3o do d\u00f3lar americano. As combina\u00e7\u00f5es de pares menores comuns s\u00e3o EUR\/GBP, EUR\/CHF, EUR\/AUD e GBP\/JPY.<\/font><\/font><\/p>\n<p class=\"gray-text\"><font style=\"vertical-align: inherit;\"><font style=\"vertical-align: inherit;\">Ex\u00f3ticos \u2013 Um par ex\u00f3tico \u00e9 geralmente negociado entre um dos sete (7) pares principais e a moeda de uma economia emergente menor. Algumas combina\u00e7\u00f5es de pares ex\u00f3ticos populares s\u00e3o USD\/MXN (Peso Mexicano), USD\/KRW (Won Coreano) e USD\/SGD (D\u00f3lar de Singapura).<\/font><\/font><\/p>\n<p class=\"gray-text\"><font style=\"vertical-align: inherit;\"><font style=\"vertical-align: inherit;\">Pares regionais \u2013 Como o nome sugere, s\u00e3o negocia\u00e7\u00f5es forex entre na\u00e7\u00f5es geograficamente pr\u00f3ximas. Na regi\u00e3o europeia, pode ser EUR\/NOK (coroa norueguesa), enquanto AUD\/NZD (d\u00f3lar da Nova Zel\u00e2ndia) \u00e9 um exemplo da regi\u00e3o da Austral\u00e1sia.<\/font><\/font><\/p>\n<p class=\"gray-text\"><font style=\"vertical-align: inherit;\"><font style=\"vertical-align: inherit;\">Observe que n\u00e3o h\u00e1 troca f\u00edsica de qualquer moeda quando voc\u00ea negocia forex na IronWave Capital. Em vez disso, voc\u00ea est\u00e1 simplesmente especulando se a moeda que voc\u00ea compra ser\u00e1 mais forte em rela\u00e7\u00e3o \u00e0 moeda que voc\u00ea vende. Este \u00e9 o sentido de uma transa\u00e7\u00e3o de negocia\u00e7\u00e3o CFD\/Forex.<\/font><\/font><\/p>\n<p class=\"gray-text\"><strong><font style=\"vertical-align: inherit;\"><font style=\"vertical-align: inherit;\">Mercados de negocia\u00e7\u00e3o Forex<\/font><\/font><\/strong><\/p>\n<p class=\"gray-text\"><font style=\"vertical-align: inherit;\"><font style=\"vertical-align: inherit;\">Voc\u00ea pode negociar forex 24 horas por dia, 5 dias por semana (domingo \u00e0 noite a sexta \u00e0 noite). Esta oportunidade de negociar durante todo o dia \u00e9 poss\u00edvel porque existem quatro (4) principais mercados cambiais espalhados por 4 fusos hor\u00e1rios \u2013 Nova Iorque, Londres, T\u00f3quio e Sydney.<\/font><\/font><\/p>\n<p class=\"gray-text\"><font style=\"vertical-align: inherit;\"><font style=\"vertical-align: inherit;\">Dentro destes mercados existem tr\u00eas (3) categorias diferentes de negocia\u00e7\u00e3o forex:<\/font><\/font><\/p>\n<p class=\"gray-text\"><font style=\"vertical-align: inherit;\"><font style=\"vertical-align: inherit;\">Forex spot \u2013 O nome aqui se refere a uma transa\u00e7\u00e3o \u201cno local\u201d, ou seja, uma transa\u00e7\u00e3o imediata ou muito r\u00e1pida. Spot forex envolve a troca f\u00edsica de pares de moedas.<\/font><\/font><\/p>\n<p class=\"gray-text\"><font style=\"vertical-align: inherit;\"><font style=\"vertical-align: inherit;\">Forex a termo \u2013 Este tipo de negocia\u00e7\u00e3o forex prende o comprador e o vendedor a uma taxa de convers\u00e3o fixa em um ponto definido no futuro. Tanto a taxa como o per\u00edodo de tempo s\u00e3o fixados pelas partes envolvidas e geralmente n\u00e3o est\u00e3o dispon\u00edveis publicamente. \u00c9 incomum haver uma renegocia\u00e7\u00e3o dos termos antes do t\u00e9rmino do contrato.<\/font><\/font><\/p>\n<p class=\"gray-text\"><font style=\"vertical-align: inherit;\"><font style=\"vertical-align: inherit;\">Futuros \u2013 Os futuros s\u00e3o uma vers\u00e3o menos r\u00edgida do Forex a prazo. Permitem que as partes atualizem e modifiquem continuamente os termos do contrato, fator que tamb\u00e9m os torna muito vol\u00e1teis.<\/font><\/font><\/p>\n<p class=\"gray-text\"><strong><font style=\"vertical-align: inherit;\"><font style=\"vertical-align: inherit;\">Alavancagem e Spread em Forex<\/font><\/font><\/strong><\/p>\n<p class=\"gray-text\"><font style=\"vertical-align: inherit;\"><font style=\"vertical-align: inherit;\">O Forex para investidores individuais \u00e9 quase sempre um produto OTC (over-the-counter), o que significa que consiste principalmente em forex \u00e0 vista. Isto pode ser expandido para incluir outras variantes com base no valor da sua conta de negocia\u00e7\u00e3o com IronWave Capital.<\/font><\/font><\/p>\n<p class=\"gray-text\"><font style=\"vertical-align: inherit;\"><font style=\"vertical-align: inherit;\">A IronWave Capital oferece acesso e versatilidade extraordin\u00e1rios porque permitimos que voc\u00ea negocie com alavancagem. Alavancagem refere-se ao fator pelo qual subsidiamos o seu investimento inicial ao assumir uma posi\u00e7\u00e3o.<\/font><\/font><\/p>\n<p class=\"gray-text\"><font style=\"vertical-align: inherit;\"><font style=\"vertical-align: inherit;\">Embora voc\u00ea precise depositar pelo menos 50% em uma conta de negocia\u00e7\u00e3o de a\u00e7\u00f5es padr\u00e3o em uma corretora tradicional, voc\u00ea pode desembolsar apenas 5% do seu valor de negocia\u00e7\u00e3o para uma posi\u00e7\u00e3o forex com a IronWave Capital. Isto permite-lhe negociar num volume muito maior do que seria poss\u00edvel de outra forma.\/p&gt;<\/font><\/font><\/p>\n<p class=\"gray-text\">The amount of leverage may increase or decrease depending on your trading history, the type of transaction and other factors. Please note, that a spread does apply to every forex transaction. This refers to the difference between the quoted rates of a currency pair on the currency exchange and the figure available to investors.<\/p>\n<p class=\"gray-text\">For example, if the official GBP\/USD rate is 1.350, you may get a rate like 1.355 to buy and 1.345 to sell instead. A spread allows for fluctuations in the quote from when you inform us of your intent to trade on that currency pair and when we actually do so on currency exchange.<\/p>\n<p class=\"gray-text\"><strong>How to trade on forex market?<\/strong><\/p>\n<p class=\"gray-text\">Many investors are reluctant to enter the markets because they perceive trading to be complicated. It is definitely an advantage to have some basic knowledge of how financial investments works, and IronWave Capital makes it even simpler.<\/p>\n<p class=\"gray-text\">At the core of our operations is the MT4 platform. You can use it to find the price of a currency pair exchange, calculate the profit you will make on a planned transaction or speculate on futures.<\/p>\n<p class=\"gray-text\">The first step is to decide on the currency pair that you are interested in. This may depend on the price at which it is available compared to its price history and future projections. Once you have decided that, contact the forex trading company and tell them the amount that you want to invest.<\/p>\n<p class=\"gray-text\">Some companies may allow you to purchase the currency pair on credit, using the leveraging method we explained earlier. Please note that you may be liable for interest on the credit that is extended to you.<\/p>\n<p class=\"gray-text\">In a spot purchase, all you have to do is wait for the value of the currency that you bought to rise above the initial price and the spread. You can cash in your investment when you believe that the trend might go negative. If the currency you bought falls below its initial value, you can wait for a reversal or take a loss and pull out.<\/p>\n<p class=\"gray-text\">In either case, you will have to contact your trading company to finalize the transaction. Your profits will be sent directly to your account. In case of a loss, you may have to transfer cash into the account if it falls below the leverage extended to you.<\/p>\n<p class=\"gray-text\"><strong>Forex market Psychology<\/strong><\/p>\n<p class=\"gray-text\">Trading psychology is arguably as important as trading knowledge. The term refers to your attitude and response to changes in the market that affect your investments. Good trading psychology is developed over time and consists of avoiding these pitfalls:<\/p>\n<p class=\"gray-text\">Overconfidence OR \u2018I \u2018know\u2019 that the price will rise\/fall\u2019 This stems from projecting a small trend into something larger without the evidence to support it.<\/p>\n<p class=\"gray-text\">Hope OR \u2018I will carry on this losing strategy in the hope that things will change\u2019 It can be difficult to cut your losses, and even more difficult as the losses increase.<\/p>\n<p class=\"gray-text\">Panic OR \u2018I am in too deep\u2019 Panic can push you to make drastic decisions in haste without considering better alternatives.<\/p>\n<p class=\"gray-text\"><strong>IronWave Capital USP<\/strong><\/p>\n<p class=\"gray-text\"><font style=\"vertical-align: inherit;\"><font style=\"vertical-align: inherit;\">IronWave Capital \u00e9 uma plataforma de negocia\u00e7\u00e3o online que permite negociar forex com pares de moedas de todo o mundo. As nossas taxas e encargos baixos, bem como os nossos spreads estreitos, d\u00e3o-lhe a oportunidade de negociar com um corretor competitivo, mesmo quando faz um pequeno investimento financeiro.<\/font><\/font><\/p>\n<\/div>\n<\/section>\n","protected":false},"excerpt":{"rendered":"<p>Negocia\u00e7\u00e3o Forex Forex \u00e9 uma abreviatura das palavras &#8216;estrangeiro&#8217; e &#8216;exchange&#8217;. Mais precisamente, \u00e9 uma vers\u00e3o abreviada de \u201cc\u00e2mbio de moeda estrangeira\u201d porque se refere a transac\u00e7\u00f5es em que uma moeda \u00e9 vendida para comprar outra. Embora todos n\u00f3s estejamos envolvidos em opera\u00e7\u00f5es cambiais casuais quando viajamos internacionalmente, o com\u00e9rcio cambial refere-se a transa\u00e7\u00f5es cambiais [&hellip;]<\/p>\n","protected":false},"author":1,"featured_media":0,"parent":0,"menu_order":0,"comment_status":"closed","ping_status":"closed","template":"","meta":{"footnotes":""},"class_list":["post-931","page","type-page","status-publish","hentry"],"_links":{"self":[{"href":"https:\/\/www.ironwave-capital.com\/pt-pt\/wp-json\/wp\/v2\/pages\/931","targetHints":{"allow":["GET"]}}],"collection":[{"href":"https:\/\/www.ironwave-capital.com\/pt-pt\/wp-json\/wp\/v2\/pages"}],"about":[{"href":"https:\/\/www.ironwave-capital.com\/pt-pt\/wp-json\/wp\/v2\/types\/page"}],"author":[{"embeddable":true,"href":"https:\/\/www.ironwave-capital.com\/pt-pt\/wp-json\/wp\/v2\/users\/1"}],"replies":[{"embeddable":true,"href":"https:\/\/www.ironwave-capital.com\/pt-pt\/wp-json\/wp\/v2\/comments?post=931"}],"version-history":[{"count":1,"href":"https:\/\/www.ironwave-capital.com\/pt-pt\/wp-json\/wp\/v2\/pages\/931\/revisions"}],"predecessor-version":[{"id":932,"href":"https:\/\/www.ironwave-capital.com\/pt-pt\/wp-json\/wp\/v2\/pages\/931\/revisions\/932"}],"wp:attachment":[{"href":"https:\/\/www.ironwave-capital.com\/pt-pt\/wp-json\/wp\/v2\/media?parent=931"}],"curies":[{"name":"wp","href":"https:\/\/api.w.org\/{rel}","templated":true}]}}