{"id":929,"date":"2024-08-13T12:16:03","date_gmt":"2024-08-13T12:16:03","guid":{"rendered":"https:\/\/www.ironwavecapital.com\/?page_id=929"},"modified":"2024-09-20T12:12:38","modified_gmt":"2024-09-20T12:12:38","slug":"energies","status":"publish","type":"page","link":"https:\/\/www.ironwave-capital.com\/pt-pt\/energies\/","title":{"rendered":"Energies"},"content":{"rendered":"<section class=\"py-5 content-iron\">\n<div class=\"container\">\n<p class=\"gray-text\"><strong><font style=\"vertical-align: inherit;\"><font style=\"vertical-align: inherit;\">Energias<\/font><\/font><\/strong><\/p>\n<p class=\"gray-text\"><font style=\"vertical-align: inherit;\"><font style=\"vertical-align: inherit;\">Muitos de voc\u00eas vieram para a IronWave Capital como traders de Forex, mas devem saber que tamb\u00e9m existem muitas oportunidades potenciais no com\u00e9rcio de energia. Os mercados de energia s\u00e3o alguns dos mercados mais interessantes e excitantes que existem. O com\u00e9rcio de energia envolve a compra e venda de commodities como petr\u00f3leo bruto, g\u00e1s natural, \u00f3leo para aquecimento e gasolina. Dado que os pre\u00e7os destas mercadorias podem flutuar fortemente, s\u00e3o muito atractivos para comerciantes e especuladores que procuram bons mercados para negociar.<\/font><\/font><\/p>\n<p class=\"gray-text\"><font style=\"vertical-align: inherit;\"><font style=\"vertical-align: inherit;\">Acreditamos que fazer mais sentido negociar nos maiores e mais l\u00edquidos mercados de energia. Estes incluem petr\u00f3leo bruto West Texas Intermediate, petr\u00f3leo bruto Brent, gasolina e g\u00e1s natural. Produtos como \u00f3leo para aquecimento e diversas formas de eletricidade n\u00e3o s\u00e3o t\u00e3o l\u00edquidos, podem ser bastante err\u00e1ticos e exigir conhecimento especializado. Fique com os mercados l\u00edquidos e negocie produtos energ\u00e9ticos populares.<\/font><\/font><\/p>\n<p class=\"gray-text\"><strong><font style=\"vertical-align: inherit;\"><font style=\"vertical-align: inherit;\">Contratos de energia populares<\/font><\/font><\/strong><\/p>\n<p class=\"gray-text\"><font style=\"vertical-align: inherit;\"><font style=\"vertical-align: inherit;\">Os contratos de energia mais populares para comerciantes s\u00e3o os seguintes:<\/font><\/font><\/p>\n<ul>\n<li><font style=\"vertical-align: inherit;\"><font style=\"vertical-align: inherit;\">Petr\u00f3leo bruto West Texas Intermediate (WTI)<\/font><\/font><\/li>\n<li><font style=\"vertical-align: inherit;\"><font style=\"vertical-align: inherit;\">Petr\u00f3leo Bruto Brent<\/font><\/font><\/li>\n<li><font style=\"vertical-align: inherit;\"><font style=\"vertical-align: inherit;\">Gasolina<\/font><\/font><\/li>\n<li><font style=\"vertical-align: inherit;\"><font style=\"vertical-align: inherit;\">G\u00e1s natural<\/font><\/font><\/li>\n<\/ul>\n<p class=\"gray-text\"><font style=\"vertical-align: inherit;\"><font style=\"vertical-align: inherit;\">Tal como acontece com a maioria dos traders de Forex, voc\u00ea provavelmente tem experi\u00eancia em avaliar movimentos de pre\u00e7os com base em dados econ\u00f3micos, e a energia tamb\u00e9m pode ser examinada da mesma forma. Um exemplo \u00e9 a sazonalidade dos mercados de energia. \u00c0 medida que o Ver\u00e3o se aproxima nos EUA, vemos frequentemente os pre\u00e7os da gasolina a subir porque o Ver\u00e3o significa f\u00e9rias e mais condu\u00e7\u00e3o. O inverno tamb\u00e9m pode trazer sazonalidade, mas neste caso ao g\u00e1s natural. Como a metade norte dos EUA tem um inverno muito frio e utiliza uma quantidade significativa de g\u00e1s natural para aquecimento, os pre\u00e7os podem seguir os padr\u00f5es das temperaturas do inverno nos EUA.<\/font><\/font><\/p>\n<p class=\"gray-text\"><font style=\"vertical-align: inherit;\"><font style=\"vertical-align: inherit;\">Voc\u00ea tamb\u00e9m ver\u00e1 movimentos geopol\u00edticos no petr\u00f3leo bruto. Por exemplo, as tens\u00f5es no M\u00e9dio Oriente podem provocar uma recupera\u00e7\u00e3o do petr\u00f3leo. Qualquer conflito ou amea\u00e7a de perturba\u00e7\u00e3o do abastecimento estimular\u00e1 o aumento dos pre\u00e7os. E uma vez resolvida a perturba\u00e7\u00e3o ou tens\u00e3o, os pre\u00e7os recuam.<\/font><\/font><\/p>\n<p class=\"gray-text\"><font style=\"vertical-align: inherit;\"><font style=\"vertical-align: inherit;\">Tamb\u00e9m vale a pena notar que os mercados de petr\u00f3leo bruto s\u00e3o notoriamente sens\u00edveis ao valor do d\u00f3lar americano. Isso ocorre porque o petr\u00f3leo \u00e9 cotado em d\u00f3lares americanos. Assim, quando o d\u00f3lar americano se fortalece, o petr\u00f3leo bruto fica mais caro para pa\u00edses fora dos EUA, que precisar\u00e3o de comprar d\u00f3lares a uma taxa mais elevada para poderem adquirir o seu petr\u00f3leo. Isso pode causar uma queda nos pre\u00e7os do petr\u00f3leo. O inverso tamb\u00e9m \u00e9 verdadeiro, onde os pre\u00e7os do petr\u00f3leo subir\u00e3o frequentemente quando o d\u00f3lar americano estiver mais fraco.<\/font><\/font><\/p>\n<p class=\"gray-text\"><strong><font style=\"vertical-align: inherit;\"><font style=\"vertical-align: inherit;\">Vantagens da negocia\u00e7\u00e3o de CFDs de energia na IronWave Capital<\/font><\/font><\/strong><\/p>\n<p class=\"gray-text\"><font style=\"vertical-align: inherit;\"><font style=\"vertical-align: inherit;\">Voc\u00ea encontrar\u00e1 muitas maneiras de investir nos mercados de energia, incluindo op\u00e7\u00f5es, futuros, ETFs e a\u00e7\u00f5es relacionadas \u00e0 energia. Voc\u00ea pode at\u00e9 comprar um barril de petr\u00f3leo de verdade, se preferir. Cada m\u00e9todo apresenta os seus pr\u00f3prios riscos e pode variar desde um investimento direto em petr\u00f3leo at\u00e9 uma estrat\u00e9gia de cobertura ou uma especula\u00e7\u00e3o de pre\u00e7os.<\/font><\/font><\/p>\n<p class=\"gray-text\"><font style=\"vertical-align: inherit;\"><font style=\"vertical-align: inherit;\">O mais importante, se voc\u00ea quiser especular sobre petr\u00f3leo bruto, \u00e9 que precisar\u00e1 de algum tipo de conta de corretor, e \u00e9 aqui que a IronWave Capital pode ajudar. Oferecemos especula\u00e7\u00e3o sobre petr\u00f3leo bruto atrav\u00e9s de CFDs, que muitos dos nossos traders consideram conveniente usar.<\/font><\/font><\/p>\n<p class=\"gray-text\"><font style=\"vertical-align: inherit;\"><font style=\"vertical-align: inherit;\">Claro, voc\u00ea poderia encontrar um corretor de futuros para negociar futuros de petr\u00f3leo bruto, mas isso pode ser uma proposta cara. Nos EUA, seria necess\u00e1rio ter mais de US$ 5.000 por contrato para cumprir os requisitos de margem da negocia\u00e7\u00e3o de futuros. Isso \u00e9 muito e, na realidade, voc\u00ea vai querer muito mais porque precisar\u00e1 de um buffer para evitar uma chamada de margem se os pre\u00e7os inicialmente se moverem contra voc\u00ea.<\/font><\/font><\/p>\n<p class=\"gray-text\"><font style=\"vertical-align: inherit;\"><font style=\"vertical-align: inherit;\">Compare isso com a negocia\u00e7\u00e3o de CFD oferecida na IronWave Capital, onde voc\u00ea pode negociar em valores muito menores do que o contrato futuro padr\u00e3o. Isto reduzir\u00e1 significativamente os requisitos de margem e tamb\u00e9m lhe dar\u00e1 um valor de tick menor em cada contrato, o que \u00e9 uma vantagem para o investidor m\u00e9dio que negocia petr\u00f3leo bruto.<\/font><\/font><\/p>\n<p class=\"gray-text\"><font style=\"vertical-align: inherit;\"><font style=\"vertical-align: inherit;\">Negociar CFDs \u00e9 uma ideia difamat\u00f3ria e, uma vez que o valor dos CFDs se move em sincronia com o mercado de futuros subjacente, a diferen\u00e7a entre os dois, al\u00e9m dos requisitos de margem e do valor do tick, \u00e9 basicamente insignificante e a negocia\u00e7\u00e3o de CFDs n\u00e3o afetar\u00e1 o desempenho quando comparado com futuros.<\/font><\/font><\/p>\n<p class=\"gray-text\"><font style=\"vertical-align: inherit;\"><font style=\"vertical-align: inherit;\">A IronWave Capital pode ajud\u00e1-lo na sua educa\u00e7\u00e3o sobre os mercados de petr\u00f3leo e na an\u00e1lise das tend\u00eancias de pre\u00e7os e fatores fundamentais. Abra uma conta para experimentar a emo\u00e7\u00e3o da negocia\u00e7\u00e3o de CFDs de Energia.<\/font><\/font><\/p>\n<\/div>\n<\/section>\n","protected":false},"excerpt":{"rendered":"<p>Energias Muitos de voc\u00eas vieram para a IronWave Capital como traders de Forex, mas devem saber que tamb\u00e9m existem muitas oportunidades potenciais no com\u00e9rcio de energia. Os mercados de energia s\u00e3o alguns dos mercados mais interessantes e excitantes que existem. O com\u00e9rcio de energia envolve a compra e venda de commodities como petr\u00f3leo bruto, g\u00e1s [&hellip;]<\/p>\n","protected":false},"author":1,"featured_media":0,"parent":0,"menu_order":0,"comment_status":"closed","ping_status":"closed","template":"","meta":{"footnotes":""},"class_list":["post-929","page","type-page","status-publish","hentry"],"_links":{"self":[{"href":"https:\/\/www.ironwave-capital.com\/pt-pt\/wp-json\/wp\/v2\/pages\/929","targetHints":{"allow":["GET"]}}],"collection":[{"href":"https:\/\/www.ironwave-capital.com\/pt-pt\/wp-json\/wp\/v2\/pages"}],"about":[{"href":"https:\/\/www.ironwave-capital.com\/pt-pt\/wp-json\/wp\/v2\/types\/page"}],"author":[{"embeddable":true,"href":"https:\/\/www.ironwave-capital.com\/pt-pt\/wp-json\/wp\/v2\/users\/1"}],"replies":[{"embeddable":true,"href":"https:\/\/www.ironwave-capital.com\/pt-pt\/wp-json\/wp\/v2\/comments?post=929"}],"version-history":[{"count":1,"href":"https:\/\/www.ironwave-capital.com\/pt-pt\/wp-json\/wp\/v2\/pages\/929\/revisions"}],"predecessor-version":[{"id":930,"href":"https:\/\/www.ironwave-capital.com\/pt-pt\/wp-json\/wp\/v2\/pages\/929\/revisions\/930"}],"wp:attachment":[{"href":"https:\/\/www.ironwave-capital.com\/pt-pt\/wp-json\/wp\/v2\/media?parent=929"}],"curies":[{"name":"wp","href":"https:\/\/api.w.org\/{rel}","templated":true}]}}