{"id":927,"date":"2024-08-13T12:05:06","date_gmt":"2024-08-13T12:05:06","guid":{"rendered":"https:\/\/www.ironwavecapital.com\/?page_id=927"},"modified":"2024-09-20T12:12:25","modified_gmt":"2024-09-20T12:12:25","slug":"cryptocurrency","status":"publish","type":"page","link":"https:\/\/www.ironwave-capital.com\/pt-pt\/cryptocurrency\/","title":{"rendered":"Cryptocurrency"},"content":{"rendered":"<section class=\"py-5 content-iron\">\n<div class=\"container\">\n<p class=\"gray-text\"><strong><font style=\"vertical-align: inherit;\"><font style=\"vertical-align: inherit;\">Criptomoeda<\/font><\/font><\/strong><\/p>\n<p class=\"gray-text\"><font style=\"vertical-align: inherit;\"><font style=\"vertical-align: inherit;\">Uma criptomoeda \u00e9 dinheiro em formato exclusivamente digital. Voc\u00ea pode se perguntar por que precisamos disso; afinal, o seu banco permite-lhe realizar transa\u00e7\u00f5es digitais localmente e em todo o mundo, enquanto carteiras digitais como Skrill e PayPal lhe d\u00e3o a capacidade de renunciar aos bancos para fins virtualmente ilimitados.<\/font><\/font><\/p>\n<p class=\"gray-text\"><font style=\"vertical-align: inherit;\"><font style=\"vertical-align: inherit;\">No entanto, uma criptomoeda \u00e9 capaz de muito mais. A IronWave Capital analisa os fundamentos das criptomoedas da perspectiva de um potencial investidor.<\/font><\/font><\/p>\n<p class=\"gray-text\"><strong><font style=\"vertical-align: inherit;\"><font style=\"vertical-align: inherit;\">O que s\u00e3o criptomoedas?<\/font><\/font><\/strong><\/p>\n<p class=\"gray-text\"><font style=\"vertical-align: inherit;\"><font style=\"vertical-align: inherit;\">Em 2009, o lan\u00e7amento da primeira criptomoeda do mundo, o Bitcoin, intrigou muita gente. Isso alarmou ainda mais. Nomes estabelecidos no setor financeiro e banc\u00e1rio disseram o que esperavam que fosse verdade \u2013 que as criptomoedas eram apenas uma moda passageira e desapareceriam em breve. Aconteceu o oposto; j\u00e1 existem mais de 2.000 criptomoedas diferentes em circula\u00e7\u00e3o hoje.<\/font><\/font><\/p>\n<p class=\"gray-text\"><font style=\"vertical-align: inherit;\"><font style=\"vertical-align: inherit;\">Apesar desse aumento exponencial em n\u00famero e da aceita\u00e7\u00e3o gradual (embora em grande parte relutante) do mainstream, poucas pessoas realmente entendem como funciona um sistema de criptomoeda.<\/font><\/font><\/p>\n<p class=\"gray-text\"><strong><font style=\"vertical-align: inherit;\"><font style=\"vertical-align: inherit;\">Uma introdu\u00e7\u00e3o \u00e0 criptomoeda<\/font><\/font><\/strong><\/p>\n<p class=\"gray-text\"><font style=\"vertical-align: inherit;\"><font style=\"vertical-align: inherit;\">Primeiro, o nome. &#8216;Criptomoeda&#8217; \u00e9 uma mala de viagem das palavras &#8216;criptografado&#8217; e &#8216;moeda&#8217;. Esta \u00e9 uma refer\u00eancia a cada unidade da moeda que cont\u00e9m informa\u00e7\u00f5es criptografadas sobre seu valor e todas as transa\u00e7\u00f5es em que esteve envolvida. Este registro digital \u00e9 chamado de \u2018blockchain\u2019.<\/font><\/font><\/p>\n<p class=\"gray-text\"><font style=\"vertical-align: inherit;\"><font style=\"vertical-align: inherit;\">Em seguida, as criptomoedas s\u00e3o um meio de troca exclusivamente digital. Ao contr\u00e1rio de uma moeda tradicional, n\u00e3o existe uma vers\u00e3o f\u00edsica de uma criptomoeda e todas as transa\u00e7\u00f5es s\u00e3o eletr\u00f4nicas. A este respeito, as criptomoedas prenunciam a vis\u00e3o sem dinheiro da sociedade que h\u00e1 muito foi imaginada pelos escritores.<\/font><\/font><\/p>\n<p class=\"gray-text\"><font style=\"vertical-align: inherit;\"><font style=\"vertical-align: inherit;\">Terceiro, as criptomoedas s\u00e3o \u201cmineradas\u201d de uma forma an\u00e1loga \u00e0 forma como os bancos centrais imprimem moeda. No entanto, o processo de minera\u00e7\u00e3o \u00e9 muito mais complicado. Computadores muito poderosos precisam trabalhar incessantemente para criar um \u00fanico blockchain que seja parte integrante de uma criptomoeda. Isso exige imenso esfor\u00e7o e recursos.<\/font><\/font><\/p>\n<p class=\"gray-text\"><strong><font style=\"vertical-align: inherit;\"><font style=\"vertical-align: inherit;\">Bitcoin (BTC)<\/font><\/font><\/strong><\/p>\n<p class=\"gray-text\"><font style=\"vertical-align: inherit;\"><font style=\"vertical-align: inherit;\">A primeira e de longe a criptomoeda mais popular, o Bitcoin \u00e9 ideia de um indiv\u00edduo no Jap\u00e3o que atende pelo pseud\u00f4nimo de Satoshi Nakamoto. Quando Nakamoto lan\u00e7ou o Bitcoin em 2009, seu objetivo era criar uma rede de pagamento peer-to-peer que sucederia plataformas como o PayPal porque n\u00e3o cobrava taxas.<\/font><\/font><\/p>\n<p class=\"gray-text\"><font style=\"vertical-align: inherit;\"><font style=\"vertical-align: inherit;\">Foi o primeiro uso do blockchain para esse fim. O Bitcoin pega \u2018blocos\u2019 de informa\u00e7\u00f5es que registram uma transa\u00e7\u00e3o e, quando o Bitcoin \u00e9 usado em outra transa\u00e7\u00e3o, outro bloco \u00e9 adicionado ao(s) bloco(s) anterior(es), criando um \u2018blockchain\u2019. O Bitcoin foi criado como um recurso finito e a minera\u00e7\u00e3o de Bitcoin terminar\u00e1 ap\u00f3s a cria\u00e7\u00e3o de 21 milh\u00f5es de Bitcoins.<\/font><\/font><\/p>\n<p class=\"gray-text\"><strong><font style=\"vertical-align: inherit;\"><font style=\"vertical-align: inherit;\">Ethereum (ETH)<\/font><\/font><\/strong><\/p>\n<p class=\"gray-text\"><font style=\"vertical-align: inherit;\"><font style=\"vertical-align: inherit;\">Embora o Ethereum seja uma plataforma bastante recente, tendo sido lan\u00e7ada apenas em 2015, \u00e9 o maior rival do Bitcoin. Os tokens Ethereum s\u00e3o chamados de &#8216;Ether&#8217; e t\u00eam a maior participa\u00e7\u00e3o percentual do mundo em termos de capitaliza\u00e7\u00e3o de mercado depois do Bitcoin. Seu apelo \u00e9 que oferece mais do que apenas uma moeda, mas uma plataforma de software completa.<\/font><\/font><\/p>\n<p class=\"gray-text\"><font style=\"vertical-align: inherit;\"><font style=\"vertical-align: inherit;\">Embora o Ether mantenha a base do blockchain para funcionalidade, a versatilidade inerente permite que ele atue como um substituto para aplicativos, armazenamento em nuvem e solu\u00e7\u00f5es de pagamento. Um ecossistema independente desta natureza pode potencialmente revolucionar a forma como todas as transa\u00e7\u00f5es e intera\u00e7\u00f5es ocorrem online. A outra vantagem do Ethereum \u00e9 que seu processo de minera\u00e7\u00e3o de blocos \u00e9 significativamente mais r\u00e1pido que o do Bitcoin.<\/font><\/font><\/p>\n<p class=\"gray-text\"><strong><font style=\"vertical-align: inherit;\"><font style=\"vertical-align: inherit;\">Ondula\u00e7\u00e3o (XRP)<\/font><\/font><\/strong><\/p>\n<p class=\"gray-text\"><font style=\"vertical-align: inherit;\"><font style=\"vertical-align: inherit;\">Ripple \u00e9 um token criptogr\u00e1fico criado pelos laborat\u00f3rios Ripple desde 2012. Ele tamb\u00e9m usa o registro retrospectivo de transa\u00e7\u00f5es para validar suas moedas como Bitcoin e Ethereum. O ponto de venda exclusivo do Ripple \u00e9 a sua fluidez \u2013 ao contr\u00e1rio da maioria das outras criptomoedas, ele pode lidar com transa\u00e7\u00f5es de quase qualquer moeda.<\/font><\/font><\/p>\n<p class=\"gray-text\"><font style=\"vertical-align: inherit;\"><font style=\"vertical-align: inherit;\">Esta caracter\u00edstica levou a uma aceita\u00e7\u00e3o generalizada de uma forma que escapou aos seus concorrentes, inclusive sendo adoptada por institui\u00e7\u00f5es financeiras. O Ripple j\u00e1 \u00e9 a terceira maior criptomoeda em capitaliza\u00e7\u00e3o de mercado. \u00c9 incomum que as moedas XRP n\u00e3o possam ser extra\u00eddas. 100 bilh\u00f5es de XRP foram criados em seu lan\u00e7amento e seus criadores dizem que nada mais ser\u00e1 emitido.<\/font><\/font><\/p>\n<p class=\"gray-text\"><strong><font style=\"vertical-align: inherit;\"><font style=\"vertical-align: inherit;\">Como negociar CFDs de criptomoeda?<\/font><\/font><\/strong><\/p>\n<p class=\"gray-text\"><font style=\"vertical-align: inherit;\"><font style=\"vertical-align: inherit;\">Apenas um \u00fanico token das criptomoedas mais populares \u00e9 avaliado em milhares de d\u00f3lares. Isso os coloca fora do alcance da maioria dos investidores. Para aqueles que t\u00eam capital para investir, os movimentos regulares de pre\u00e7os resultam num crescimento quase insignificante do investimento. No entanto, os investidores podem obter bons lucros em criptomoedas atrav\u00e9s de CFDs, devido ao facto de os CFDs serem instrumentos alavancados. Embora a alavancagem possa amplificar os lucros, ela tamb\u00e9m amplifica as perdas<\/font><\/font><\/p>\n<p class=\"gray-text\"><font style=\"vertical-align: inherit;\"><font style=\"vertical-align: inherit;\">Um CFD \u00e9 um contrato por diferen\u00e7a. Embora um investimento regular envolva a compra de um produto f\u00edsico ou digital, os CFDs especulam apenas sobre a dire\u00e7\u00e3o em que o valor de um instrumento se mover\u00e1. Isso significa que voc\u00ea n\u00e3o compra ou vende nada; em vez disso, voc\u00ea faz uma suposi\u00e7\u00e3o fundamentada do pre\u00e7o futuro do derivativo.<\/font><\/font><\/p>\n<p class=\"gray-text\"><font style=\"vertical-align: inherit;\"><font style=\"vertical-align: inherit;\">Nesse sentido, voc\u00ea pode ganhar o mesmo dinheiro quando o valor cair!<\/font><\/font><\/p>\n<p class=\"gray-text\"><font style=\"vertical-align: inherit;\"><font style=\"vertical-align: inherit;\">O primeiro passo na negocia\u00e7\u00e3o de CFDs de criptomoeda \u00e9 abrir uma conta de negocia\u00e7\u00e3o com uma corretora respeit\u00e1vel como a IronWave Capital. Voc\u00ea n\u00e3o precisa de uma carteira de moeda digital separada, mas pode usar sua conta de negocia\u00e7\u00e3o normal para investir em todos os produtos que oferecemos.<\/font><\/font><\/p>\n<p class=\"gray-text\"><font style=\"vertical-align: inherit;\"><font style=\"vertical-align: inherit;\">A pesquisa \u00e9 uma ferramenta inestim\u00e1vel para os investidores. Use o Calend\u00e1rio Econ\u00f4mico da IronWave Capital e os eventos atuais para decidir se uma moeda criptomoeda mudar\u00e1 de valor e em que per\u00edodo \u2013 um dia, semana ou m\u00eas. Utilize a nossa plataforma de negocia\u00e7\u00e3o online para colocar um CFD na dire\u00e7\u00e3o do movimento e o sistema ir\u00e1 deduzir o montante relevante da sua conta e coloc\u00e1-lo no CFD.<\/font><\/font><\/p>\n<p class=\"gray-text\"><font style=\"vertical-align: inherit;\"><font style=\"vertical-align: inherit;\">Ap\u00f3s o vencimento do CFD, o sistema verificar\u00e1 a posi\u00e7\u00e3o relativa da moeda digital. Se a sua especula\u00e7\u00e3o estiver correta, o seu investimento e os lucros ser\u00e3o creditados na sua conta. Se acontecer o contr\u00e1rio, perder\u00e1 o seu investimento e ser\u00e1 respons\u00e1vel pelo custo da negocia\u00e7\u00e3o de CFD.<\/font><\/font><\/p>\n<p class=\"gray-text\"><font style=\"vertical-align: inherit;\"><font style=\"vertical-align: inherit;\">Lembre-se de que a negocia\u00e7\u00e3o de CFDs pode incorrer em perdas em mercados vol\u00e1teis. Invista e negocie apenas com o dinheiro que voc\u00ea pode perder confortavelmente.<\/font><\/font><\/p>\n<p class=\"gray-text\"><strong><font style=\"vertical-align: inherit;\"><font style=\"vertical-align: inherit;\">Quais s\u00e3o os riscos?<\/font><\/font><\/strong><\/p>\n<p class=\"gray-text\"><font style=\"vertical-align: inherit;\"><font style=\"vertical-align: inherit;\">As criptomoedas funcionam de forma semelhante \u00e0s moedas de na\u00e7\u00f5es soberanas, como o d\u00f3lar americano, a libra esterlina e o iene japon\u00eas. No entanto, operam numa \u00e1rea que vai al\u00e9m dos controlos \u2013 e salvaguardas \u2013 tradicionais dos bancos centrais e das reservas monet\u00e1rias.<\/font><\/font><\/p>\n<p class=\"gray-text\"><font style=\"vertical-align: inherit;\"><font style=\"vertical-align: inherit;\">A principal preocupa\u00e7\u00e3o da maioria dos investidores que consideram investir em criptografia \u00e9 a fraude financeira. Apesar da tecnologia sofisticada e das medidas de seguran\u00e7a, houve casos de carteiras hackeadas. No entanto, adote uma abordagem ponderada. Mais empresas foram pegas falsificando n\u00fameros do que criptomoedas foram hackeadas.<\/font><\/font><\/p>\n<\/div>\n<\/section>\n","protected":false},"excerpt":{"rendered":"<p>Criptomoeda Uma criptomoeda \u00e9 dinheiro em formato exclusivamente digital. Voc\u00ea pode se perguntar por que precisamos disso; afinal, o seu banco permite-lhe realizar transa\u00e7\u00f5es digitais localmente e em todo o mundo, enquanto carteiras digitais como Skrill e PayPal lhe d\u00e3o a capacidade de renunciar aos bancos para fins virtualmente ilimitados. No entanto, uma criptomoeda \u00e9 [&hellip;]<\/p>\n","protected":false},"author":1,"featured_media":0,"parent":0,"menu_order":0,"comment_status":"closed","ping_status":"closed","template":"","meta":{"footnotes":""},"class_list":["post-927","page","type-page","status-publish","hentry"],"_links":{"self":[{"href":"https:\/\/www.ironwave-capital.com\/pt-pt\/wp-json\/wp\/v2\/pages\/927","targetHints":{"allow":["GET"]}}],"collection":[{"href":"https:\/\/www.ironwave-capital.com\/pt-pt\/wp-json\/wp\/v2\/pages"}],"about":[{"href":"https:\/\/www.ironwave-capital.com\/pt-pt\/wp-json\/wp\/v2\/types\/page"}],"author":[{"embeddable":true,"href":"https:\/\/www.ironwave-capital.com\/pt-pt\/wp-json\/wp\/v2\/users\/1"}],"replies":[{"embeddable":true,"href":"https:\/\/www.ironwave-capital.com\/pt-pt\/wp-json\/wp\/v2\/comments?post=927"}],"version-history":[{"count":1,"href":"https:\/\/www.ironwave-capital.com\/pt-pt\/wp-json\/wp\/v2\/pages\/927\/revisions"}],"predecessor-version":[{"id":928,"href":"https:\/\/www.ironwave-capital.com\/pt-pt\/wp-json\/wp\/v2\/pages\/927\/revisions\/928"}],"wp:attachment":[{"href":"https:\/\/www.ironwave-capital.com\/pt-pt\/wp-json\/wp\/v2\/media?parent=927"}],"curies":[{"name":"wp","href":"https:\/\/api.w.org\/{rel}","templated":true}]}}