{"id":921,"date":"2024-08-13T08:54:19","date_gmt":"2024-08-13T08:54:19","guid":{"rendered":"https:\/\/www.ironwavecapital.com\/?page_id=921"},"modified":"2024-09-20T12:08:59","modified_gmt":"2024-09-20T12:08:59","slug":"cfd-trading","status":"publish","type":"page","link":"https:\/\/www.ironwave-capital.com\/pt-pt\/cfd-trading\/","title":{"rendered":"CFD Trading"},"content":{"rendered":"<section class=\"py-5 content-iron\">\n<div class=\"container\">\n<p class=\"gray-text\"><strong><font style=\"vertical-align: inherit;\"><font style=\"vertical-align: inherit;\">Negocia\u00e7\u00e3o de CFDs<\/font><\/font><\/strong><\/p>\n<p class=\"gray-text\"><font style=\"vertical-align: inherit;\"><font style=\"vertical-align: inherit;\">A negocia\u00e7\u00e3o por Contrato por Diferen\u00e7a (CFD) \u00e9 um m\u00e9todo de negocia\u00e7\u00e3o de baixo custo para investidores novatos e experientes. Pode negociar o valor de uma a\u00e7\u00e3o em bolsa de valores, commodities ou \u00edndices, incluindo metais preciosos e at\u00e9 criptomoedas.<\/font><\/font><\/p>\n<p class=\"gray-text\"><font style=\"vertical-align: inherit;\"><font style=\"vertical-align: inherit;\">Dado que o seu valor deriva do valor desses ativos, um CFD \u00e9 um \u201cderivado\u201d. Os CFDs n\u00e3o utilizam papel, s\u00e3o r\u00e1pidos e caracteristicamente f\u00e1ceis de gerir, todos fatores que contribuem significativamente para a sua crescente popularidade. Todas as transa\u00e7\u00f5es s\u00e3o puramente contratuais e n\u00e3o h\u00e1 entrega f\u00edsica de nenhum produto.<\/font><\/font><\/p>\n<p class=\"gray-text\"><strong><font style=\"vertical-align: inherit;\"><font style=\"vertical-align: inherit;\">Como funcionam os CFDs?<\/font><\/font><\/strong><\/p>\n<p class=\"gray-text\"><font style=\"vertical-align: inherit;\"><font style=\"vertical-align: inherit;\">Os CFDs s\u00e3o produtos de balc\u00e3o, o que significa que n\u00e3o est\u00e3o listados em nenhuma bolsa. Em vez disso, comerciantes e investidores negociam diretamente entre si, embora nenhum deles possua o ativo.<\/font><\/font><\/p>\n<p class=\"gray-text\"><font style=\"vertical-align: inherit;\"><font style=\"vertical-align: inherit;\">Da mesma forma, um investidor prev\u00ea se o valor de um ativo aumentar\u00e1 ou diminuir\u00e1 num determinado per\u00edodo, e o fornecedor de CFD aceita a \u201cmudan\u00e7a\u201d para um valor acordado. Voc\u00ea troca o valor da diferen\u00e7a de pre\u00e7o entre a abertura e o fechamento do per\u00edodo de negocia\u00e7\u00e3o.<\/font><\/font><\/p>\n<p class=\"gray-text\"><font style=\"vertical-align: inherit;\"><font style=\"vertical-align: inherit;\">O que diferencia os CFDs de uma compra normal de a\u00e7\u00f5es, por exemplo, \u00e9 que voc\u00ea n\u00e3o paga o pre\u00e7o total antecipadamente. Em vez disso, voc\u00ea s\u00f3 precisa ter entre 1% e 5% em sua conta de negocia\u00e7\u00e3o de CFD. O restante do valor \u00e9 \u201cemprestado\u201d a voc\u00ea pela empresa de CFD.<\/font><\/font><\/p>\n<p class=\"gray-text\"><font style=\"vertical-align: inherit;\"><font style=\"vertical-align: inherit;\">O capital \u201cemprestado\u201d liberta os investidores para especularem sobre uma gama muito mais ampla de activos subjacentes, o que de outra forma seria poss\u00edvel. O valor que uma empresa ir\u00e1 encaminhar para voc\u00ea \u00e9 geralmente proporcional ao valor que voc\u00ea depositou em sua conta de negocia\u00e7\u00e3o.<\/font><\/font><\/p>\n<p class=\"gray-text\"><strong><font style=\"vertical-align: inherit;\"><font style=\"vertical-align: inherit;\">Terminologia B\u00e1sica de CFD<\/font><\/font><\/strong><\/p>\n<p class=\"gray-text\"><font style=\"vertical-align: inherit;\"><font style=\"vertical-align: inherit;\">Para entender melhor os CFDs antes de adicion\u00e1-los ao seu portf\u00f3lio, voc\u00ea deve aprender alguns termos b\u00e1sicos e usados \u200b\u200bcom frequ\u00eancia:<\/font><\/font><\/p>\n<p class=\"gray-text\"><font style=\"vertical-align: inherit;\"><font style=\"vertical-align: inherit;\">Posi\u00e7\u00e3o longa \u2013 \u00c9 quando voc\u00ea compra um ativo na expectativa de que seu valor aumentar\u00e1 ao longo do per\u00edodo do contrato. As negocia\u00e7\u00f5es longas recebem esse nome porque geralmente s\u00e3o mantidas por um per\u00edodo prolongado, variando de um m\u00eas a mais de um ano.<\/font><\/font><\/p>\n<p class=\"gray-text\"><font style=\"vertical-align: inherit;\"><font style=\"vertical-align: inherit;\">Posi\u00e7\u00e3o curta \u2013 Naturalmente, uma posi\u00e7\u00e3o curta \u00e9 o oposto da longa; aqui, um investidor antecipa que o valor do ativo subjacente cair\u00e1. As negocia\u00e7\u00f5es curtas podem muitas vezes ser utilizadas no mesmo ativo em que o investidor det\u00e9m uma posi\u00e7\u00e3o longa, permitindo-lhe obter lucro em quedas de valor a curto prazo. Uma negocia\u00e7\u00e3o a descoberto pode ser realizada por per\u00edodos t\u00e3o curtos quanto um minuto.<\/font><\/font><\/p>\n<p class=\"gray-text\"><font style=\"vertical-align: inherit;\"><font style=\"vertical-align: inherit;\">Ativo subjacente \u2013 O pre\u00e7o de um CFD obtido de um ativo f\u00edsico no mercado e intimamente ligado a ele.<\/font><\/font><\/p>\n<p class=\"gray-text\"><font style=\"vertical-align: inherit;\"><font style=\"vertical-align: inherit;\">Exposi\u00e7\u00e3o \u2013 Refere-se ao valor real da sua negocia\u00e7\u00e3o, independentemente do valor que voc\u00ea tenha na sua conta de negocia\u00e7\u00e3o de CFD. Por exemplo, se o seu trader puder lhe dar um CFD avaliado em US$ 5.000 a 5% do seu valor, ou seja, apenas US$ 250. Sua exposi\u00e7\u00e3o ainda \u00e9 de US$ 5.000 e voc\u00ea \u00e9 respons\u00e1vel pelo valor total.<\/font><\/font><\/p>\n<p class=\"gray-text\"><font style=\"vertical-align: inherit;\"><font style=\"vertical-align: inherit;\">Spread \u2013 Nem todos os traders de CFD cobram comiss\u00f5es, mas ganham atrav\u00e9s da diferen\u00e7a entre o valor real de um ativo subjacente e o valor que \u00e9 oferecido aos clientes. Por exemplo, um CFD de posi\u00e7\u00e3o longa para uma a\u00e7\u00e3o que est\u00e1 atualmente avaliada em $10 pode ser oferecido a $10,20, pelo que o seu valor teria de subir acima de $10,20 para o cliente lucrar com a posi\u00e7\u00e3o longa.<\/font><\/font><\/p>\n<p class=\"gray-text\"><strong><font style=\"vertical-align: inherit;\"><font style=\"vertical-align: inherit;\">Alavancagem e margem na negocia\u00e7\u00e3o de CFD<\/font><\/font><\/strong><\/p>\n<p class=\"gray-text\"><font style=\"vertical-align: inherit;\"><font style=\"vertical-align: inherit;\">Uma grande parte do apelo dos CFDs \u00e9 que exigem um pequeno desembolso de capital em compara\u00e7\u00e3o com o valor real (exposi\u00e7\u00e3o). Permite que pequenos investidores negociem ativos subjacentes que normalmente estariam fora do seu alcance. Isto \u00e9 conhecido como alavancagem ou negocia\u00e7\u00e3o com margem.<\/font><\/font><\/p>\n<p class=\"gray-text\"><font style=\"vertical-align: inherit;\"><font style=\"vertical-align: inherit;\">Uma conta t\u00edpica de negocia\u00e7\u00e3o de a\u00e7\u00f5es geralmente oferece aos investidores uma alavancagem de 2:1, o que significa que voc\u00ea precisa ter 50% do valor da exposi\u00e7\u00e3o em sua conta de negocia\u00e7\u00e3o. Por outro lado, uma conta de negocia\u00e7\u00e3o de CFD oferece alavancagem na regi\u00e3o de 20:1, o que representa apenas 5% do valor total da exposi\u00e7\u00e3o.<\/font><\/font><\/p>\n<p class=\"gray-text\"><font style=\"vertical-align: inherit;\"><font style=\"vertical-align: inherit;\">Por exemplo, se voc\u00ea tiver uma conta de negocia\u00e7\u00e3o de a\u00e7\u00f5es em uma corretora tradicional e quiser comprar 1.000 a\u00e7\u00f5es avaliadas em US$ 10, voc\u00ea precisar\u00e1 ter pelo menos US$ 5.000 (50% de 1.000 x US$ 10) nessa conta. Agora, se voc\u00ea comprar 1.000 contratos de CFD no valor de US$ 10 com um trader de CFD t\u00edpico, talvez precise ter apenas US$ 500 (5% de 1.000 x US$ 10) em sua conta.<\/font><\/font><\/p>\n<p class=\"gray-text\"><font style=\"vertical-align: inherit;\"><font style=\"vertical-align: inherit;\">Assim, embora a exposi\u00e7\u00e3o (e a sua responsabilidade) seja de $10.000 em ambos os casos, pode assumir essa posi\u00e7\u00e3o por muito menos no caso de um CFD. Voc\u00ea tem direito ao seu lucro ou preju\u00edzo como se tivesse comprado 100% antecipadamente.<\/font><\/font><\/p>\n<p class=\"gray-text\"><font style=\"vertical-align: inherit;\"><font style=\"vertical-align: inherit;\">Se o investimento n\u00e3o der certo a seu favor, o trader de CFD entrar\u00e1 em contato com voc\u00ea para compensar a diferen\u00e7a. Isto \u00e9 conhecido como \u201cchamada de margem\u201d. Refere-se ao valor que voc\u00ea precisa depositar em sua conta de negocia\u00e7\u00e3o de CFD para sustentar as perdas.<\/font><\/font><\/p>\n<p class=\"gray-text\"><strong><font style=\"vertical-align: inherit;\"><font style=\"vertical-align: inherit;\">Vantagens e Desvantagens<\/font><\/font><\/strong><\/p>\n<p class=\"gray-text\"><font style=\"vertical-align: inherit;\"><font style=\"vertical-align: inherit;\">Tal como acontece com qualquer produto do seu portf\u00f3lio, existem vantagens e desvantagens nos CFDs. Compreend\u00ea-los permitir\u00e1 que voc\u00ea tome melhores decis\u00f5es antes de entrar no mercado.<\/font><\/font><\/p>\n<p class=\"gray-text\"><strong><font style=\"vertical-align: inherit;\"><font style=\"vertical-align: inherit;\">Vantagens dos CFDs<\/font><\/font><\/strong><\/p>\n<ul>\n<li><font style=\"vertical-align: inherit;\"><font style=\"vertical-align: inherit;\">Alcance \u2013 A capacidade de negociar ativos subjacentes de alto valor por um pequeno dep\u00f3sito.<\/font><\/font><\/li>\n<li><font style=\"vertical-align: inherit;\"><font style=\"vertical-align: inherit;\">Custo \u2013 Normalmente n\u00e3o h\u00e1 comiss\u00e3o cobrada numa transa\u00e7\u00e3o de CFD.<\/font><\/font><\/li>\n<li><font style=\"vertical-align: inherit;\"><font style=\"vertical-align: inherit;\">Velocidade \u2013 Um contrato CFD \u00e9 ativado imediatamente quando voc\u00ea aceita a cota\u00e7\u00e3o do trader.<\/font><\/font><\/li>\n<li><font style=\"vertical-align: inherit;\"><font style=\"vertical-align: inherit;\">Acessibilidade \u2013 Os CFDs est\u00e3o dispon\u00edveis 24 horas por dia em uma plataforma online como a IronWave Capital.<\/font><\/font><\/li>\n<\/ul>\n<p class=\"gray-text\"><strong><font style=\"vertical-align: inherit;\"><font style=\"vertical-align: inherit;\">Desvantagens dos CFDs<\/font><\/font><\/strong><\/p>\n<ul>\n<li><font style=\"vertical-align: inherit;\"><font style=\"vertical-align: inherit;\">Risco \u2013 O pequeno valor do desembolso pode levar os investidores a assumir riscos desnecess\u00e1rios.<\/font><\/font><\/li>\n<li><font style=\"vertical-align: inherit;\"><font style=\"vertical-align: inherit;\">Entrada \u2013 Investir em a\u00e7\u00f5es atrav\u00e9s de CFDs exclui os direitos dos acionistas, como a participa\u00e7\u00e3o na AGM.<\/font><\/font><\/li>\n<li><font style=\"vertical-align: inherit;\"><font style=\"vertical-align: inherit;\">Custo \u2013 Alguns CFDs incorrem em custos de manuten\u00e7\u00e3o no final de cada dia de negocia\u00e7\u00e3o.<\/font><\/font><\/li>\n<\/ul>\n<p class=\"gray-text\"><strong><font style=\"vertical-align: inherit;\"><font style=\"vertical-align: inherit;\">IronWaveCapital USP<\/font><\/font><\/strong><\/p>\n<p class=\"gray-text\"><font style=\"vertical-align: inherit;\"><font style=\"vertical-align: inherit;\">IronWave Capital \u00e9 uma plataforma de negocia\u00e7\u00e3o online que permite negociar CFDs com ativos subjacentes de todo o mundo. As nossas taxas e encargos baixos, bem como os nossos spreads estreitos, d\u00e3o-lhe a oportunidade de negociar com uma corretora competitiva.<\/font><\/font><\/p>\n<\/div>\n<\/section>\n","protected":false},"excerpt":{"rendered":"<p>Negocia\u00e7\u00e3o de CFDs A negocia\u00e7\u00e3o por Contrato por Diferen\u00e7a (CFD) \u00e9 um m\u00e9todo de negocia\u00e7\u00e3o de baixo custo para investidores novatos e experientes. Pode negociar o valor de uma a\u00e7\u00e3o em bolsa de valores, commodities ou \u00edndices, incluindo metais preciosos e at\u00e9 criptomoedas. Dado que o seu valor deriva do valor desses ativos, um CFD [&hellip;]<\/p>\n","protected":false},"author":1,"featured_media":0,"parent":0,"menu_order":0,"comment_status":"closed","ping_status":"closed","template":"","meta":{"footnotes":""},"class_list":["post-921","page","type-page","status-publish","hentry"],"_links":{"self":[{"href":"https:\/\/www.ironwave-capital.com\/pt-pt\/wp-json\/wp\/v2\/pages\/921","targetHints":{"allow":["GET"]}}],"collection":[{"href":"https:\/\/www.ironwave-capital.com\/pt-pt\/wp-json\/wp\/v2\/pages"}],"about":[{"href":"https:\/\/www.ironwave-capital.com\/pt-pt\/wp-json\/wp\/v2\/types\/page"}],"author":[{"embeddable":true,"href":"https:\/\/www.ironwave-capital.com\/pt-pt\/wp-json\/wp\/v2\/users\/1"}],"replies":[{"embeddable":true,"href":"https:\/\/www.ironwave-capital.com\/pt-pt\/wp-json\/wp\/v2\/comments?post=921"}],"version-history":[{"count":1,"href":"https:\/\/www.ironwave-capital.com\/pt-pt\/wp-json\/wp\/v2\/pages\/921\/revisions"}],"predecessor-version":[{"id":922,"href":"https:\/\/www.ironwave-capital.com\/pt-pt\/wp-json\/wp\/v2\/pages\/921\/revisions\/922"}],"wp:attachment":[{"href":"https:\/\/www.ironwave-capital.com\/pt-pt\/wp-json\/wp\/v2\/media?parent=921"}],"curies":[{"name":"wp","href":"https:\/\/api.w.org\/{rel}","templated":true}]}}