{"id":876,"date":"2024-08-29T07:56:34","date_gmt":"2024-08-29T07:56:34","guid":{"rendered":"https:\/\/www.ironwavecapital.com\/affiliate-program-2\/"},"modified":"2024-08-29T12:05:05","modified_gmt":"2024-08-29T12:05:05","slug":"affiliate-program-2","status":"publish","type":"page","link":"https:\/\/www.ironwave-capital.com\/es\/affiliate-program-2\/","title":{"rendered":"Affiliate Program"},"content":{"rendered":"<style>\n.wpcf7-response-output{\ncolor: black;\n}\n<\/style>\n<section class=\"py-5 top-banner\">\n<div class=\"elementor-background-overlay\"><\/div>\n<div class=\"container\">\n<div class=\"row py-5\">\n<div class=\"col-md-12\">\n<div class=\"text-center\">\n<div class=\"hero_title\">\n                                Programa de afiliados\n                            <\/div>\n<\/p><\/div>\n<div style=\"color:white; z-index: 1;position: relative;\">\u00danase a nuestro lucrativo programa de afiliados<br \/>\nDeje su informaci\u00f3n de contacto a continuaci\u00f3n y nos comunicaremos con usted lo antes posible<\/div>\n<\/p><\/div>\n<\/p><\/div>\n<\/p><\/div>\n<\/section>\n<section class=\"container py-5\">\n<div class=\"row\">\n<div class=\"col-md-12\">\n<div class=\"contant-container cf-container\">\n<h2 class=\"text-left\" style=\"color:black\">Programa de afiliados<\/h2>\n<\/p>\n\n<div class=\"wpcf7 no-js\" id=\"wpcf7-f881-o1\" lang=\"en-US\" dir=\"ltr\">\n<div class=\"screen-reader-response\"><p role=\"status\" aria-live=\"polite\" aria-atomic=\"true\"><\/p> <ul><\/ul><\/div>\n<form action=\"\/es\/wp-json\/wp\/v2\/pages\/876#wpcf7-f881-o1\" method=\"post\" class=\"wpcf7-form init\" aria-label=\"Contact form\" novalidate=\"novalidate\" data-status=\"init\">\n<div style=\"display: none;\">\n<input type=\"hidden\" name=\"_wpcf7\" value=\"881\" \/>\n<input type=\"hidden\" name=\"_wpcf7_version\" value=\"5.9.8\" \/>\n<input type=\"hidden\" name=\"_wpcf7_locale\" value=\"en_US\" \/>\n<input type=\"hidden\" name=\"_wpcf7_unit_tag\" value=\"wpcf7-f881-o1\" \/>\n<input type=\"hidden\" name=\"_wpcf7_container_post\" value=\"0\" \/>\n<input type=\"hidden\" name=\"_wpcf7_posted_data_hash\" value=\"\" \/>\n<\/div>\n<p><label> nombre de afiliado<\/label><br \/>\n<span class=\"wpcf7-form-control-wrap\" data-name=\"affiliate-name\"><input size=\"40\" maxlength=\"400\" class=\"wpcf7-form-control wpcf7-text wpcf7-validates-as-required\" autocomplete=\"name\" aria-required=\"true\" aria-invalid=\"false\" placeholder=\"nombre de afiliado\" value=\"\" type=\"text\" name=\"affiliate-name\" \/><\/span>\n<\/p>\n<p><label> Tu correo electr\u00f3nico <\/label><br \/>\n<span class=\"wpcf7-form-control-wrap\" data-name=\"your-email\"><input size=\"40\" maxlength=\"400\" class=\"wpcf7-form-control wpcf7-email wpcf7-validates-as-required wpcf7-text wpcf7-validates-as-email\" autocomplete=\"email\" aria-required=\"true\" aria-invalid=\"false\" placeholder=\"name@company.com\" value=\"\" type=\"email\" name=\"your-email\" \/><\/span>\n<\/p>\n<p><label> Telegram <\/label><br \/>\n<span class=\"wpcf7-form-control-wrap\" data-name=\"telegram\"><input size=\"40\" maxlength=\"400\" class=\"wpcf7-form-control wpcf7-text\" aria-invalid=\"false\" placeholder=\"telegram\" value=\"\" type=\"text\" name=\"telegram\" \/><\/span>\n<\/p>\n<p><label> Descripci\u00f3n <\/label><br \/>\n<span class=\"wpcf7-form-control-wrap\" data-name=\"your-message\"><textarea cols=\"40\" rows=\"10\" maxlength=\"2000\" class=\"wpcf7-form-control wpcf7-textarea wpcf7-validates-as-required\" aria-required=\"true\" aria-invalid=\"false\" placeholder=\"\" name=\"your-message\"><\/textarea><\/span>\n<\/p>\n<p><input class=\"wpcf7-form-control wpcf7-submit has-spinner\" type=\"submit\" value=\"Submit\" \/>\n<\/p><div class=\"wpcf7-response-output\" aria-hidden=\"true\"><\/div>\n<\/form>\n<\/div>\n<\/div>\n<\/p><\/div>\n<\/p><\/div>\n<\/section>\n","protected":false},"excerpt":{"rendered":"<p>Programa de afiliados \u00danase a nuestro lucrativo programa de afiliados Deje su informaci\u00f3n de contacto a continuaci\u00f3n y nos comunicaremos con usted lo antes posible Programa de afiliados<\/p>\n","protected":false},"author":1,"featured_media":0,"parent":0,"menu_order":0,"comment_status":"closed","ping_status":"closed","template":"page-no-banner.php","meta":{"footnotes":""},"class_list":["post-876","page","type-page","status-publish","hentry"],"_links":{"self":[{"href":"https:\/\/www.ironwave-capital.com\/es\/wp-json\/wp\/v2\/pages\/876","targetHints":{"allow":["GET"]}}],"collection":[{"href":"https:\/\/www.ironwave-capital.com\/es\/wp-json\/wp\/v2\/pages"}],"about":[{"href":"https:\/\/www.ironwave-capital.com\/es\/wp-json\/wp\/v2\/types\/page"}],"author":[{"embeddable":true,"href":"https:\/\/www.ironwave-capital.com\/es\/wp-json\/wp\/v2\/users\/1"}],"replies":[{"embeddable":true,"href":"https:\/\/www.ironwave-capital.com\/es\/wp-json\/wp\/v2\/comments?post=876"}],"version-history":[{"count":1,"href":"https:\/\/www.ironwave-capital.com\/es\/wp-json\/wp\/v2\/pages\/876\/revisions"}],"predecessor-version":[{"id":882,"href":"https:\/\/www.ironwave-capital.com\/es\/wp-json\/wp\/v2\/pages\/876\/revisions\/882"}],"wp:attachment":[{"href":"https:\/\/www.ironwave-capital.com\/es\/wp-json\/wp\/v2\/media?parent=876"}],"curies":[{"name":"wp","href":"https:\/\/api.w.org\/{rel}","templated":true}]}}