{"id":703,"date":"2024-08-13T08:03:23","date_gmt":"2024-08-13T08:03:23","guid":{"rendered":"https:\/\/www.ironwavecapital.com\/commodities\/"},"modified":"2024-08-19T10:59:43","modified_gmt":"2024-08-19T10:59:43","slug":"commodities","status":"publish","type":"page","link":"https:\/\/www.ironwave-capital.com\/es\/commodities\/","title":{"rendered":"Commodities"},"content":{"rendered":"<section class=\"py-5 content-iron\">\n<div class=\"container\">\n<p class=\"gray-text\"><strong><font style=\"vertical-align: inherit;\"><font style=\"vertical-align: inherit;\">Materias primas<\/font><\/font><\/strong><\/p>\n<p class=\"gray-text\"><font style=\"vertical-align: inherit;\"><font style=\"vertical-align: inherit;\">Los productos b\u00e1sicos forman una parte importante de todas nuestras vidas. Sin productos b\u00e1sicos no tendr\u00edamos tocino, cereales y jugo de naranja para nuestro desayuno. No tomar\u00edamos caf\u00e9 para ponernos en marcha por la ma\u00f1ana, ni cacao para nuestros dulces chocolates. Dado que las mercanc\u00edas son los bienes b\u00e1sicos que utilizamos a lo largo de nuestra vida, estar\u00edamos perdidos sin ellas. Los productos tradicionales incluyen cereales como el trigo y el ma\u00edz, as\u00ed como productos m\u00e1s ex\u00f3ticos como el cacao y el caf\u00e9.<\/font><\/font><\/p>\n<p class=\"gray-text\"><font style=\"vertical-align: inherit;\"><font style=\"vertical-align: inherit;\">Para los comerciantes, las materias primas pueden ser una excelente manera de diversificar el comercio lejos del mercado de divisas o de acciones. Todos los productos agr\u00edcolas tienden a tener per\u00edodos de gran volatilidad que pueden presentar excelentes oportunidades. Tambi\u00e9n tienen muy poca correlaci\u00f3n con las acciones y las divisas, por lo que pueden ser una buena alternativa a los mercados de acciones y de divisas.<\/font><\/font><\/p>\n<p class=\"gray-text\"><font style=\"vertical-align: inherit;\"><font style=\"vertical-align: inherit;\">Antes de la llegada de los corredores en l\u00ednea como IronWave Capital, el comercio de materias primas estaba fuera del alcance del inversor medio. Aquellos que quer\u00edan comerciar con estos productos b\u00e1sicos tuvieron que invertir no s\u00f3lo cantidades significativas de dinero, sino tambi\u00e9n grandes cantidades de tiempo para obtener la experiencia necesaria para seguir estos mercados con \u00e9xito. Eso significaba que el comercio de materias primas se limitaba principalmente a los comerciantes profesionales de cada mercado individual.<\/font><\/font><\/p>\n<p class=\"gray-text\"><font style=\"vertical-align: inherit;\"><font style=\"vertical-align: inherit;\">Hoy en d\u00eda, gracias a Internet y a la f\u00e1cil difusi\u00f3n de informaci\u00f3n, cualquiera puede participar en el comercio de materias primas. Todo lo que necesitas es una conexi\u00f3n a Internet, una peque\u00f1a cantidad de dinero para comenzar y una cuenta con un corredor en l\u00ednea, como IronWave Capital.<\/font><\/font><\/p>\n<p class=\"gray-text\"><strong><font style=\"vertical-align: inherit;\"><font style=\"vertical-align: inherit;\">Contratos de productos b\u00e1sicos populares<\/font><\/font><\/strong><\/p>\n<p class=\"gray-text\"><font style=\"vertical-align: inherit;\"><font style=\"vertical-align: inherit;\">Los contratos de materias primas m\u00e1s populares para los comerciantes son los siguientes:<\/font><\/font><\/p>\n<ul>\n<li><font style=\"vertical-align: inherit;\"><font style=\"vertical-align: inherit;\">Az\u00facar<\/font><\/font><\/li>\n<li><font style=\"vertical-align: inherit;\"><font style=\"vertical-align: inherit;\">Algod\u00f3n<\/font><\/font><\/li>\n<li><font style=\"vertical-align: inherit;\"><font style=\"vertical-align: inherit;\">Leche<\/font><\/font><\/li>\n<li><font style=\"vertical-align: inherit;\"><font style=\"vertical-align: inherit;\">Zumo de naranja<\/font><\/font><\/li>\n<li><font style=\"vertical-align: inherit;\"><font style=\"vertical-align: inherit;\">Cacao<\/font><\/font><\/li>\n<li><font style=\"vertical-align: inherit;\"><font style=\"vertical-align: inherit;\">Caf\u00e9<\/font><\/font><\/li>\n<li><font style=\"vertical-align: inherit;\"><font style=\"vertical-align: inherit;\">Ma\u00edz<\/font><\/font><\/li>\n<li><font style=\"vertical-align: inherit;\"><font style=\"vertical-align: inherit;\">Arroz<\/font><\/font><\/li>\n<li><font style=\"vertical-align: inherit;\"><font style=\"vertical-align: inherit;\">soja<\/font><\/font><\/li>\n<\/ul>\n<p class=\"gray-text\"><strong><font style=\"vertical-align: inherit;\"><font style=\"vertical-align: inherit;\">Trigo<\/font><\/font><\/strong><\/p>\n<p class=\"gray-text\"><font style=\"vertical-align: inherit;\"><font style=\"vertical-align: inherit;\">Como puede ver, hay muchos mercados en los que negociarse dentro del \u00e1mbito de las materias primas. Cada uno tiene sus propias tendencias y caracter\u00edsticas, lo que significa que siempre habr\u00e1 una oportunidad en alguna parte. \u00bfQuiz\u00e1s haya una helada temprana en Florida? Esto normalmente dar\u00eda lugar a un aumento de los precios del zumo de naranja, debido a los da\u00f1os sufridos por los cultivos de naranja. Los cereales pueden ser particularmente vol\u00e1tiles durante la temporada de siembra de primavera y la temporada de crecimiento de verano. Esto es especialmente cierto cuando los patrones clim\u00e1ticos difieren de la norma. En la mayor\u00eda de los casos, el clima jugar\u00e1 un papel importante en los movimientos de los precios de las materias primas, por lo que probablemente deber\u00eda familiarizarse con los patrones clim\u00e1ticos globales si planea operar con materias primas.<\/font><\/font><\/p>\n<p class=\"gray-text\"><font style=\"vertical-align: inherit;\"><font style=\"vertical-align: inherit;\">Otra forma de analizar los productos agr\u00edcolas es observar cualquier situaci\u00f3n en la que se produzca un aumento de la demanda combinado con una oferta limitada por cualquier motivo. Puede estar relacionado con el clima, alguna enfermedad en el cultivo o el ganado, o incluso algo que dificulte la cosecha o el env\u00edo del producto. Todas estas situaciones pueden brindar a los comerciantes oportunidades en los productos agr\u00edcolas.<\/font><\/font><\/p>\n<p class=\"gray-text\"><strong><font style=\"vertical-align: inherit;\"><font style=\"vertical-align: inherit;\">Ventajas del comercio de materias primas en IronWave Capital<\/font><\/font><\/strong><\/p>\n<p class=\"gray-text\"><font style=\"vertical-align: inherit;\"><font style=\"vertical-align: inherit;\">Uno de los mercados que consideramos un excelente lugar para comenzar es el mercado del cacao. Los comerciantes que reci\u00e9n comienzan a operar con materias primas parecen captar f\u00e1cilmente los detalles de este mercado. IronWave Capital puede ayudarle con nuestros materiales educativos profundos que le asesorar\u00e1n sobre los aspectos fundamentales que mueven los precios del cacao. Tambi\u00e9n contamos con gu\u00edas detalladas sobre operaciones t\u00e9cnicas, que pueden ayudar a reconocer buenos puntos de entrada y salida en el mercado.<\/font><\/font><\/p>\n<p class=\"gray-text\"><font style=\"vertical-align: inherit;\"><font style=\"vertical-align: inherit;\">Pero no es necesario que sea cacao. Cualquiera de los productos que le interesen puede ser un buen punto de partida. Tal vez el caf\u00e9 sea su pasi\u00f3n, o tal vez sienta que puede comprender mejor las complejidades del mercado del az\u00facar. IronWave Capital puede ayudarle en su recorrido comercial con nuestros CFD sobre materias primas y nuestra secci\u00f3n de educaci\u00f3n.<\/font><\/font><\/p>\n<p class=\"gray-text\"><font style=\"vertical-align: inherit;\"><font style=\"vertical-align: inherit;\">Debido a que los mercados de materias primas pueden ser muy vol\u00e1tiles, invertir directamente a trav\u00e9s de futuros es una propuesta extremadamente arriesgada, especialmente para aquellos que tienen poca experiencia con la materia prima en cuesti\u00f3n. Aquellos que reci\u00e9n comienzan en los mercados de materias primas estar\u00e1n mucho mejor atendidos utilizando los productos CFD que ofrece IronWave Capital en lugar de los futuros tradicionales donde podr\u00edan perder todo su dep\u00f3sito y m\u00e1s si una operaci\u00f3n va en su contra.<\/font><\/font><\/p>\n<p class=\"gray-text\"><font style=\"vertical-align: inherit;\"><font style=\"vertical-align: inherit;\">Pruebe la plataforma IronWave Capital con una cuenta de demostraci\u00f3n y vea c\u00f3mo es el comercio de cacao aqu\u00ed en IronWave Capital. Estamos dispuestos a apostar que le gustar\u00e1 y que pronto estar\u00e1 listo para abrir su propia cuenta comercial con nosotros para comenzar a operar con CFD sobre cacao.<\/font><\/font><\/p>\n<\/p><\/div>\n<\/section>\n","protected":false},"excerpt":{"rendered":"<p>Materias primas Los productos b\u00e1sicos forman una parte importante de todas nuestras vidas. Sin productos b\u00e1sicos no tendr\u00edamos tocino, cereales y jugo de naranja para nuestro desayuno. No tomar\u00edamos caf\u00e9 para ponernos en marcha por la ma\u00f1ana, ni cacao para nuestros dulces chocolates. Dado que las mercanc\u00edas son los bienes b\u00e1sicos que utilizamos a lo [&hellip;]<\/p>\n","protected":false},"author":1,"featured_media":0,"parent":0,"menu_order":0,"comment_status":"closed","ping_status":"closed","template":"","meta":{"footnotes":""},"class_list":["post-703","page","type-page","status-publish","hentry"],"_links":{"self":[{"href":"https:\/\/www.ironwave-capital.com\/es\/wp-json\/wp\/v2\/pages\/703","targetHints":{"allow":["GET"]}}],"collection":[{"href":"https:\/\/www.ironwave-capital.com\/es\/wp-json\/wp\/v2\/pages"}],"about":[{"href":"https:\/\/www.ironwave-capital.com\/es\/wp-json\/wp\/v2\/types\/page"}],"author":[{"embeddable":true,"href":"https:\/\/www.ironwave-capital.com\/es\/wp-json\/wp\/v2\/users\/1"}],"replies":[{"embeddable":true,"href":"https:\/\/www.ironwave-capital.com\/es\/wp-json\/wp\/v2\/comments?post=703"}],"version-history":[{"count":1,"href":"https:\/\/www.ironwave-capital.com\/es\/wp-json\/wp\/v2\/pages\/703\/revisions"}],"predecessor-version":[{"id":704,"href":"https:\/\/www.ironwave-capital.com\/es\/wp-json\/wp\/v2\/pages\/703\/revisions\/704"}],"wp:attachment":[{"href":"https:\/\/www.ironwave-capital.com\/es\/wp-json\/wp\/v2\/media?parent=703"}],"curies":[{"name":"wp","href":"https:\/\/api.w.org\/{rel}","templated":true}]}}