{"id":699,"date":"2024-08-13T08:20:21","date_gmt":"2024-08-13T08:20:21","guid":{"rendered":"https:\/\/www.ironwavecapital.com\/share-and-stock\/"},"modified":"2024-08-19T10:56:39","modified_gmt":"2024-08-19T10:56:39","slug":"share-and-stock","status":"publish","type":"page","link":"https:\/\/www.ironwave-capital.com\/es\/share-and-stock\/","title":{"rendered":"Share and Stock"},"content":{"rendered":"<section class=\"py-5 content-iron\">\n<div class=\"container\">\n<p class=\"gray-text\"><strong><font style=\"vertical-align: inherit;\"><font style=\"vertical-align: inherit;\">Compartir y cotizar<\/font><\/font><\/strong><\/p>\n<p class=\"gray-text\"><font style=\"vertical-align: inherit;\"><font style=\"vertical-align: inherit;\">Una \u00abacci\u00f3n\u00bb se refiere a una acci\u00f3n de una empresa que un miembro del p\u00fablico puede comprar. Al comprar una acci\u00f3n, ese individuo se convierte, de forma limitada, en copropietario de la empresa. Una empresa que permite al p\u00fablico comprar acciones se conoce como \u00abempresa que cotiza en bolsa\u00bb.<\/font><\/font><\/p>\n<p class=\"gray-text\"><font style=\"vertical-align: inherit;\"><font style=\"vertical-align: inherit;\">Surge la pregunta de por qu\u00e9 los propietarios originales que fundaron y establecieron la empresa regalar\u00edan una parte de su empresa a personas que probablemente nunca conocer\u00e1n o conocer\u00e1n. La respuesta es el crecimiento del capital. Al vender una parte limitada de la empresa, los propietarios reciben una inyecci\u00f3n de efectivo que les permite ampliar a\u00fan m\u00e1s la empresa. Mientras tanto, no pierden la propiedad ni el control sobre el rumbo general que toma la empresa.<\/font><\/font><\/p>\n<p class=\"gray-text\"><font style=\"vertical-align: inherit;\"><font style=\"vertical-align: inherit;\">Por otro lado, un individuo que compra una acci\u00f3n de una empresa, en esencia, vincula su inversi\u00f3n a la suerte de la empresa. Un aumento en el valor de las acciones, ayudado en parte por la compra de acciones de la empresa, genera ganancias. Esa ganancia es proporcional al aumento porcentual del valor de la acci\u00f3n desde el d\u00eda en que realizaron la compra.<\/font><\/font><\/p>\n<p class=\"gray-text\"><font style=\"vertical-align: inherit;\"><font style=\"vertical-align: inherit;\">Las empresas tambi\u00e9n recompensan a los accionistas con dividendos, que son una parte de las ganancias operativas de la empresa. Estos dividendos se pagan peri\u00f3dicamente a los accionistas en proporci\u00f3n a la cantidad de acciones que poseen.<\/font><\/font><\/p>\n<p class=\"gray-text\"><font style=\"vertical-align: inherit;\"><font style=\"vertical-align: inherit;\">La negociaci\u00f3n de acciones ha sido durante mucho tiempo una de las inversiones m\u00e1s seguras que se pueden realizar a t\u00edtulo privado. Una cartera de acciones diversa es una forma fiable de aumentar su propio capital, tanto a largo como a corto plazo.<\/font><\/font><\/p>\n<p class=\"gray-text\"><font style=\"vertical-align: inherit;\"><font style=\"vertical-align: inherit;\">Una gran parte de la popularidad del comercio de acciones es que cualquiera puede aprender a operar con acciones sin necesidad de una educaci\u00f3n o capacitaci\u00f3n exhaustiva.<\/font><\/font><\/p>\n<p class=\"gray-text\"><strong><font style=\"vertical-align: inherit;\"><font style=\"vertical-align: inherit;\">Condiciones de negociaci\u00f3n de CFD sobre acciones<\/font><\/font><\/strong><\/p>\n<p class=\"gray-text\"><font style=\"vertical-align: inherit;\"><font style=\"vertical-align: inherit;\">Una de las formas m\u00e1s sencillas y c\u00f3modas de negociar acciones es a trav\u00e9s de un CFD (Contrato por Diferencias). Como sugiere el nombre, se refiere a un contrato realizado cuyo valor depende de la diferencia entre el valor de apertura y cierre de una acci\u00f3n.<\/font><\/font><\/p>\n<p class=\"gray-text\"><font style=\"vertical-align: inherit;\"><font style=\"vertical-align: inherit;\">Con los CFD sobre acciones de IronWave Capital, puede invertir en acciones de un mercado concreto sin ninguna propiedad directa de las acciones en s\u00ed. Es la forma sencilla y c\u00f3moda de invertir en un mercado prometedor si no se tiene acceso directo a \u00e9l.<\/font><\/font><\/p>\n<p class=\"gray-text\"><strong><font style=\"vertical-align: inherit;\"><font style=\"vertical-align: inherit;\">Acciones populares<\/font><\/font><\/strong><\/p>\n<p class=\"gray-text\"><font style=\"vertical-align: inherit;\"><font style=\"vertical-align: inherit;\">El valor de las acciones de una empresa fluct\u00faa a lo largo del d\u00eda y este movimiento depende de factores como:<\/font><\/font><\/p>\n<ul>\n<li><font style=\"vertical-align: inherit;\"><font style=\"vertical-align: inherit;\">Sentimiento general del mercado<\/font><\/font><\/li>\n<li><font style=\"vertical-align: inherit;\"><font style=\"vertical-align: inherit;\">\u00c1rea de especializaci\u00f3n y desempe\u00f1o de la industria.<\/font><\/font><\/li>\n<li><font style=\"vertical-align: inherit;\"><font style=\"vertical-align: inherit;\">Cambios recientes y futuros en la industria<\/font><\/font><\/li>\n<li><font style=\"vertical-align: inherit;\"><font style=\"vertical-align: inherit;\">Expectativas de p\u00e9rdidas y ganancias<\/font><\/font><\/li>\n<li><font style=\"vertical-align: inherit;\"><font style=\"vertical-align: inherit;\">Estabilidad o inestabilidad dentro de la empresa.<\/font><\/font><\/li>\n<li><font style=\"vertical-align: inherit;\"><font style=\"vertical-align: inherit;\">La gravedad de cada factor afecta cu\u00e1n dr\u00e1stica es la tendencia al alza o a la baja en el precio de las acciones. Las acciones m\u00e1s populares son las de empresas que est\u00e1n en mejores condiciones para obtener beneficios en un futuro pr\u00f3ximo. Pueden ser acciones heredadas como Ford y Microsoft o participantes m\u00e1s recientes como Tesla.<\/font><\/font><\/li>\n<\/ul>\n<p class=\"gray-text\"><font style=\"vertical-align: inherit;\"><font style=\"vertical-align: inherit;\">Su popularidad es un reflejo de la evaluaci\u00f3n del mercado sobre su pr\u00f3ximo desempe\u00f1o, como un aumento en el precio de las acciones que indica una perspectiva positiva para la empresa. Otras empresas saltan a la fama gracias a desarrollos o innovaciones que las sit\u00faan en la mejor posici\u00f3n para obtener enormes beneficios. Debido a que el valor de las inversiones de los accionistas aumenta cuando este es el caso, estas empresas r\u00e1pidamente figuran en la lista de expertos en inversiones de \u00abacciones para negociar\u00bb.<\/font><\/font><\/p>\n<p class=\"gray-text\"><strong><font style=\"vertical-align: inherit;\"><font style=\"vertical-align: inherit;\">Ventajas de negociar acciones y participaciones en IronWave Capital<\/font><\/font><\/strong><\/p>\n<p class=\"gray-text\"><font style=\"vertical-align: inherit;\"><font style=\"vertical-align: inherit;\">La plataforma de negociaci\u00f3n IronWave Capital re\u00fane algunas de las funciones m\u00e1s populares del comercio en l\u00ednea. En esencia, es un sistema simple y transparente que le brinda un control sin precedentes sobre sus propias inversiones.<\/font><\/font><\/p>\n<p class=\"gray-text\"><font style=\"vertical-align: inherit;\"><font style=\"vertical-align: inherit;\">Usar IronWave Capital es quiz\u00e1s la forma m\u00e1s sencilla de negociar acciones en l\u00ednea, ya que no hay documentos f\u00edsicos para intercambiar. Todo lo que necesita es una configuraci\u00f3n inicial que conecte sus datos a la cuenta en la que desea que se acrediten sus ganancias.<\/font><\/font><\/p>\n<p class=\"gray-text\"><font style=\"vertical-align: inherit;\"><font style=\"vertical-align: inherit;\">Cuando opera utilizando su cuenta IronWave Capital, nosotros nos encargamos de todos los tr\u00e1mites de negociaci\u00f3n y intercambio de acciones. Esto significa que podr\u00e1 disfrutar de la libertad de negociar acciones sin ninguna complicaci\u00f3n.<\/font><\/font><\/p>\n<p class=\"gray-text\"><font style=\"vertical-align: inherit;\"><font style=\"vertical-align: inherit;\">La otra ventaja irresistible es el acceso comercial perpetuo, las 24 horas del d\u00eda, los 7 d\u00edas de la semana. Siempre que una bolsa est\u00e9 abierta para operar, puede utilizar su cuenta IronWave Capital para operar con acciones que cotizan en ella.<\/font><\/font><\/p>\n<p class=\"gray-text\"><font style=\"vertical-align: inherit;\"><font style=\"vertical-align: inherit;\">Este conjunto de beneficios exclusivos convierte a IronWave Capital en una de las estrellas en ascenso del mercado de inversi\u00f3n en l\u00ednea. Miles de traders privados y profesionales ya se han unido a nosotros y han mejorado sus carteras. \u00danase a ellos hoy.<\/font><\/font><\/p>\n<\/p><\/div>\n<\/section>\n","protected":false},"excerpt":{"rendered":"<p>Compartir y cotizar Una \u00abacci\u00f3n\u00bb se refiere a una acci\u00f3n de una empresa que un miembro del p\u00fablico puede comprar. Al comprar una acci\u00f3n, ese individuo se convierte, de forma limitada, en copropietario de la empresa. Una empresa que permite al p\u00fablico comprar acciones se conoce como \u00abempresa que cotiza en bolsa\u00bb. Surge la pregunta [&hellip;]<\/p>\n","protected":false},"author":1,"featured_media":0,"parent":0,"menu_order":0,"comment_status":"closed","ping_status":"closed","template":"","meta":{"footnotes":""},"class_list":["post-699","page","type-page","status-publish","hentry"],"_links":{"self":[{"href":"https:\/\/www.ironwave-capital.com\/es\/wp-json\/wp\/v2\/pages\/699","targetHints":{"allow":["GET"]}}],"collection":[{"href":"https:\/\/www.ironwave-capital.com\/es\/wp-json\/wp\/v2\/pages"}],"about":[{"href":"https:\/\/www.ironwave-capital.com\/es\/wp-json\/wp\/v2\/types\/page"}],"author":[{"embeddable":true,"href":"https:\/\/www.ironwave-capital.com\/es\/wp-json\/wp\/v2\/users\/1"}],"replies":[{"embeddable":true,"href":"https:\/\/www.ironwave-capital.com\/es\/wp-json\/wp\/v2\/comments?post=699"}],"version-history":[{"count":1,"href":"https:\/\/www.ironwave-capital.com\/es\/wp-json\/wp\/v2\/pages\/699\/revisions"}],"predecessor-version":[{"id":701,"href":"https:\/\/www.ironwave-capital.com\/es\/wp-json\/wp\/v2\/pages\/699\/revisions\/701"}],"wp:attachment":[{"href":"https:\/\/www.ironwave-capital.com\/es\/wp-json\/wp\/v2\/media?parent=699"}],"curies":[{"name":"wp","href":"https:\/\/api.w.org\/{rel}","templated":true}]}}