{"id":695,"date":"2024-08-13T08:54:19","date_gmt":"2024-08-13T08:54:19","guid":{"rendered":"https:\/\/www.ironwavecapital.com\/cfd-trading\/"},"modified":"2024-08-19T10:53:52","modified_gmt":"2024-08-19T10:53:52","slug":"cfd-trading","status":"publish","type":"page","link":"https:\/\/www.ironwave-capital.com\/es\/cfd-trading\/","title":{"rendered":"CFD Trading"},"content":{"rendered":"<section class=\"py-5 content-iron\">\n<div class=\"container\">\n<p class=\"gray-text\"><strong><font style=\"vertical-align: inherit;\"><font style=\"vertical-align: inherit;\">Comercio de CFD<\/font><\/font><\/strong><\/p>\n<p class=\"gray-text\"><font style=\"vertical-align: inherit;\"><font style=\"vertical-align: inherit;\">La negociaci\u00f3n de contratos por diferencia (CFD) es un m\u00e9todo de negociaci\u00f3n de bajo desembolso tanto para inversores principiantes como expertos. Puede negociar el valor de una acci\u00f3n en bolsa, materia prima o \u00edndice, incluidos metales preciosos e incluso criptomonedas.<\/font><\/font><\/p>\n<p class=\"gray-text\"><font style=\"vertical-align: inherit;\"><font style=\"vertical-align: inherit;\">Debido a que su valor se deriva del valor de esos activos, un CFD es un \u00abderivado\u00bb. Los CFD no utilizan papel, son r\u00e1pidos y se caracterizan por su f\u00e1cil gesti\u00f3n, factores todos ellos que contribuyen significativamente a su creciente popularidad. Todas las transacciones son puramente contractuales y no existe entrega f\u00edsica de ning\u00fan producto.<\/font><\/font><\/p>\n<p class=\"gray-text\"><strong><font style=\"vertical-align: inherit;\"><font style=\"vertical-align: inherit;\">\u00bfC\u00f3mo funcionan los CFD?<\/font><\/font><\/strong><\/p>\n<p class=\"gray-text\"><font style=\"vertical-align: inherit;\"><font style=\"vertical-align: inherit;\">Los CFD son un producto extraburs\u00e1til, lo que significa que no cotizan en ninguna bolsa. En cambio, los comerciantes y los inversores negocian directamente entre s\u00ed aunque ninguno de los dos sea propietario del activo.<\/font><\/font><\/p>\n<p class=\"gray-text\"><font style=\"vertical-align: inherit;\"><font style=\"vertical-align: inherit;\">Del mismo modo, un inversor predice si el valor de un activo aumentar\u00e1 o disminuir\u00e1 en un per\u00edodo determinado, y el proveedor de CFD acepta el &#8216;cambio&#8217; por un valor acordado. Intercambias el valor de la diferencia de precio entre la apertura y el cierre del per\u00edodo de negociaci\u00f3n.<\/font><\/font><\/p>\n<p class=\"gray-text\"><font style=\"vertical-align: inherit;\"><font style=\"vertical-align: inherit;\">Lo que diferencia a los CFD de la compra normal de acciones, por ejemplo, es que no se paga el precio total por adelantado. En su lugar, s\u00f3lo se le exige tener entre el 1% y el 5% en su cuenta de operaciones de CFD. El resto del valor se lo \u00abpresta\u00bb la empresa de CFD.<\/font><\/font><\/p>\n<p class=\"gray-text\"><font style=\"vertical-align: inherit;\"><font style=\"vertical-align: inherit;\">El capital \u00abprestado\u00bb libera a los inversores para especular sobre una gama mucho m\u00e1s amplia de activos subyacentes que de otro modo ser\u00eda posible. La cantidad que una empresa le enviar\u00e1 suele ser proporcional a la cantidad que haya depositado en su cuenta comercial.<\/font><\/font><\/p>\n<p class=\"gray-text\"><strong><font style=\"vertical-align: inherit;\"><font style=\"vertical-align: inherit;\">Terminolog\u00eda b\u00e1sica de CFD<\/font><\/font><\/strong><\/p>\n<p class=\"gray-text\"><font style=\"vertical-align: inherit;\"><font style=\"vertical-align: inherit;\">Para comprender mejor los CFD antes de agregarlos a su cartera, debe aprender algunos t\u00e9rminos b\u00e1sicos de uso frecuente:<\/font><\/font><\/p>\n<p class=\"gray-text\"><font style=\"vertical-align: inherit;\"><font style=\"vertical-align: inherit;\">Posici\u00f3n larga: esto ocurre cuando se compra un activo con la anticipaci\u00f3n de que su valor aumentar\u00e1 durante el per\u00edodo del contrato. Las operaciones largas reciben su nombre del hecho de que generalmente se mantienen durante un per\u00edodo prolongado, que va desde un mes hasta m\u00e1s de un a\u00f1o.<\/font><\/font><\/p>\n<p class=\"gray-text\"><font style=\"vertical-align: inherit;\"><font style=\"vertical-align: inherit;\">Posici\u00f3n corta: naturalmente, una posici\u00f3n corta es lo opuesto a una larga; aqu\u00ed, un inversor anticipa que caer\u00e1 el valor del activo subyacente. Las operaciones cortas a menudo se pueden utilizar en el mismo activo en el que el inversor mantiene una posici\u00f3n larga, lo que le permite obtener ganancias en ca\u00eddas de valor a corto plazo. Se puede realizar una operaci\u00f3n corta por per\u00edodos tan cortos como un minuto.<\/font><\/font><\/p>\n<p class=\"gray-text\"><font style=\"vertical-align: inherit;\"><font style=\"vertical-align: inherit;\">Activo subyacente: el precio de un CFD obtenido de un activo f\u00edsico en el mercado e \u00edntimamente vinculado a \u00e9l.<\/font><\/font><\/p>\n<p class=\"gray-text\"><font style=\"vertical-align: inherit;\"><font style=\"vertical-align: inherit;\">Exposici\u00f3n: esto se refiere al valor real de su operaci\u00f3n, independientemente de la cantidad que tenga en su cuenta de operaciones de CFD. Por ejemplo, si su operador puede ofrecerle un CFD valorado en $5.000 al 5% de su valor, es decir, s\u00f3lo $250. Su exposici\u00f3n sigue siendo de $5,000 y usted es responsable del monto total.<\/font><\/font><\/p>\n<p class=\"gray-text\"><font style=\"vertical-align: inherit;\"><font style=\"vertical-align: inherit;\">Spread: no todos los operadores de CFD cobran comisiones, sino que ganan gracias a la diferencia entre el valor real de un activo subyacente y el valor que se ofrece a los clientes. Por ejemplo, un CFD de posici\u00f3n larga sobre acciones que actualmente est\u00e1 valorado en $10 se puede ofrecer a $10,20, por lo que su valor tendr\u00eda que aumentar por encima de $10,20 para que el cliente pueda beneficiarse de la posici\u00f3n larga.<\/font><\/font><\/p>\n<p class=\"gray-text\"><strong><font style=\"vertical-align: inherit;\"><font style=\"vertical-align: inherit;\">Apalancamiento y margen en el comercio de CFD<\/font><\/font><\/strong><\/p>\n<p class=\"gray-text\"><font style=\"vertical-align: inherit;\"><font style=\"vertical-align: inherit;\">Gran parte del atractivo que tienen los CFD es que requieren un peque\u00f1o desembolso de capital en comparaci\u00f3n con el valor real (exposici\u00f3n). Permite a los inversores m\u00e1s peque\u00f1os negociar con activos subyacentes que normalmente estar\u00edan fuera de su alcance. Esto se conoce como apalancamiento o negociaci\u00f3n con margen.<\/font><\/font><\/p>\n<p class=\"gray-text\"><font style=\"vertical-align: inherit;\"><font style=\"vertical-align: inherit;\">Una cuenta de negociaci\u00f3n de acciones y acciones t\u00edpica generalmente ofrece a los inversores un apalancamiento de 2:1, lo que significa que debe tener el 50% del valor de exposici\u00f3n en su cuenta de operaciones. Por el contrario, una cuenta de operaciones con CFD le ofrece un apalancamiento de alrededor de 20:1, que es s\u00f3lo el 5% del valor total de exposici\u00f3n.<\/font><\/font><\/p>\n<p class=\"gray-text\"><font style=\"vertical-align: inherit;\"><font style=\"vertical-align: inherit;\">Por ejemplo, si tiene una cuenta de negociaci\u00f3n de acciones con un corredor tradicional y desea comprar 1000 acciones valoradas en $10, necesitar\u00e1 tener al menos $5000 (50% de 1000 x $10) en esa cuenta. Ahora, si compra 1.000 contratos de un CFD por valor de $10 con un operador de CFD t\u00edpico, es posible que necesite tener solo $500 (5% de 1.000 x $10) en su cuenta.<\/font><\/font><\/p>\n<p class=\"gray-text\"><font style=\"vertical-align: inherit;\"><font style=\"vertical-align: inherit;\">Entonces, si bien la exposici\u00f3n (y su responsabilidad) es de $10,000 en ambos casos, usted puede tomar esa posici\u00f3n por mucho menos en el caso de un CFD. Tienes derecho a tus ganancias o p\u00e9rdidas como si las hubieras comprado al 100% por adelantado.<\/font><\/font><\/p>\n<p class=\"gray-text\"><font style=\"vertical-align: inherit;\"><font style=\"vertical-align: inherit;\">Si la inversi\u00f3n no resulta a su favor, el operador de CFD se pondr\u00e1 en contacto con usted para compensar la diferencia. Esto se conoce como \u00abllamada de margen\u00bb. Se refiere a la cantidad que necesita depositar en su cuenta de operaciones de CFD para soportar las p\u00e9rdidas.<\/font><\/font><\/p>\n<p class=\"gray-text\"><strong><font style=\"vertical-align: inherit;\"><font style=\"vertical-align: inherit;\">Ventajas y desventajas<\/font><\/font><\/strong><\/p>\n<p class=\"gray-text\"><font style=\"vertical-align: inherit;\"><font style=\"vertical-align: inherit;\">Como ocurre con cualquier producto de su cartera, los CFD tienen ventajas y desventajas. Comprenderlos le permitir\u00e1 tomar mejores decisiones antes de ingresar al mercado.<\/font><\/font><\/p>\n<p class=\"gray-text\"><strong><font style=\"vertical-align: inherit;\"><font style=\"vertical-align: inherit;\">Ventajas de los CFD<\/font><\/font><\/strong><\/p>\n<ul>\n<li><font style=\"vertical-align: inherit;\"><font style=\"vertical-align: inherit;\">Rango: la capacidad de negociar activos subyacentes de alto valor por un dep\u00f3sito peque\u00f1o.<\/font><\/font><\/li>\n<li><font style=\"vertical-align: inherit;\"><font style=\"vertical-align: inherit;\">Costo: generalmente no se cobra comisi\u00f3n por una transacci\u00f3n de CFD.<\/font><\/font><\/li>\n<li><font style=\"vertical-align: inherit;\"><font style=\"vertical-align: inherit;\">Velocidad: un contrato de CFD se activa inmediatamente cuando acepta la cotizaci\u00f3n del operador.<\/font><\/font><\/li>\n<li><font style=\"vertical-align: inherit;\"><font style=\"vertical-align: inherit;\">Accesibilidad: los CFD est\u00e1n disponibles las 24 horas del d\u00eda con una plataforma en l\u00ednea como IronWave Capital.<\/font><\/font><\/li>\n<\/ul>\n<p class=\"gray-text\"><strong><font style=\"vertical-align: inherit;\"><font style=\"vertical-align: inherit;\">Desventajas de los CFD<\/font><\/font><\/strong><\/p>\n<ul>\n<li><font style=\"vertical-align: inherit;\"><font style=\"vertical-align: inherit;\">Riesgo: el peque\u00f1o valor del desembolso puede tentar a los inversores a asumir riesgos innecesarios.<\/font><\/font><\/li>\n<li><font style=\"vertical-align: inherit;\"><font style=\"vertical-align: inherit;\">Entrada: invertir en acciones a trav\u00e9s de CFD excluye derechos de los accionistas como la participaci\u00f3n en la AGM.<\/font><\/font><\/li>\n<li><font style=\"vertical-align: inherit;\"><font style=\"vertical-align: inherit;\">Costo: algunos CFD incurren en costos de tenencia al final de cada d\u00eda de negociaci\u00f3n.<\/font><\/font><\/li>\n<\/ul>\n<p class=\"gray-text\"><strong><font style=\"vertical-align: inherit;\"><font style=\"vertical-align: inherit;\">USP de IronWave Capital<\/font><\/font><\/strong><\/p>\n<p class=\"gray-text\"><font style=\"vertical-align: inherit;\"><font style=\"vertical-align: inherit;\">IronWave Capital es una plataforma de negociaci\u00f3n en l\u00ednea que le permite negociar CFD con activos subyacentes de todo el mundo. Nuestras tarifas y cargos bajos, as\u00ed como nuestros diferenciales estrechos, le brindan la oportunidad de operar con un corredor competitivo.<\/font><\/font><\/p>\n<\/p><\/div>\n<\/section>\n","protected":false},"excerpt":{"rendered":"<p>Comercio de CFD La negociaci\u00f3n de contratos por diferencia (CFD) es un m\u00e9todo de negociaci\u00f3n de bajo desembolso tanto para inversores principiantes como expertos. Puede negociar el valor de una acci\u00f3n en bolsa, materia prima o \u00edndice, incluidos metales preciosos e incluso criptomonedas. Debido a que su valor se deriva del valor de esos activos, [&hellip;]<\/p>\n","protected":false},"author":1,"featured_media":0,"parent":0,"menu_order":0,"comment_status":"closed","ping_status":"closed","template":"","meta":{"footnotes":""},"class_list":["post-695","page","type-page","status-publish","hentry"],"_links":{"self":[{"href":"https:\/\/www.ironwave-capital.com\/es\/wp-json\/wp\/v2\/pages\/695","targetHints":{"allow":["GET"]}}],"collection":[{"href":"https:\/\/www.ironwave-capital.com\/es\/wp-json\/wp\/v2\/pages"}],"about":[{"href":"https:\/\/www.ironwave-capital.com\/es\/wp-json\/wp\/v2\/types\/page"}],"author":[{"embeddable":true,"href":"https:\/\/www.ironwave-capital.com\/es\/wp-json\/wp\/v2\/users\/1"}],"replies":[{"embeddable":true,"href":"https:\/\/www.ironwave-capital.com\/es\/wp-json\/wp\/v2\/comments?post=695"}],"version-history":[{"count":1,"href":"https:\/\/www.ironwave-capital.com\/es\/wp-json\/wp\/v2\/pages\/695\/revisions"}],"predecessor-version":[{"id":697,"href":"https:\/\/www.ironwave-capital.com\/es\/wp-json\/wp\/v2\/pages\/695\/revisions\/697"}],"wp:attachment":[{"href":"https:\/\/www.ironwave-capital.com\/es\/wp-json\/wp\/v2\/media?parent=695"}],"curies":[{"name":"wp","href":"https:\/\/api.w.org\/{rel}","templated":true}]}}