{"id":691,"date":"2024-08-13T09:01:56","date_gmt":"2024-08-13T09:01:56","guid":{"rendered":"https:\/\/www.ironwavecapital.com\/forex-trading\/"},"modified":"2024-08-19T10:51:54","modified_gmt":"2024-08-19T10:51:54","slug":"forex-trading","status":"publish","type":"page","link":"https:\/\/www.ironwave-capital.com\/es\/forex-trading\/","title":{"rendered":"Forex Trading"},"content":{"rendered":"<section class=\"py-5 content-iron\">\n<div class=\"container\">\n<p class=\"gray-text\"><strong><font style=\"vertical-align: inherit;\"><font style=\"vertical-align: inherit;\">Comercio de divisas<\/font><\/font><\/strong><\/p>\n<p class=\"gray-text\"><font style=\"vertical-align: inherit;\"><font style=\"vertical-align: inherit;\">Forex es una abreviatura de las palabras \u00abextranjero\u00bb y \u00abcambio\u00bb. M\u00e1s exactamente, es una versi\u00f3n abreviada de \u00abcambio de moneda extranjera\u00bb porque se refiere a transacciones en las que se vende una moneda para comprar otra. Si bien todos hemos practicado Forex ocasionalmente cuando viajamos internacionalmente, el comercio de divisas se refiere a transacciones de divisas con la intenci\u00f3n de obtener ganancias.<\/font><\/font><\/p>\n<p class=\"gray-text\"><font style=\"vertical-align: inherit;\"><font style=\"vertical-align: inherit;\">El comercio Forex es un segmento importante en la industria financiera internacional. Vale alrededor de 220 mil millones de d\u00f3lares por hora, una cifra que suma un valor de m\u00e1s de 5 billones de d\u00f3lares cada d\u00eda.<\/font><\/font><\/p>\n<p class=\"gray-text\"><font style=\"vertical-align: inherit;\"><font style=\"vertical-align: inherit;\">IronWave Capital es una plataforma de operaciones en l\u00ednea que le brinda el conocimiento y la tecnolog\u00eda para operar de manera inteligente y eficiente. Ofrecemos acceso instant\u00e1neo a software financiero de vanguardia basado en la aclamada plataforma MT4 (MetaTrader 4). Tambi\u00e9n se beneficiar\u00e1 de la experiencia proporcionada por nuestro equipo de administradores de cuentas acreditados.<\/font><\/font><\/p>\n<p class=\"gray-text\"><strong><font style=\"vertical-align: inherit;\"><font style=\"vertical-align: inherit;\">\u00bfC\u00f3mo funciona el comercio de divisas?<\/font><\/font><\/strong><\/p>\n<p class=\"gray-text\"><font style=\"vertical-align: inherit;\"><font style=\"vertical-align: inherit;\">El valor o la \u00abfuerza\u00bb de cada moneda del mundo est\u00e1 en constante cambio. Las estad\u00edsticas de empleo, las previsiones econ\u00f3micas y las decisiones del banco central de un pa\u00eds, as\u00ed como el sentimiento del mercado internacional y la actualidad, son s\u00f3lo algunos de los muchos factores que hacen subir o bajar su moneda.<\/font><\/font><\/p>\n<p class=\"gray-text\"><font style=\"vertical-align: inherit;\"><font style=\"vertical-align: inherit;\">Este movimiento hacia arriba o hacia abajo en Forex se refiere a pares de divisas, dos monedas cualesquiera que cotizan en el mercado de divisas.<\/font><\/font><\/p>\n<p class=\"gray-text\"><strong><font style=\"vertical-align: inherit;\"><font style=\"vertical-align: inherit;\">Pares de divisas<\/font><\/font><\/strong><\/p>\n<p class=\"gray-text\"><font style=\"vertical-align: inherit;\"><font style=\"vertical-align: inherit;\">Pr\u00e1cticamente cada naci\u00f3n tiene su propia moneda \u00fanica, lo que significa que existe una gran cantidad de combinaciones de pares de divisas. Sin embargo, casi el 80% de las transacciones mundiales de divisas involucran siete (7) monedas, a saber, USD (d\u00f3lar estadounidense), EUR (euro), GBP (libra brit\u00e1nica), JPY (yen japon\u00e9s), CHF (franco suizo), AUD (d\u00f3lar australiano). ) y CAD (d\u00f3lar canadiense).<\/font><\/font><\/p>\n<p class=\"gray-text\"><font style=\"vertical-align: inherit;\"><font style=\"vertical-align: inherit;\">El mercado Forex se centra en cuatro (4) categor\u00edas principales de todas las combinaciones posibles:<\/font><\/font><\/p>\n<p class=\"gray-text\"><font style=\"vertical-align: inherit;\"><font style=\"vertical-align: inherit;\">Pares principales: son combinaciones del USD con las otras seis (6) monedas, las m\u00e1s populares: USD\/EUR, GBP\/USD, USD\/JPY, USD\/CHF y AUD\/USD.<\/font><\/font><\/p>\n<p class=\"gray-text\"><font style=\"vertical-align: inherit;\"><font style=\"vertical-align: inherit;\">Pares menores: se refiere a transacciones de divisas entre las principales monedas con excepci\u00f3n del USD. Las combinaciones de pares menores comunes son EUR\/GBP, EUR\/CHF, EUR\/AUD y GBP\/JPY.<\/font><\/font><\/p>\n<p class=\"gray-text\"><font style=\"vertical-align: inherit;\"><font style=\"vertical-align: inherit;\">Ex\u00f3ticos: un par ex\u00f3tico suele ser el comercio entre uno de los siete (7) pares principales y la moneda de una econom\u00eda emergente m\u00e1s peque\u00f1a. Algunas combinaciones de pares ex\u00f3ticos populares son USD\/MXN (peso mexicano), USD\/KRW (won coreano) y USD\/SGD (d\u00f3lar de Singapur).<\/font><\/font><\/p>\n<p class=\"gray-text\"><font style=\"vertical-align: inherit;\"><font style=\"vertical-align: inherit;\">Pares regionales: como sugiere el nombre, se trata de operaciones de cambio entre naciones geogr\u00e1ficamente cercanas. En la regi\u00f3n europea, puede ser EUR\/NOK (corona noruega), mientras que AUD\/NZD (d\u00f3lar neozeland\u00e9s) es un ejemplo de la regi\u00f3n de Australasia.<\/font><\/font><\/p>\n<p class=\"gray-text\"><font style=\"vertical-align: inherit;\"><font style=\"vertical-align: inherit;\">Tenga en cuenta que no hay intercambio f\u00edsico de ninguna moneda cuando opera con divisas en IronWave Capital. En cambio, simplemente est\u00e1 especulando si la moneda que compra ser\u00e1 m\u00e1s fuerte frente a la moneda que vende. \u00c9ste es el sentido de una transacci\u00f3n comercial con CFD\/Forex.<\/font><\/font><\/p>\n<p class=\"gray-text\"><strong><font style=\"vertical-align: inherit;\"><font style=\"vertical-align: inherit;\">Mercados de operaciones de cambio<\/font><\/font><\/strong><\/p>\n<p class=\"gray-text\"><font style=\"vertical-align: inherit;\"><font style=\"vertical-align: inherit;\">Puede operar en Forex las 24 horas del d\u00eda, los 5 d\u00edas de la semana (de domingo por la noche a viernes por la noche). Esta oportunidad de operar durante todo el d\u00eda es posible porque hay cuatro (4) mercados de divisas principales repartidos en 4 zonas horarias: Nueva York, Londres, Tokio y Sydney.<\/font><\/font><\/p>\n<p class=\"gray-text\"><font style=\"vertical-align: inherit;\"><font style=\"vertical-align: inherit;\">Dentro de estos mercados hay tres (3) categor\u00edas diferentes de operaciones de cambio:<\/font><\/font><\/p>\n<p class=\"gray-text\"><font style=\"vertical-align: inherit;\"><font style=\"vertical-align: inherit;\">Forex al contado: el nombre aqu\u00ed se refiere a una transacci\u00f3n \u00abal momento\u00bb, es decir, una transacci\u00f3n inmediata o muy r\u00e1pida. El Forex al contado implica el intercambio f\u00edsico de pares de divisas.<\/font><\/font><\/p>\n<p class=\"gray-text\"><font style=\"vertical-align: inherit;\"><font style=\"vertical-align: inherit;\">Forex a plazo: este tipo de comercio de divisas fija al comprador y al vendedor a una tasa de conversi\u00f3n fija en un punto determinado en el futuro. Tanto la tarifa como el plazo los fijan las partes involucradas y generalmente no est\u00e1n disponibles p\u00fablicamente. Es inusual que se renegocien los t\u00e9rminos antes de que finalice el contrato.<\/font><\/font><\/p>\n<p class=\"gray-text\"><font style=\"vertical-align: inherit;\"><font style=\"vertical-align: inherit;\">Futuros: los futuros son una versi\u00f3n menos r\u00edgida del mercado de divisas a plazo. Permiten a las partes actualizar y modificar continuamente los t\u00e9rminos del contrato, factor que tambi\u00e9n los hace muy vol\u00e1tiles.<\/font><\/font><\/p>\n<p class=\"gray-text\"><strong><font style=\"vertical-align: inherit;\"><font style=\"vertical-align: inherit;\">Apalancamiento y spread en Forex<\/font><\/font><\/strong><\/p>\n<p class=\"gray-text\"><font style=\"vertical-align: inherit;\"><font style=\"vertical-align: inherit;\">Forex para inversores individuales es casi siempre un producto OTC (over-the-counter), lo que significa que se compone principalmente de divisas al contado. Esto se puede ampliar para incluir otras variantes seg\u00fan el valor de su cuenta comercial con IronWave Capital.<\/font><\/font><\/p>\n<p class=\"gray-text\">IronWave Capital gives you extraordinary access and versatility because we allow you to trade with leverage. Leverage refers to the factor by which we subsidize your initial investment when taking a position.<\/p>\n<p class=\"gray-text\">While you would need to deposit at least 50% with a standard stock trading account at a traditional broker, you can outlay as little as 5% of your trading value for a forex position with IronWave Capital. This allows you to trade on a much larger volume than would otherwise be possible.\/p&gt;<\/p>\n<p class=\"gray-text\">The amount of leverage may increase or decrease depending on your trading history, the type of transaction and other factors. Please note, that a spread does apply to every forex transaction. This refers to the difference between the quoted rates of a currency pair on the currency exchange and the figure available to investors.<\/p>\n<p class=\"gray-text\">For example, if the official GBP\/USD rate is 1.350, you may get a rate like 1.355 to buy and 1.345 to sell instead. A spread allows for fluctuations in the quote from when you inform us of your intent to trade on that currency pair and when we actually do so on currency exchange.<\/p>\n<p class=\"gray-text\"><strong>How to trade on forex market?<\/strong><\/p>\n<p class=\"gray-text\">Many investors are reluctant to enter the markets because they perceive trading to be complicated. It is definitely an advantage to have some basic knowledge of how financial investments works, and IronWave Capital makes it even simpler.<\/p>\n<p class=\"gray-text\">At the core of our operations is the MT4 platform. You can use it to find the price of a currency pair exchange, calculate the profit you will make on a planned transaction or speculate on futures.<\/p>\n<p class=\"gray-text\">The first step is to decide on the currency pair that you are interested in. This may depend on the price at which it is available compared to its price history and future projections. Once you have decided that, contact the forex trading company and tell them the amount that you want to invest.<\/p>\n<p class=\"gray-text\">Some companies may allow you to purchase the currency pair on credit, using the leveraging method we explained earlier. Please note that you may be liable for interest on the credit that is extended to you.<\/p>\n<p class=\"gray-text\">In a spot purchase, all you have to do is wait for the value of the currency that you bought to rise above the initial price and the spread. You can cash in your investment when you believe that the trend might go negative. If the currency you bought falls below its initial value, you can wait for a reversal or take a loss and pull out.<\/p>\n<p class=\"gray-text\">In either case, you will have to contact your trading company to finalize the transaction. Your profits will be sent directly to your account. In case of a loss, you may have to transfer cash into the account if it falls below the leverage extended to you.<\/p>\n<p class=\"gray-text\"><strong>Forex market Psychology<\/strong><\/p>\n<p class=\"gray-text\">Trading psychology is arguably as important as trading knowledge. The term refers to your attitude and response to changes in the market that affect your investments. Good trading psychology is developed over time and consists of avoiding these pitfalls:<\/p>\n<p class=\"gray-text\"><font style=\"vertical-align: inherit;\"><font style=\"vertical-align: inherit;\">Exceso de confianza O &#8216;S\u00e9&#8217; que el precio subir\u00e1\/bajar\u00e1&#8217; Esto surge de proyectar una peque\u00f1a tendencia en algo m\u00e1s grande sin la evidencia que la respalde.<\/font><\/font><\/p>\n<p class=\"gray-text\"><font style=\"vertical-align: inherit;\"><font style=\"vertical-align: inherit;\">Esperanza O &#8216;Continuar\u00e9 con esta estrategia perdedora con la esperanza de que las cosas cambien&#8217; Puede ser dif\u00edcil reducir las p\u00e9rdidas, y a\u00fan m\u00e1s dif\u00edcil a medida que aumentan las p\u00e9rdidas.<\/font><\/font><\/p>\n<p class=\"gray-text\"><font style=\"vertical-align: inherit;\"><font style=\"vertical-align: inherit;\">P\u00e1nico O &#8216;Estoy demasiado metido&#8217; El p\u00e1nico puede empujarle a tomar decisiones dr\u00e1sticas apresuradamente sin considerar mejores alternativas.<\/font><\/font><\/p>\n<p class=\"gray-text\"><strong><font style=\"vertical-align: inherit;\"><font style=\"vertical-align: inherit;\">USP de IronWave Capital<\/font><\/font><\/strong><\/p>\n<p class=\"gray-text\"><font style=\"vertical-align: inherit;\"><font style=\"vertical-align: inherit;\">IronWave Capital es una plataforma de operaciones en l\u00ednea que le permite operar con pares de divisas de todo el mundo. Nuestras tarifas y cargos bajos, as\u00ed como nuestros diferenciales estrechos, le brindan la oportunidad de operar con un corredor competitivo incluso cuando realiza una peque\u00f1a inversi\u00f3n financiera.<\/font><\/font><\/p>\n<\/p><\/div>\n<\/section>\n","protected":false},"excerpt":{"rendered":"<p>Comercio de divisas Forex es una abreviatura de las palabras \u00abextranjero\u00bb y \u00abcambio\u00bb. M\u00e1s exactamente, es una versi\u00f3n abreviada de \u00abcambio de moneda extranjera\u00bb porque se refiere a transacciones en las que se vende una moneda para comprar otra. Si bien todos hemos practicado Forex ocasionalmente cuando viajamos internacionalmente, el comercio de divisas se refiere [&hellip;]<\/p>\n","protected":false},"author":1,"featured_media":0,"parent":0,"menu_order":0,"comment_status":"closed","ping_status":"closed","template":"","meta":{"footnotes":""},"class_list":["post-691","page","type-page","status-publish","hentry"],"_links":{"self":[{"href":"https:\/\/www.ironwave-capital.com\/es\/wp-json\/wp\/v2\/pages\/691","targetHints":{"allow":["GET"]}}],"collection":[{"href":"https:\/\/www.ironwave-capital.com\/es\/wp-json\/wp\/v2\/pages"}],"about":[{"href":"https:\/\/www.ironwave-capital.com\/es\/wp-json\/wp\/v2\/types\/page"}],"author":[{"embeddable":true,"href":"https:\/\/www.ironwave-capital.com\/es\/wp-json\/wp\/v2\/users\/1"}],"replies":[{"embeddable":true,"href":"https:\/\/www.ironwave-capital.com\/es\/wp-json\/wp\/v2\/comments?post=691"}],"version-history":[{"count":1,"href":"https:\/\/www.ironwave-capital.com\/es\/wp-json\/wp\/v2\/pages\/691\/revisions"}],"predecessor-version":[{"id":692,"href":"https:\/\/www.ironwave-capital.com\/es\/wp-json\/wp\/v2\/pages\/691\/revisions\/692"}],"wp:attachment":[{"href":"https:\/\/www.ironwave-capital.com\/es\/wp-json\/wp\/v2\/media?parent=691"}],"curies":[{"name":"wp","href":"https:\/\/api.w.org\/{rel}","templated":true}]}}