{"id":687,"date":"2024-08-13T11:53:46","date_gmt":"2024-08-13T11:53:46","guid":{"rendered":"https:\/\/www.ironwavecapital.com\/precious-metals\/"},"modified":"2024-08-19T10:49:30","modified_gmt":"2024-08-19T10:49:30","slug":"precious-metals","status":"publish","type":"page","link":"https:\/\/www.ironwave-capital.com\/es\/precious-metals\/","title":{"rendered":"Precious Metals"},"content":{"rendered":"<section class=\"py-5 content-iron\">\n<div class=\"container\">\n<p class=\"gray-text\"><strong><font style=\"vertical-align: inherit;\"><font style=\"vertical-align: inherit;\">Metales preciosos<\/font><\/font><\/strong><\/p>\n<p class=\"gray-text\"><font style=\"vertical-align: inherit;\"><font style=\"vertical-align: inherit;\">Los metales preciosos se encuentran entre la amplia gama de recursos naturales que se comercializan todos los d\u00edas en los mercados mundiales. Salvo circunstancias imprevistas, el precio de un metal en particular depende en gran medida de una ecuaci\u00f3n de oferta y demanda. El precio actual de un metal se denomina precio al contado y el comercio al contado de metales es la compra y venta de metales en una moneda particular.<\/font><\/font><\/p>\n<p class=\"gray-text\"><font style=\"vertical-align: inherit;\"><font style=\"vertical-align: inherit;\">Si bien los precios de los metales son consistentes en todo el mundo despu\u00e9s de tener en cuenta el cambio de divisas, el comercio al contado de metales depende de los precios de los metales frente a una moneda en particular. Las fluctuaciones en los precios de los metales, combinadas con los cambios en los mercados de divisas, dan una dimensi\u00f3n adicional de ganancias al inversor astuto.<\/font><\/font><\/p>\n<p class=\"gray-text\"><font style=\"vertical-align: inherit;\"><font style=\"vertical-align: inherit;\">Adem\u00e1s del comercio al contado de metales, el comercio de materias primas es otra opci\u00f3n que un inversor puede querer considerar. Materias primas como el petr\u00f3leo crudo, el carb\u00f3n y el esta\u00f1o tambi\u00e9n son buenas alternativas, dependiendo de las condiciones del mercado.<\/font><\/font><\/p>\n<p class=\"gray-text\"><font style=\"vertical-align: inherit;\"><font style=\"vertical-align: inherit;\">El comercio al contado de oro est\u00e1 disponible las 24 horas del d\u00eda, 5 d\u00edas a la semana, siempre que los mercados est\u00e9n abiertos al comercio. La entrega del producto objeto de negociaci\u00f3n suele ser 2 d\u00edas h\u00e1biles despu\u00e9s de que se haya finalizado la operaci\u00f3n. Esto contrasta con el comercio de futuros, donde no hay intercambio f\u00edsico de bienes, s\u00f3lo de efectivo.<\/font><\/font><\/p>\n<p class=\"gray-text\"><strong><font style=\"vertical-align: inherit;\"><font style=\"vertical-align: inherit;\">Metales al contado populares<\/font><\/font><\/strong><\/p>\n<p class=\"gray-text\"><font style=\"vertical-align: inherit;\"><font style=\"vertical-align: inherit;\">Los metales preciosos m\u00e1s populares para el comercio al contado de metales son:<\/font><\/font><\/p>\n<ul>\n<li><font style=\"vertical-align: inherit;\"><font style=\"vertical-align: inherit;\">Oro<\/font><\/font><\/li>\n<li><font style=\"vertical-align: inherit;\"><font style=\"vertical-align: inherit;\">Plata<\/font><\/font><\/li>\n<li><font style=\"vertical-align: inherit;\"><font style=\"vertical-align: inherit;\">Platino<\/font><\/font><\/li>\n<li><font style=\"vertical-align: inherit;\"><font style=\"vertical-align: inherit;\">Paladio<\/font><\/font><\/li>\n<\/ul>\n<p class=\"gray-text\"><font style=\"vertical-align: inherit;\"><font style=\"vertical-align: inherit;\">Estos metales al contado deben su popularidad en el comercio de materias primas a su valor intr\u00ednseco a largo plazo. El comercio de oro en particular est\u00e1 relacionado con el estatus del oro como el recurso m\u00e1s seguro en tiempos de incertidumbre.<\/font><\/font><\/p>\n<p class=\"gray-text\"><font style=\"vertical-align: inherit;\"><font style=\"vertical-align: inherit;\">Esto contrasta con el mercado de valores, que es donde la mayor\u00eda de los inversores depositan su dinero cuando la econom\u00eda est\u00e1 en alza. Como resultado, el oro y el mercado de valores generalmente est\u00e1n inversamente relacionados entre s\u00ed: cuando uno cae, el otro sube y viceversa.<\/font><\/font><\/p>\n<p class=\"gray-text\"><font style=\"vertical-align: inherit;\"><font style=\"vertical-align: inherit;\">Si bien el oro es ampliamente considerado como el metal m\u00e1s precioso, no es as\u00ed. Debido a su escasez, metales como el platino y el paladio se valoran significativamente m\u00e1s que el oro. Este valor no es constante y, en particular, su uso en industrias de alta tecnolog\u00eda ha provocado que los precios comerciales de ciertos metales se multipliquen en un corto per\u00edodo.<\/font><\/font><\/p>\n<p class=\"gray-text\"><font style=\"vertical-align: inherit;\"><font style=\"vertical-align: inherit;\">El comercio de oro en l\u00ednea le permite aprovechar su alto valor frente a las principales monedas del mundo, por ejemplo:<\/font><\/font><\/p>\n<ul>\n<li><font style=\"vertical-align: inherit;\"><font style=\"vertical-align: inherit;\">D\u00f3lar estadounidense (USD)<\/font><\/font><\/li>\n<li><font style=\"vertical-align: inherit;\"><font style=\"vertical-align: inherit;\">Euro (EUR)<\/font><\/font><\/li>\n<li><font style=\"vertical-align: inherit;\"><font style=\"vertical-align: inherit;\">Libra de Gran Breta\u00f1a (GBP)<\/font><\/font><\/li>\n<\/ul>\n<p class=\"gray-text\"><font style=\"vertical-align: inherit;\"><font style=\"vertical-align: inherit;\">Los precios de los metales al contado dependen de las condiciones econ\u00f3micas mundiales, as\u00ed como del efecto de eventos vol\u00e1tiles de corto plazo como desastres naturales y guerras. Un factor de presi\u00f3n menos dr\u00e1stico y m\u00e1s previsible sobre los precios es la demanda estacional de metales y piedras preciosos utilizados en joyer\u00eda. Cada uno de estos recursos ve un aumento en los precios que coincide con festivales y celebraciones internacionales.<\/font><\/font><\/p>\n<p class=\"gray-text\"><font style=\"vertical-align: inherit;\"><font style=\"vertical-align: inherit;\">Ex\u00f3ticos: un par ex\u00f3tico suele ser el comercio entre uno de los siete (7) pares principales y la moneda de una econom\u00eda emergente m\u00e1s peque\u00f1a. Algunas combinaciones de pares ex\u00f3ticos populares son USD\/MXN (peso mexicano), USD\/KRW (won coreano) y USD\/SGD (d\u00f3lar de Singapur).<\/font><\/font><\/p>\n<p class=\"gray-text\"><font style=\"vertical-align: inherit;\"><font style=\"vertical-align: inherit;\">La demanda de metales preciosos se centra en Asia, particularmente en India y China. Por otro lado, Europa y Am\u00e9rica del Norte lideran el comercio de materias primas.<\/font><\/font><\/p>\n<p class=\"gray-text\"><strong><font style=\"vertical-align: inherit;\"><font style=\"vertical-align: inherit;\">Ventajas del comercio de oro en IronWave Capital<\/font><\/font><\/strong><\/p>\n<p class=\"gray-text\"><font style=\"vertical-align: inherit;\"><font style=\"vertical-align: inherit;\">Todos los precios al contado de los metales preciosos est\u00e1n en un estado de cambio constante, especialmente durante los cinco d\u00edas laborables. Estos precios pueden subir y bajar dependiendo de una variedad de factores las 24 horas del d\u00eda. Esto significa que simplemente hay demasiada informaci\u00f3n para que cualquier individuo pueda absorberla y procesarla.<\/font><\/font><\/p>\n<p class=\"gray-text\"><font style=\"vertical-align: inherit;\"><font style=\"vertical-align: inherit;\">La alternativa r\u00e1pida, f\u00e1cil y conveniente es comenzar a operar con oro en IronWave Capital. IronWave Capital compara los precios de las operaciones al contado del oro con todas las monedas populares, as\u00ed como los precios de las operaciones al contado de otros metales preciosos. Esta informaci\u00f3n se presenta a nuestros clientes en nuestra plataforma en un formato f\u00e1cil de entender. Esto le permite identificar y predecir tendencias que afectar\u00e1n su cartera de inversiones y ajustar sus valores en consecuencia.<\/font><\/font><\/p>\n<p class=\"gray-text\"><font style=\"vertical-align: inherit;\"><font style=\"vertical-align: inherit;\">Hemos creado esta plataforma intuitiva basada en muchos a\u00f1os de experiencia en el campo del comercio de metales preciosos. Hemos aprendido de nuestros miles de clientes qu\u00e9 funciona mejor y hemos ajustado nuestro conjunto de servicios para mantenernos al d\u00eda con sus expectativas e innovaciones del mercado.<\/font><\/font><\/p>\n<p class=\"gray-text\"><font style=\"vertical-align: inherit;\"><font style=\"vertical-align: inherit;\">En IronWave Capital, obtiene tecnolog\u00eda de vanguardia que ofrece detalles sin precedentes de forma pr\u00e1cticamente instant\u00e1nea. Nuestra amplia gama de instrumentos comerciales le brinda un control total sobre el valor y la diversidad de sus inversiones. Las decisiones comerciales que usted toma se implementan a una velocidad vertiginosa para mantenerlo al tanto y al tanto de la evoluci\u00f3n del mercado.<\/font><\/font><\/p>\n<p class=\"gray-text\"><font style=\"vertical-align: inherit;\"><font style=\"vertical-align: inherit;\">P\u00f3ngase en contacto con IronWave Capital hoy para descubrir c\u00f3mo podemos transformar sus experiencias comerciales ordinarias en extraordinarias de la noche a la ma\u00f1ana.<\/font><\/font><\/p>\n<\/p><\/div>\n<\/section>\n","protected":false},"excerpt":{"rendered":"<p>Metales preciosos Los metales preciosos se encuentran entre la amplia gama de recursos naturales que se comercializan todos los d\u00edas en los mercados mundiales. Salvo circunstancias imprevistas, el precio de un metal en particular depende en gran medida de una ecuaci\u00f3n de oferta y demanda. El precio actual de un metal se denomina precio al [&hellip;]<\/p>\n","protected":false},"author":1,"featured_media":0,"parent":0,"menu_order":0,"comment_status":"closed","ping_status":"closed","template":"","meta":{"footnotes":""},"class_list":["post-687","page","type-page","status-publish","hentry"],"_links":{"self":[{"href":"https:\/\/www.ironwave-capital.com\/es\/wp-json\/wp\/v2\/pages\/687","targetHints":{"allow":["GET"]}}],"collection":[{"href":"https:\/\/www.ironwave-capital.com\/es\/wp-json\/wp\/v2\/pages"}],"about":[{"href":"https:\/\/www.ironwave-capital.com\/es\/wp-json\/wp\/v2\/types\/page"}],"author":[{"embeddable":true,"href":"https:\/\/www.ironwave-capital.com\/es\/wp-json\/wp\/v2\/users\/1"}],"replies":[{"embeddable":true,"href":"https:\/\/www.ironwave-capital.com\/es\/wp-json\/wp\/v2\/comments?post=687"}],"version-history":[{"count":1,"href":"https:\/\/www.ironwave-capital.com\/es\/wp-json\/wp\/v2\/pages\/687\/revisions"}],"predecessor-version":[{"id":689,"href":"https:\/\/www.ironwave-capital.com\/es\/wp-json\/wp\/v2\/pages\/687\/revisions\/689"}],"wp:attachment":[{"href":"https:\/\/www.ironwave-capital.com\/es\/wp-json\/wp\/v2\/media?parent=687"}],"curies":[{"name":"wp","href":"https:\/\/api.w.org\/{rel}","templated":true}]}}