{"id":683,"date":"2024-08-13T12:05:06","date_gmt":"2024-08-13T12:05:06","guid":{"rendered":"https:\/\/www.ironwavecapital.com\/cryptocurrency\/"},"modified":"2024-08-19T10:47:15","modified_gmt":"2024-08-19T10:47:15","slug":"cryptocurrency","status":"publish","type":"page","link":"https:\/\/www.ironwave-capital.com\/es\/cryptocurrency\/","title":{"rendered":"Cryptocurrency"},"content":{"rendered":"<section class=\"py-5 content-iron\">\n<div class=\"container\">\n<p class=\"gray-text\"><strong><font style=\"vertical-align: inherit;\"><font style=\"vertical-align: inherit;\">Criptomoneda<\/font><\/font><\/strong><\/p>\n<p class=\"gray-text\"><font style=\"vertical-align: inherit;\"><font style=\"vertical-align: inherit;\">Una criptomoneda es dinero en formato exclusivamente digital. Quiz\u00e1s se pregunte por qu\u00e9 necesitamos esto; despu\u00e9s de todo, su banco le permite realizar transacciones digitales a nivel local y en todo el mundo, mientras que las billeteras digitales como Skrill y PayPal le brindan la posibilidad de prescindir de los bancos para fines pr\u00e1cticamente ilimitados.<\/font><\/font><\/p>\n<p class=\"gray-text\"><font style=\"vertical-align: inherit;\"><font style=\"vertical-align: inherit;\">Sin embargo, una criptomoneda es capaz de mucho m\u00e1s. IronWave Capital analiza los conceptos b\u00e1sicos de las criptomonedas desde la perspectiva de un inversor potencial.<\/font><\/font><\/p>\n<p class=\"gray-text\"><strong><font style=\"vertical-align: inherit;\"><font style=\"vertical-align: inherit;\">\u00bfQu\u00e9 son las criptomonedas?<\/font><\/font><\/strong><\/p>\n<p class=\"gray-text\"><font style=\"vertical-align: inherit;\"><font style=\"vertical-align: inherit;\">En 2009, el lanzamiento de la primera criptomoneda del mundo, Bitcoin, intrig\u00f3 a mucha gente. Alarm\u00f3 a\u00fan m\u00e1s. Nombres establecidos en las finanzas y la banca dijeron lo que esperaban que fuera cierto: que las criptomonedas eran s\u00f3lo una moda pasajera y pronto desaparecer\u00edan. Sucedi\u00f3 lo contrario; Actualmente ya hay m\u00e1s de 2.000 criptomonedas diferentes en circulaci\u00f3n.<\/font><\/font><\/p>\n<p class=\"gray-text\"><font style=\"vertical-align: inherit;\"><font style=\"vertical-align: inherit;\">A pesar de este aumento exponencial en n\u00famero y de la aceptaci\u00f3n generalizada gradual (aunque en gran medida a rega\u00f1adientes), no mucha gente entiende realmente c\u00f3mo funciona un sistema de criptomonedas.<\/font><\/font><\/p>\n<p class=\"gray-text\"><strong><font style=\"vertical-align: inherit;\"><font style=\"vertical-align: inherit;\">Una introducci\u00f3n a las criptomonedas<\/font><\/font><\/strong><\/p>\n<p class=\"gray-text\"><font style=\"vertical-align: inherit;\"><font style=\"vertical-align: inherit;\">Primero, el nombre. \u00abCriptomoneda\u00bb es una combinaci\u00f3n de las palabras \u00abcifrado\u00bb y \u00abmoneda\u00bb. Esta es una referencia a cada unidad de la moneda que contiene informaci\u00f3n cifrada de su valor y todas las transacciones en las que ha estado involucrada. Este registro digital se llama &#8216;blockchain&#8217;.<\/font><\/font><\/p>\n<p class=\"gray-text\"><font style=\"vertical-align: inherit;\"><font style=\"vertical-align: inherit;\">Adem\u00e1s, las criptomonedas son un medio de intercambio exclusivamente digital. A diferencia de una moneda tradicional, no existe una versi\u00f3n f\u00edsica de una criptomoneda y todas las transacciones son electr\u00f3nicas. En este sentido, las criptomonedas presagian la visi\u00f3n de una sociedad sin efectivo que los escritores han imaginado durante mucho tiempo.<\/font><\/font><\/p>\n<p class=\"gray-text\"><font style=\"vertical-align: inherit;\"><font style=\"vertical-align: inherit;\">En tercer lugar, las criptomonedas se \u00abextraen\u00bb de forma an\u00e1loga a c\u00f3mo los bancos centrales imprimen moneda. Sin embargo, el proceso de miner\u00eda es mucho m\u00e1s complicado. Computadoras muy poderosas tienen que trabajar sin cesar para crear una \u00fanica cadena de bloques que sea parte integral de una criptomoneda. Esto requiere inmensos esfuerzos y recursos.<\/font><\/font><\/p>\n<p class=\"gray-text\"><strong><font style=\"vertical-align: inherit;\"><font style=\"vertical-align: inherit;\">Bitcoin (BTC)<\/font><\/font><\/strong><\/p>\n<p class=\"gray-text\"><font style=\"vertical-align: inherit;\"><font style=\"vertical-align: inherit;\">Bitcoin, la primera y, con diferencia, la m\u00e1s popular criptomoneda, es una creaci\u00f3n de un individuo en Jap\u00f3n que utiliza el seud\u00f3nimo de Satoshi Nakamoto. Cuando Nakamoto lanz\u00f3 Bitcoin en 2009, su objetivo era crear una red de pagos entre pares que sucediera a plataformas como PayPal porque no ten\u00eda tarifas.<\/font><\/font><\/p>\n<p class=\"gray-text\"><font style=\"vertical-align: inherit;\"><font style=\"vertical-align: inherit;\">Fue el primer uso de blockchain para este prop\u00f3sito. Bitcoin toma \u00abbloques\u00bb de informaci\u00f3n que registran una transacci\u00f3n y, cuando Bitcoin se utiliza en otra transacci\u00f3n, se agrega otro bloque a los bloques anteriores, creando una \u00abcadena de bloques\u00bb. Bitcoin se cre\u00f3 como un recurso finito y la miner\u00eda de Bitcoin terminar\u00e1 despu\u00e9s de que se hayan creado 21 millones de Bitcoins.<\/font><\/font><\/p>\n<p class=\"gray-text\"><strong><font style=\"vertical-align: inherit;\"><font style=\"vertical-align: inherit;\">Etereum (ETH)<\/font><\/font><\/strong><\/p>\n<p class=\"gray-text\"><font style=\"vertical-align: inherit;\"><font style=\"vertical-align: inherit;\">Aunque Ethereum es una plataforma bastante reciente, ya que se lanz\u00f3 apenas en 2015, es el mayor rival de Bitcoin. Los tokens de Ethereum se llaman &#8216;Ether&#8217; y tienen el mayor porcentaje de participaci\u00f3n por capitalizaci\u00f3n de mercado del mundo de criptomonedas despu\u00e9s de Bitcoin. Su atractivo es que ofrece m\u00e1s que una simple moneda, sino una plataforma de software completa.<\/font><\/font><\/p>\n<p class=\"gray-text\"><font style=\"vertical-align: inherit;\"><font style=\"vertical-align: inherit;\">Si bien Ether conserva la base de la cadena de bloques para su funcionalidad, la versatilidad incorporada le permite actuar como un reemplazo de aplicaciones, almacenamiento en la nube y soluciones de pago. Un ecosistema aut\u00f3nomo de esta naturaleza puede potencialmente revolucionar la forma en que todas las transacciones e interacciones ocurren en l\u00ednea. La otra ventaja de Ethereum es que su proceso de miner\u00eda de bloques es significativamente m\u00e1s r\u00e1pido que el de Bitcoin.<\/font><\/font><\/p>\n<p class=\"gray-text\"><strong><font style=\"vertical-align: inherit;\"><font style=\"vertical-align: inherit;\">Ondulaci\u00f3n (XRP)<\/font><\/font><\/strong><\/p>\n<p class=\"gray-text\"><font style=\"vertical-align: inherit;\"><font style=\"vertical-align: inherit;\">Ripple es un token criptogr\u00e1fico creado por los laboratorios Ripple desde 2012. Tambi\u00e9n utiliza el registro de transacciones retrospectivo para validar sus monedas como Bitcoin y Ethereum. El punto de venta \u00fanico de Ripple es su fluidez: a diferencia de la mayor\u00eda de las otras criptomonedas, puede manejar transacciones de casi cualquier moneda.<\/font><\/font><\/p>\n<p class=\"gray-text\"><font style=\"vertical-align: inherit;\"><font style=\"vertical-align: inherit;\">Esta caracter\u00edstica ha llevado a una aceptaci\u00f3n generalizada de una manera que ha eludido a sus competidores, incluida la adopci\u00f3n por parte de instituciones financieras. Ripple ya es la tercera criptomoneda m\u00e1s grande por capitalizaci\u00f3n de mercado. Lo inusual es que las monedas XRP no se pueden extraer. En su lanzamiento se crearon 100 mil millones de XRP y sus creadores dicen que no se emitir\u00e1n m\u00e1s.<\/font><\/font><\/p>\n<p class=\"gray-text\"><strong><font style=\"vertical-align: inherit;\"><font style=\"vertical-align: inherit;\">\u00bfC\u00f3mo operar con CFD sobre criptomonedas?<\/font><\/font><\/strong><\/p>\n<p class=\"gray-text\">Just a single token of the most popular cryptocurrencies is valued at thousands of dollars. This puts them out of the reach of most investors. For those who do have the capital to invest, regular price movements result in almost negligible investment growth. However, investors can make good profits on cryptocurrencies through CFDs, due to the fact that CFDs are leveraged instruments. Although leverage can amplify profits, it also amplifies losses<\/p>\n<p class=\"gray-text\">A CFD is a Contract for Difference. While a regular investment involves the purchase of a physical or digital product, CFDs speculate solely on the direction in which the value of an instrument will move. This means that you do not actually buy or sell anything; instead, you make an educated assumption of the derivative\u2019s future price.<\/p>\n<p class=\"gray-text\">In this sense, you can make just as much money when the value falls!<\/p>\n<p class=\"gray-text\">The first step in trading cryptocurrency CFDs is to open a trading account with a reputable broker like IronWave Capital. You do not require a separate digital currency wallet but can use your regular trading account to invest in all the products that we offer.<\/p>\n<p class=\"gray-text\">Research is an invaluable tool for investors. Use the IronWave Capital Economic Calendar and current events to decide whether a cryptocurrency coin will change in value and in what period \u2013 a day, week or month. Use our online trading platform to place a CFD on the direction of the move and the system will deduct the relevant amount from your account and place it in the CFD.<\/p>\n<p class=\"gray-text\">Upon the maturity of the CFD, the system will check the relative position of the digital currency. If your speculation was correct, your investment and the profits are credited to your account. If the reverse happens, you will lose your investment and be liable for the cost of the CFD trade.<\/p>\n<p class=\"gray-text\">Please remember that trading on CFDs can incur losses in volatile markets. Invest and trade only with the money you can comfortably afford to lose.<\/p>\n<p class=\"gray-text\"><strong>What are the risks?<\/strong><\/p>\n<p class=\"gray-text\">Cryptocurrencies work similarly to the currencies of sovereign nations such as the US Dollar, British Pound and Japanese Yen. However, they operate in an area beyond the traditional controls \u2013 and safeguards \u2013 of central banks and currency reserves<\/p>\n<p class=\"gray-text\">The main concern for most investors considering investing in crypto is financial fraud. Despite sophisticated technology and security measures, there have been cases of hacked wallets. Take a considered approach, though. More companies have been caught fudging numbers than cryptocurrencies have been hacked.<\/p>\n<\/p><\/div>\n<\/section>\n","protected":false},"excerpt":{"rendered":"<p>Criptomoneda Una criptomoneda es dinero en formato exclusivamente digital. Quiz\u00e1s se pregunte por qu\u00e9 necesitamos esto; despu\u00e9s de todo, su banco le permite realizar transacciones digitales a nivel local y en todo el mundo, mientras que las billeteras digitales como Skrill y PayPal le brindan la posibilidad de prescindir de los bancos para fines pr\u00e1cticamente [&hellip;]<\/p>\n","protected":false},"author":1,"featured_media":0,"parent":0,"menu_order":0,"comment_status":"closed","ping_status":"closed","template":"","meta":{"footnotes":""},"class_list":["post-683","page","type-page","status-publish","hentry"],"_links":{"self":[{"href":"https:\/\/www.ironwave-capital.com\/es\/wp-json\/wp\/v2\/pages\/683","targetHints":{"allow":["GET"]}}],"collection":[{"href":"https:\/\/www.ironwave-capital.com\/es\/wp-json\/wp\/v2\/pages"}],"about":[{"href":"https:\/\/www.ironwave-capital.com\/es\/wp-json\/wp\/v2\/types\/page"}],"author":[{"embeddable":true,"href":"https:\/\/www.ironwave-capital.com\/es\/wp-json\/wp\/v2\/users\/1"}],"replies":[{"embeddable":true,"href":"https:\/\/www.ironwave-capital.com\/es\/wp-json\/wp\/v2\/comments?post=683"}],"version-history":[{"count":1,"href":"https:\/\/www.ironwave-capital.com\/es\/wp-json\/wp\/v2\/pages\/683\/revisions"}],"predecessor-version":[{"id":684,"href":"https:\/\/www.ironwave-capital.com\/es\/wp-json\/wp\/v2\/pages\/683\/revisions\/684"}],"wp:attachment":[{"href":"https:\/\/www.ironwave-capital.com\/es\/wp-json\/wp\/v2\/media?parent=683"}],"curies":[{"name":"wp","href":"https:\/\/api.w.org\/{rel}","templated":true}]}}