{"id":679,"date":"2024-08-13T12:16:03","date_gmt":"2024-08-13T12:16:03","guid":{"rendered":"https:\/\/www.ironwavecapital.com\/energies\/"},"modified":"2024-08-19T10:46:09","modified_gmt":"2024-08-19T10:46:09","slug":"energies","status":"publish","type":"page","link":"https:\/\/www.ironwave-capital.com\/es\/energies\/","title":{"rendered":"Energies"},"content":{"rendered":"<section class=\"py-5 content-iron\">\n<div class=\"container\">\n<p class=\"gray-text\"><strong><font style=\"vertical-align: inherit;\"><font style=\"vertical-align: inherit;\"><font style=\"vertical-align: inherit;\"><font style=\"vertical-align: inherit;\">energias<\/font><\/font><\/font><\/font><\/strong><\/p>\n<p class=\"gray-text\"><font style=\"vertical-align: inherit;\"><font style=\"vertical-align: inherit;\"><font style=\"vertical-align: inherit;\"><font style=\"vertical-align: inherit;\">Muchos de ustedes viajan a IronWave Capital como comerciantes de Forex, pero deben saber que tambi\u00e9n existen muchas oportunidades potenciadas en el comercio de energ\u00eda. Los mercados de energ\u00eda son algunos de los mercados m\u00e1s interesantes y excitantes que existen. El comercio de energ\u00eda implica la compra y venta de productos b\u00e1sicos como petr\u00f3leo bruto, gas natural, petr\u00f3leo para agua y gasolina. Dado que los precios de estos mercados pueden fluctuar fuertemente, son muy atractivos para comerciantes y especuladores que buscan buenos mercados para negociar.<\/font><\/font><\/font><\/font><\/p>\n<p class=\"gray-text\"><font style=\"vertical-align: inherit;\"><font style=\"vertical-align: inherit;\"><font style=\"vertical-align: inherit;\"><font style=\"vertical-align: inherit;\">Acreditamos que fazer mais sentido negociar nos maiores e mais mercados l\u00edquidos de energ\u00eda. Estos incluyen petr\u00f3leo bruto West Texas Intermediate, petr\u00f3leo bruto Brent, gasolina y gas natural. Productos como \u00f3leo para agua y diversas formas de electricidad no son l\u00edquidos, pueden ser bastante err\u00e1ticos y requieren conhecimento especializado. Fique com os mercados l\u00edquidos y negocie productos energ\u00e9ticos populares.<\/font><\/font><\/font><\/font><\/p>\n<p class=\"gray-text\"><strong><font style=\"vertical-align: inherit;\"><font style=\"vertical-align: inherit;\"><font style=\"vertical-align: inherit;\"><font style=\"vertical-align: inherit;\">Contratos de energ\u00eda populares<\/font><\/font><\/font><\/font><\/strong><\/p>\n<p class=\"gray-text\"><font style=\"vertical-align: inherit;\"><font style=\"vertical-align: inherit;\"><font style=\"vertical-align: inherit;\"><font style=\"vertical-align: inherit;\">Los contratos de energ\u00eda m\u00e1s populares para comerciantes son los siguientes:<\/font><\/font><\/font><\/font><\/p>\n<ul>\n<li><font style=\"vertical-align: inherit;\"><font style=\"vertical-align: inherit;\"><font style=\"vertical-align: inherit;\"><font style=\"vertical-align: inherit;\">Petr\u00f3leo bruto West Texas Intermediate (WTI)<\/font><\/font><\/font><\/font><\/li>\n<li><font style=\"vertical-align: inherit;\"><font style=\"vertical-align: inherit;\"><font style=\"vertical-align: inherit;\"><font style=\"vertical-align: inherit;\">Petr\u00f3leo Bruto Brent<\/font><\/font><\/font><\/font><\/li>\n<li><font style=\"vertical-align: inherit;\"><font style=\"vertical-align: inherit;\"><font style=\"vertical-align: inherit;\"><font style=\"vertical-align: inherit;\">gasolina<\/font><\/font><\/font><\/font><\/li>\n<li><font style=\"vertical-align: inherit;\"><font style=\"vertical-align: inherit;\"><font style=\"vertical-align: inherit;\"><font style=\"vertical-align: inherit;\">gas natural<\/font><\/font><\/font><\/font><\/li>\n<\/ul>\n<p class=\"gray-text\"><font style=\"vertical-align: inherit;\"><font style=\"vertical-align: inherit;\"><font style=\"vertical-align: inherit;\"><font style=\"vertical-align: inherit;\">Tal como acontece con la mayor\u00eda de los traders de Forex, usted tiene experiencia en obtener movimientos de precios con base en datos econ\u00f3micos, y su energ\u00eda tambi\u00e9n puede ser examinada por su forma. Un ejemplo es la sazonalidad de dos mercados de energ\u00eda. A medida que o Ver\u00e3o se aproxima a nos EUA, vemos frecuentemente os pre\u00e7os da gasolina a subir porque o Ver\u00e3o significa f\u00e9rias e mais condu\u00e7\u00e3o. O inverno tamb\u00e9m pode trazer sazonalidade, mas neste caso ao g\u00e1s natural. Como a metade norte dos EUA tem um invierno muito frio e utiliza una cantidad significativa de gas natural para aquecimento, os pre\u00e7os podem seguir os padr\u00f5es das temperaturas do inverno nos EUA.<\/font><\/font><\/font><\/font><\/p>\n<p class=\"gray-text\"><font style=\"vertical-align: inherit;\"><font style=\"vertical-align: inherit;\"><font style=\"vertical-align: inherit;\"><font style=\"vertical-align: inherit;\">Voc\u00ea tamb\u00e9m ver\u00e1 movimentos geopol\u00edticos no petr\u00f3leo bruto. Por ejemplo, las tensiones en el Medio Oriente pueden provocar una recuperaci\u00f3n del petr\u00f3leo. Cualquier conflicto o amenaza de perturbaci\u00f3n del abastecimiento estimular\u00e1 o aumentar\u00e1 dos precios. E uma vez resolvida a perturba\u00e7\u00e3o ou tens\u00e3o, os pre\u00e7os recuam.<\/font><\/font><\/font><\/font><\/p>\n<p class=\"gray-text\"><font style=\"vertical-align: inherit;\"><font style=\"vertical-align: inherit;\"><font style=\"vertical-align: inherit;\"><font style=\"vertical-align: inherit;\">Tambi\u00e9n vale la pena notar que los mercados de petr\u00f3leo bruto son notoriamente sensibles al valor del d\u00f3lar americano. Esto ocurre porque el petr\u00f3leo es cotado en d\u00f3lares americanos. As\u00ed, cuando el d\u00f3lar americano se fortalece, el petr\u00f3leo bruto es m\u00e1s caro para los pa\u00edses de la UE, que es necesario comprar d\u00f3lares a un taxa m\u00e1s elevado para poder adquirir su petr\u00f3leo. Isso pode causar uma quede nos pre\u00e7os do petr\u00f3leo. O inverso tambi\u00e9n es verdadeiro, onde os pre\u00e7os do petr\u00f3leo subir\u00e3o frecuentemente quando o d\u00f3lar americano estiver mais fraco.<\/font><\/font><\/font><\/font><\/p>\n<p class=\"gray-text\"><strong><font style=\"vertical-align: inherit;\"><font style=\"vertical-align: inherit;\"><font style=\"vertical-align: inherit;\"><font style=\"vertical-align: inherit;\">Ventajas de la negociaci\u00f3n de CFD de energ\u00eda en IronWave Capital<\/font><\/font><\/font><\/font><\/strong><\/p>\n<p class=\"gray-text\"><font style=\"vertical-align: inherit;\"><font style=\"vertical-align: inherit;\"><font style=\"vertical-align: inherit;\"><font style=\"vertical-align: inherit;\">Usted encontrar\u00e1 muchas maneras de invertir en los mercados de energ\u00eda, incluidas opciones, futuros, ETF y acciones relacionadas con la energ\u00eda. Voc\u00ea pode at\u00e9 comprar un barril de petr\u00f3leo de verdad, se prefiere. Cada m\u00e9todo presenta sus propios riesgos y puede variar desde una inversi\u00f3n directa en petr\u00f3leo hasta una estrategia de cobertura o una especulaci\u00f3n de precios.<\/font><\/font><\/font><\/font><\/p>\n<p class=\"gray-text\"><font style=\"vertical-align: inherit;\"><font style=\"vertical-align: inherit;\"><font style=\"vertical-align: inherit;\"><font style=\"vertical-align: inherit;\">Lo m\u00e1s importante es que si quiere especular sobre el petr\u00f3leo bruto, necesitar\u00e1 alg\u00fan tipo de cuenta de corretaje y aqu\u00ed IronWave Capital puede ayudar. Ofrecemos especulaciones sobre petr\u00f3leo bruto a trav\u00e9s de CFD, que muchos traders consideran conveniente usar.<\/font><\/font><\/font><\/font><\/p>\n<p class=\"gray-text\"><font style=\"vertical-align: inherit;\"><font style=\"vertical-align: inherit;\"><font style=\"vertical-align: inherit;\"><font style=\"vertical-align: inherit;\">Claro, podr\u00edas encontrar un corredor de futuros para negociar futuros de petr\u00f3leo bruto, pero tambi\u00e9n podr\u00eda ser una propuesta cara. Nos EUA, seria necesaria m\u00e1s de US$ 5.000 por contrato para cumplir los requisitos de margen de negociaci\u00f3n de futuros. Isso \u00e9 muito e, na realidade, voc\u00ea vai querer muito mais porque necesitar\u00e1s un buffer para evitar una chamada de margem se os pre\u00e7os inicialmente se moveem contra voc\u00ea.<\/font><\/font><\/font><\/font><\/p>\n<p class=\"gray-text\"><font style=\"vertical-align: inherit;\"><font style=\"vertical-align: inherit;\"><font style=\"vertical-align: inherit;\"><font style=\"vertical-align: inherit;\">Compare esto con la negociaci\u00f3n de CFD ofrecida en IronWave Capital, donde usted puede negociar en valores muy menores que el contrato futuro. Esto reducir\u00e1 significativamente los requisitos de margen y tambi\u00e9n dar\u00e1 un valor de tick menor en cada contrato, o que \u00e9 una ventaja para el vestidor medio que negocia petr\u00f3leo bruto.<\/font><\/font><\/font><\/font><\/p>\n<p class=\"gray-text\"><font style=\"vertical-align: inherit;\"><font style=\"vertical-align: inherit;\"><font style=\"vertical-align: inherit;\"><font style=\"vertical-align: inherit;\">Negociar CFD es una idea difamat\u00f3ria y, una vez que el valor de los CFD se mueve en sincron\u00eda con el mercado de futuros subyacente, una diferencia entre las dos cosas, adem\u00e1s de los requisitos de margen y del valor del tick, es b\u00e1sicamente insignificante ea negociaci\u00f3n de CFD No afectar\u00e1 el desempe\u00f1o cuando se compare con futuros.<\/font><\/font><\/font><\/font><\/p>\n<p class=\"gray-text\"><font style=\"vertical-align: inherit;\"><font style=\"vertical-align: inherit;\"><font style=\"vertical-align: inherit;\"><font style=\"vertical-align: inherit;\">IronWave Capital puede ayudarle con su educaci\u00f3n sobre los mercados del petr\u00f3leo y analizar las tendencias de precios y factores fundamentales. Abra una cuenta para experimentar la emoci\u00f3n de la negociaci\u00f3n de CFD de Energ\u00eda.<\/font><\/font><\/font><\/font><\/p>\n<\/p><\/div>\n<\/section>\n","protected":false},"excerpt":{"rendered":"<p>energias Muchos de ustedes viajan a IronWave Capital como comerciantes de Forex, pero deben saber que tambi\u00e9n existen muchas oportunidades potenciadas en el comercio de energ\u00eda. Los mercados de energ\u00eda son algunos de los mercados m\u00e1s interesantes y excitantes que existen. El comercio de energ\u00eda implica la compra y venta de productos b\u00e1sicos como petr\u00f3leo [&hellip;]<\/p>\n","protected":false},"author":1,"featured_media":0,"parent":0,"menu_order":0,"comment_status":"closed","ping_status":"closed","template":"","meta":{"footnotes":""},"class_list":["post-679","page","type-page","status-publish","hentry"],"_links":{"self":[{"href":"https:\/\/www.ironwave-capital.com\/es\/wp-json\/wp\/v2\/pages\/679","targetHints":{"allow":["GET"]}}],"collection":[{"href":"https:\/\/www.ironwave-capital.com\/es\/wp-json\/wp\/v2\/pages"}],"about":[{"href":"https:\/\/www.ironwave-capital.com\/es\/wp-json\/wp\/v2\/types\/page"}],"author":[{"embeddable":true,"href":"https:\/\/www.ironwave-capital.com\/es\/wp-json\/wp\/v2\/users\/1"}],"replies":[{"embeddable":true,"href":"https:\/\/www.ironwave-capital.com\/es\/wp-json\/wp\/v2\/comments?post=679"}],"version-history":[{"count":1,"href":"https:\/\/www.ironwave-capital.com\/es\/wp-json\/wp\/v2\/pages\/679\/revisions"}],"predecessor-version":[{"id":681,"href":"https:\/\/www.ironwave-capital.com\/es\/wp-json\/wp\/v2\/pages\/679\/revisions\/681"}],"wp:attachment":[{"href":"https:\/\/www.ironwave-capital.com\/es\/wp-json\/wp\/v2\/media?parent=679"}],"curies":[{"name":"wp","href":"https:\/\/api.w.org\/{rel}","templated":true}]}}