{"id":675,"date":"2024-08-13T12:23:43","date_gmt":"2024-08-13T12:23:43","guid":{"rendered":"https:\/\/www.ironwavecapital.com\/indices\/"},"modified":"2024-08-19T10:39:55","modified_gmt":"2024-08-19T10:39:55","slug":"indices","status":"publish","type":"page","link":"https:\/\/www.ironwave-capital.com\/es\/indices\/","title":{"rendered":"Indices"},"content":{"rendered":"<section class=\"py-5 content-iron\">\n<div class=\"container\">\n<p class=\"gray-text\"><strong><font style=\"vertical-align: inherit;\"><font style=\"vertical-align: inherit;\">\u00cdndices<\/font><\/font><\/strong><\/p>\n<p class=\"gray-text\"><font style=\"vertical-align: inherit;\"><font style=\"vertical-align: inherit;\">Un \u00edndice (plural: \u00edndices) es un sistema de evaluaci\u00f3n comparativa que se utiliza para medir las tendencias en el mercado de valores. Cada \u00edndice agrupa muchas (hasta cientos de) acciones que comparten ciertas caracter\u00edsticas comunes. Algunas de las caracter\u00edsticas comunes utilizadas para agrupar empresas en un \u00edndice particular son:<\/font><\/font><\/p>\n<ul>\n<li><font style=\"vertical-align: inherit;\"><font style=\"vertical-align: inherit;\">Campo de negocio, por ejemplo, agricultura o tecnolog\u00eda.<\/font><\/font><\/li>\n<li><font style=\"vertical-align: inherit;\"><font style=\"vertical-align: inherit;\">Ubicaci\u00f3n geogr\u00e1fica<\/font><\/font><\/li>\n<li><font style=\"vertical-align: inherit;\"><font style=\"vertical-align: inherit;\">Actividad reciente<\/font><\/font><\/li>\n<\/ul>\n<p class=\"gray-text\"><font style=\"vertical-align: inherit;\"><font style=\"vertical-align: inherit;\">Por lo tanto, el valor de ese \u00edndice se utiliza para transmitir la mejor aproximaci\u00f3n en ese campo comercial en particular. Los principales \u00edndices nacionales son un bar\u00f3metro del sentimiento general del mercado.<\/font><\/font><\/p>\n<p class=\"gray-text\"><font style=\"vertical-align: inherit;\"><font style=\"vertical-align: inherit;\">Tambi\u00e9n ver\u00e1 movimientos geopol\u00edticos en el petr\u00f3leo crudo. Por ejemplo, las tensiones en Medio Oriente pueden provocar un repunte del crudo. Cualquier conflicto o amenaza de interrumpir el suministro provocar\u00e1 un aumento de los precios. Y una vez resuelta la perturbaci\u00f3n o la tensi\u00f3n, los precios retroceden.<\/font><\/font><\/p>\n<p class=\"gray-text\"><strong><font style=\"vertical-align: inherit;\"><font style=\"vertical-align: inherit;\">\u00bfQu\u00e9 son los \u00edndices en el trading?<\/font><\/font><\/strong><\/p>\n<p class=\"gray-text\"><font style=\"vertical-align: inherit;\"><font style=\"vertical-align: inherit;\">Entre los \u00edndices m\u00e1s importantes del comercio mundial podemos encontrar:<\/font><\/font><\/p>\n<li><font style=\"vertical-align: inherit;\"><font style=\"vertical-align: inherit;\">Dow Jones Industrial Average (The Dow): 30 grandes empresas que cotizan en EE. UU.<\/font><\/font><\/li>\n<li><font style=\"vertical-align: inherit;\"><font style=\"vertical-align: inherit;\">\u00cdndice S&amp;P 500 (S&amp;P): 500 grandes empresas que cotizan en EE. UU.<\/font><\/font><\/li>\n<li><font style=\"vertical-align: inherit;\"><font style=\"vertical-align: inherit;\">Nasdaq Stock Market (Nasdaq): el segundo mercado de valores m\u00e1s grande de EE. UU. despu\u00e9s del NYSE<\/font><\/font><\/li>\n<li><font style=\"vertical-align: inherit;\"><font style=\"vertical-align: inherit;\">\u00cdndice FTSE 100 (FTSE\/Footsie): 100 grandes empresas que cotizan en la Bolsa de Valores de Londres<\/font><\/font><\/li>\n<li><font style=\"vertical-align: inherit;\"><font style=\"vertical-align: inherit;\">Nikkei 225 (El Nikkei): 225 grandes empresas de propiedad p\u00fablica en la Bolsa de Valores de Tokio<\/font><\/font><\/li>\n<li><font style=\"vertical-align: inherit;\"><font style=\"vertical-align: inherit;\">DAX \u2013 30 grandes empresas alemanas de primera l\u00ednea en la Bolsa de Frankfurt<\/font><\/font><\/li>\n<li><font style=\"vertical-align: inherit;\"><font style=\"vertical-align: inherit;\">CAC 40: las 40 empresas m\u00e1s importantes de Euronext Par\u00eds, la segunda bolsa m\u00e1s grande de Europa<\/font><\/font><\/li>\n<li><font style=\"vertical-align: inherit;\"><font style=\"vertical-align: inherit;\">S&amp;P\/ASX 200 (ASX200): 200 empresas que cotizan en la Bolsa de Valores de Australia<\/font><\/font><\/li>\n<p class=\"gray-text\"><font style=\"vertical-align: inherit;\"><font style=\"vertical-align: inherit;\">Si bien el n\u00famero de empresas incluidas en un \u00edndice rara vez cambia, las empresas del \u00edndice se revisan, generalmente una vez al a\u00f1o. Las empresas de un \u00edndice que no cumplan los criterios, as\u00ed como las empresas que no est\u00e9n en la lista, podr\u00e1n ser sustituidas por estos.<\/font><\/font><\/p>\n<p class=\"gray-text\"><font style=\"vertical-align: inherit;\"><font style=\"vertical-align: inherit;\">Los valores de los \u00edndices comerciales no se calculan simplemente como un valor promedio de las acciones que contienen. En cambio, se utiliza un sistema ponderado para representar la salud de los campos que representan con mayor precisi\u00f3n. Adem\u00e1s, la misma acci\u00f3n puede incluirse en m\u00faltiples \u00edndices comerciales si cumple con los criterios pertinentes.<\/font><\/font><\/p>\n<p class=\"gray-text\"><font style=\"vertical-align: inherit;\"><font style=\"vertical-align: inherit;\">La negociaci\u00f3n de \u00edndices es popular entre los nuevos inversores y los operadores experimentados, porque les permite seguir se\u00f1ales de la econom\u00eda o de una industria en particular. Por otro lado, negociar acciones espec\u00edficas requiere una comprensi\u00f3n m\u00e1s profunda de la din\u00e1mica interna y externa de la empresa.<\/font><\/font><\/p>\n<p class=\"gray-text\"><font style=\"vertical-align: inherit;\"><font style=\"vertical-align: inherit;\">Otra ventaja es que la valoraci\u00f3n inherente de base amplia est\u00e1 protegida contra ca\u00eddas bruscas en el valor de cualquier acci\u00f3n individual. Esto hace que la negociaci\u00f3n de \u00edndices sea una inversi\u00f3n m\u00e1s segura en comparaci\u00f3n con la negociaci\u00f3n de empresas cotizadas espec\u00edficas.<\/font><\/font><\/p>\n<p class=\"gray-text\"><font style=\"vertical-align: inherit;\"><font style=\"vertical-align: inherit;\">Aprender a operar con \u00edndices no es dif\u00edcil, pero conocer cu\u00e1les son los mejores \u00edndices para operar puede serlo. Para comenzar, necesita una plataforma confiable y con experiencia como IronWave Capital.<\/font><\/font><\/p>\n<p class=\"gray-text\"><strong><font style=\"vertical-align: inherit;\"><font style=\"vertical-align: inherit;\">\u00bfC\u00f3mo operar con CFD sobre \u00edndices?<\/font><\/font><\/strong><\/p>\n<p class=\"gray-text\"><font style=\"vertical-align: inherit;\"><font style=\"vertical-align: inherit;\">El valor de las acciones en cualquier bolsa fluct\u00faa durante el horario de negociaci\u00f3n. En consecuencia, el valor de los \u00edndices comerciales en los que se incluyen esas acciones tambi\u00e9n fluct\u00faa. El valor del \u00edndice debe superar el valor al que inici\u00f3 la operaci\u00f3n para que pueda obtener ganancias de su inversi\u00f3n.<\/font><\/font><\/p>\n<p class=\"gray-text\"><font style=\"vertical-align: inherit;\"><font style=\"vertical-align: inherit;\">El \u00e9xito en la negociaci\u00f3n de \u00edndices depende de al menos un conocimiento b\u00e1sico de c\u00f3mo le va a la econom\u00eda en general y al \u00edndice en particular. Un CFD (Contrato por Diferencias) es quiz\u00e1s la forma m\u00e1s sencilla de ingresar al mercado de negociaci\u00f3n de \u00edndices.<\/font><\/font><\/p>\n<p class=\"gray-text\"><font style=\"vertical-align: inherit;\"><font style=\"vertical-align: inherit;\">Un CFD es un acuerdo entre dos partes para liquidar la diferencia entre el valor de apertura y el valor de cierre de una operaci\u00f3n en efectivo. Los CFD sobre \u00edndices no requieren intercambio f\u00edsico de bienes o valores y se basan completamente en el movimiento del \u00edndice.<\/font><\/font><\/p>\n<p class=\"gray-text\"><font style=\"vertical-align: inherit;\"><font style=\"vertical-align: inherit;\">Por ejemplo, se puede esperar que un \u00edndice de acciones tecnol\u00f3gicas aumente tras el lanzamiento de tecnolog\u00eda de vanguardia que promete cambiar las reglas del juego. En este caso, ingresar temprano al mercado de CFD para \u00edndices tecnol\u00f3gicos puede generar grandes dividendos incluso en el corto plazo.<\/font><\/font><\/p>\n<p class=\"gray-text\"><font style=\"vertical-align: inherit;\"><font style=\"vertical-align: inherit;\">En una base m\u00e1s amplia, el NASDAQ y el Dow se encuentran en niveles r\u00e9cord o casi r\u00e9cord porque la actual econom\u00eda estadounidense (diciembre de 2019) est\u00e1 generando empleos y reduciendo el desempleo a tasas r\u00e9cord. Un CFD centrado en estos \u00edndices estadounidenses tambi\u00e9n puede ser una buena inversi\u00f3n en el entorno actual.<\/font><\/font><\/p>\n<p class=\"gray-text\"><strong><font style=\"vertical-align: inherit;\"><font style=\"vertical-align: inherit;\">Ventajas de operar con \u00edndices en IronWave Capital<\/font><\/font><\/strong><\/p>\n<p class=\"gray-text\"><font style=\"vertical-align: inherit;\"><font style=\"vertical-align: inherit;\">Cualquier inversi\u00f3n de su efectivo y recursos debe realizarse despu\u00e9s de una deliberaci\u00f3n adecuada e incluso entonces, s\u00f3lo con un socio comercial confiable como IronWave Capital.<\/font><\/font><\/p>\n<p class=\"gray-text\"><font style=\"vertical-align: inherit;\"><font style=\"vertical-align: inherit;\">IronWave Capital le ofrece la opci\u00f3n de operar con \u00edndices de todos los \u00e1mbitos y de todo el mundo. Le ofrecemos una tripleta de confiabilidad con actualizaciones instant\u00e1neas de los mercados mundiales a su alcance, consejos comerciales exclusivos y una plataforma segura.<\/font><\/font><\/p>\n<p class=\"gray-text\"><font style=\"vertical-align: inherit;\"><font style=\"vertical-align: inherit;\">Opere con \u00edndices las 24 horas del d\u00eda, los 5 d\u00edas de la semana, siempre que haya un mercado abierto en cualquier parte del mundo. Nuestras opciones de CFD le permiten realizar una inversi\u00f3n y luego sentarse a medida que madura sin la necesidad de un seguimiento constante. Utilice nuestra amplia gama de herramientas comerciales para mantenerse a la vanguardia y tomar la decisi\u00f3n correcta en el momento adecuado.<\/font><\/font><\/p>\n<p class=\"gray-text\"><font style=\"vertical-align: inherit;\"><font style=\"vertical-align: inherit;\">Con IronWave Capital a su lado, el mercado est\u00e1 a sus pies.<\/font><\/font><\/p>\n<\/p><\/div>\n<\/section>\n","protected":false},"excerpt":{"rendered":"<p>\u00cdndices Un \u00edndice (plural: \u00edndices) es un sistema de evaluaci\u00f3n comparativa que se utiliza para medir las tendencias en el mercado de valores. Cada \u00edndice agrupa muchas (hasta cientos de) acciones que comparten ciertas caracter\u00edsticas comunes. Algunas de las caracter\u00edsticas comunes utilizadas para agrupar empresas en un \u00edndice particular son: Campo de negocio, por ejemplo, [&hellip;]<\/p>\n","protected":false},"author":1,"featured_media":0,"parent":0,"menu_order":0,"comment_status":"closed","ping_status":"closed","template":"","meta":{"footnotes":""},"class_list":["post-675","page","type-page","status-publish","hentry"],"_links":{"self":[{"href":"https:\/\/www.ironwave-capital.com\/es\/wp-json\/wp\/v2\/pages\/675","targetHints":{"allow":["GET"]}}],"collection":[{"href":"https:\/\/www.ironwave-capital.com\/es\/wp-json\/wp\/v2\/pages"}],"about":[{"href":"https:\/\/www.ironwave-capital.com\/es\/wp-json\/wp\/v2\/types\/page"}],"author":[{"embeddable":true,"href":"https:\/\/www.ironwave-capital.com\/es\/wp-json\/wp\/v2\/users\/1"}],"replies":[{"embeddable":true,"href":"https:\/\/www.ironwave-capital.com\/es\/wp-json\/wp\/v2\/comments?post=675"}],"version-history":[{"count":1,"href":"https:\/\/www.ironwave-capital.com\/es\/wp-json\/wp\/v2\/pages\/675\/revisions"}],"predecessor-version":[{"id":676,"href":"https:\/\/www.ironwave-capital.com\/es\/wp-json\/wp\/v2\/pages\/675\/revisions\/676"}],"wp:attachment":[{"href":"https:\/\/www.ironwave-capital.com\/es\/wp-json\/wp\/v2\/media?parent=675"}],"curies":[{"name":"wp","href":"https:\/\/api.w.org\/{rel}","templated":true}]}}